{"id":12,"date":"2010-03-11T22:31:48","date_gmt":"2010-03-11T22:31:48","guid":{"rendered":"http:\/\/www.obecklenova.sk\/?page_id=12"},"modified":"2023-03-01T11:04:28","modified_gmt":"2023-03-01T11:04:28","slug":"obecna-samosprava","status":"publish","type":"page","link":"http:\/\/www.obecklenova.sk\/?page_id=12","title":{"rendered":"Obecn\u00e1 samospr\u00e1va"},"content":{"rendered":"<p><strong>Za poslancov obecn\u00e9ho zastupite\u013estva vo vo\u013eb\u00e1ch do org\u00e1nov samospr\u00e1vy obci d\u0148a 29.10.2022 v Klenovej boli zvolen\u00ed t\u00edto poslanci:<\/strong><\/p>\n<p>1.\u00a0 Pavol Ihnatko, po\u010det\u00a0 platn\u00fdch hlasov\u00a0 122, kandid\u00e1t Hlas &#8211; soci\u00e1lna demokracia, SME rodina<\/p>\n<p>2. Erik Gezani\u010d, po\u010det \u00a0platn\u00fdch hlasov\u00a0 118, kandid\u00e1t Hlas &#8211; soci\u00e1lna demokracia, SME rodina<br \/>\n3. Ing. Ivo Vasko, po\u010det \u00a0platn\u00fdch hlasov 115, kandid\u00e1t\u00a0 SMER \u2013 soci\u00e1lna demokracia<br \/>\n4.\u00a0 Ing. Jana Kobanov\u00e1, po\u010det\u00a0 platn\u00fdch hlasov\u00a0 110, Hlas &#8211; soci\u00e1lna demokracia, SME rodina<br \/>\n5.\u00a0 Michal Muzika, po\u010det platn\u00fdch hlasov 99, kandid\u00e1t SMER \u2013 soci\u00e1lna demokracia<br \/>\n6.\u00a0 Michal Moroz, po\u010det platn\u00fdch hlasov\u00a0 92, kandid\u00e1t Hlas &#8211; soci\u00e1lna demokracia, SME rodina<\/p>\n<p>7.\u00a0 Ji\u0159i Ocetn\u00edk,\u00a0 po\u010det platn\u00fdch hlasov 84, kandid\u00e1t Hlas &#8211; soci\u00e1lna demokracia, SME rodina<\/p>\n<p><strong>Komisie<\/strong><\/p>\n<p>a.\/ Finan\u010dn\u00e1 komisia<br \/>\nb.\/ Komisia na ochranu verejn\u00e9ho poriadku<br \/>\nc.\/ Komisia pre \u0161kolstvo, ml\u00e1de\u017e, kult\u00faru a telesn\u00fa v\u00fdchovu,<br \/>\nd.\/ Soci\u00e1lna komisia<\/p>\n<p>e.\/ Bytov\u00e1 komisia<\/p>\n<p>f.\/ Osobitn\u00e1 komisia na ochranu verejn\u00e9ho z\u00e1ujmu pri v\u00fdkone funkcie verejn\u00fdch funkcion\u00e1rov obce v s\u00falade s \u00fastavn\u00fdm z\u00e1konom 357\/2004 Z.z. :<\/p>\n<p><strong>a.\/\u00a0 \u010clenovia finan\u010dnej komisie v zlo\u017een\u00ed:<\/strong><br \/>\n<strong>Predseda: Erik Gezani\u010d<\/strong><br \/>\n<strong>\u010clen:\u00a0 \u00a0 \u00a0 \u00a0 Jana Kobanov\u00e1, Michal Moroz, Ing. Ivo Vasko, Ji\u0159i Ocetn\u00edk\u00a0 \u00a0 \u00a0<\/strong><\/p>\n<p><strong>b.\/\u00a0 \u010clenovia\u00a0 komisie na ochranu verejn\u00e9ho poriadku v tomto zlo\u017een\u00ed:<\/strong><br \/>\n<strong>Predseda: Ji\u0159i Ocetn\u00edk<\/strong><br \/>\n<strong>\u010clen:\u00a0 \u00a0 \u00a0 \u00a0 \u00a0Erik Gezani\u010d, Ing. Jana Kobanov\u00e1, Ing. Ivo Vasko, Michal Muzika\u00a0 \u00a0 \u00a0 \u00a0 \u00a0<\/strong><\/p>\n<p><strong>c.\/ \u010clenovia komisie pre \u0161kolstvo, ml\u00e1de\u017e, kult\u00faru a telesn\u00fa v\u00fdchovu,<\/strong><br \/>\n<strong>Predseda: Ing. Jana Kobanov\u00e1<\/strong><\/p>\n<p><strong>\u010clen:\u00a0 \u00a0 \u00a0 \u00a0 \u00a0Erik Gezani\u010d, Pavol Ihnatko, Michal Muzika, Ing. Ivo Vasko\u00a0 \u00a0 \u00a0 \u00a0 \u00a0<\/strong><\/p>\n<p><strong>d.\/\u00a0 \u010clenovia soci\u00e1lnej komisie, bytovej komisie v tomto zlo\u017een\u00ed:<\/strong><br \/>\n<strong>Predseda: Michal Moroz<\/strong><br \/>\n<strong>\u010clen:\u00a0 \u00a0 \u00a0 \u00a0 \u00a0Michal Muzika, Ji\u0159i Ocetn\u00edk, Ing. Jana Kobanov\u00e1, Erik Gezani\u010d<\/strong><\/p>\n<p>f.\/<strong>Osobitn\u00e1 komisia na ochranu verejn\u00e9ho z\u00e1ujmu pri v\u00fdkone funkcie verejn\u00fdch funkcion\u00e1rov obce v s\u00falade s \u00fastavn\u00fdm z\u00e1konom 357\/2004 Z.z. :<\/strong><\/p>\n<p>Predseda: Ing. Ivo Vasko<\/p>\n<p>\u010dlen:\u00a0 \u00a0 \u00a0 \u00a0 \u00a0Michal Moroz, Pavol Ihnatko<\/p>\n<p><strong>ROZDELENIE POSLANECK\u00ddCH OBVODOV:<\/strong><\/p>\n<p><a href=\"http:\/\/www.obecklenova.sk\/wp-content\/uploads\/2023\/03\/Rozdelenie-poslaneckych-obvodov-2022.pdf\">Rozdelenie<\/a><\/p>\n<div id=\"_mcePaste\" style=\"left: -10000px; overflow: hidden; width: 1px; position: absolute; top: 0px; height: 1px;\">\n<p><!-- [if gte mso 10]> <mce:style><! \/* Style Definitions *\/ table.MsoNormalTable {mso-style-name:\"Norm\u00e1lna tabu\u013eka\"; mso-tstyle-rowband-size:0; mso-tstyle-colband-size:0; mso-style-noshow:yes; mso-style-priority:99; mso-style-qformat:yes; mso-style-parent:\"\"; mso-padding-alt:0cm 5.4pt 0cm 5.4pt; mso-para-margin:0cm; mso-para-margin-bottom:.0001pt; mso-pagination:widow-orphan; font-size:11.0pt; font-family:\"Calibri\",\"sans-serif\"; mso-ascii-font-family:Calibri; mso-ascii-theme-font:minor-latin; mso-fareast-font-family:\"Times New Roman\"; mso-fareast-theme-font:minor-fareast; mso-hansi-font-family:Calibri; mso-hansi-theme-font:minor-latin; mso-bidi-font-family:\"Times New Roman\"; mso-bidi-theme-font:minor-bidi;} > <! [endif] >\n\n\n<p class=\"MsoNormal\"><strong><span lang=\"SK\">Za poslancov obecn\u00e9ho zastupite\u013estva v\u00a0Klenovej boli zvolen\u00ed t\u00edto poslanci:<\/span><\/strong><\/p>\n\n\n\n<\/d--><\/p>\n<\/div>\n","protected":false},"excerpt":{"rendered":"<p>Za poslancov obecn\u00e9ho zastupite\u013estva vo vo\u013eb\u00e1ch do org\u00e1nov samospr\u00e1vy obci d\u0148a 29.10.2022 v Klenovej boli zvolen\u00ed t\u00edto poslanci: 1.\u00a0 Pavol Ihnatko, po\u010det\u00a0 platn\u00fdch hlasov\u00a0 122, kandid\u00e1t Hlas &#8211; soci\u00e1lna demokracia, SME rodina 2. Erik Gezani\u010d, po\u010det \u00a0platn\u00fdch hlasov\u00a0 118, kandid\u00e1t Hlas &#8211; soci\u00e1lna demokracia, SME rodina 3. Ing. Ivo Vasko, po\u010det \u00a0platn\u00fdch hlasov 115, kandid\u00e1t\u00a0 [&hellip;]<\/p>\n","protected":false},"author":1,"featured_media":0,"parent":26,"menu_order":40,"comment_status":"open","ping_status":"open","template":"","meta":{"footnotes":""},"class_list":["post-12","page","type-page","status-publish","hentry"],"_links":{"self":[{"href":"http:\/\/www.obecklenova.sk\/index.php?rest_route=\/wp\/v2\/pages\/12","targetHints":{"allow":["GET"]}}],"collection":[{"href":"http:\/\/www.obecklenova.sk\/index.php?rest_route=\/wp\/v2\/pages"}],"about":[{"href":"http:\/\/www.obecklenova.sk\/index.php?rest_route=\/wp\/v2\/types\/page"}],"author":[{"embeddable":true,"href":"http:\/\/www.obecklenova.sk\/index.php?rest_route=\/wp\/v2\/users\/1"}],"replies":[{"embeddable":true,"href":"http:\/\/www.obecklenova.sk\/index.php?rest_route=%2Fwp%2Fv2%2Fcomments&post=12"}],"version-history":[{"count":29,"href":"http:\/\/www.obecklenova.sk\/index.php?rest_route=\/wp\/v2\/pages\/12\/revisions"}],"predecessor-version":[{"id":7109,"href":"http:\/\/www.obecklenova.sk\/index.php?rest_route=\/wp\/v2\/pages\/12\/revisions\/7109"}],"up":[{"embeddable":true,"href":"http:\/\/www.obecklenova.sk\/index.php?rest_route=\/wp\/v2\/pages\/26"}],"wp:attachment":[{"href":"http:\/\/www.obecklenova.sk\/index.php?rest_route=%2Fwp%2Fv2%2Fmedia&parent=12"}],"curies":[{"name":"wp","href":"https:\/\/api.w.org\/{rel}","templated":true}]}}