{"id":16,"date":"2010-03-11T22:32:14","date_gmt":"2010-03-11T22:32:14","guid":{"rendered":"http:\/\/www.obecklenova.sk\/?page_id=16"},"modified":"2018-12-07T13:26:10","modified_gmt":"2018-12-07T13:26:10","slug":"sucasnost","status":"publish","type":"page","link":"http:\/\/www.obecklenova.sk\/?page_id=16","title":{"rendered":"S\u00fa\u010dasnos\u0165"},"content":{"rendered":"<p><!--more-->V s\u00fa\u010dasnosti v obci \u017eije 506 obyvate\u013eov, ktor\u00ed maj\u00fa k dispoz\u00edci\u00ed k\u00e1blovu telev\u00edziu zatia\u013e so 12-t\u00edmi programami k\u00a0Viano\u010dn\u00fdm sviatkom pripravujeme roz\u0161\u00edrenie po\u010dtu prij\u00edman\u00fdch programov na 12.\u00a0r\u00fdchlostn\u00fd mikrovln\u00fd internet,\u00a0Obecn\u00fd \u00farad, Kult\u00farny dom, po\u0161tu, Z\u00e1kladn\u00fa \u0161kolu s materskou \u0161kolou\u00a0 v z\u00e1kladnej \u0161kole s\u00fa ro\u010dn\u00edky 1-9 sme \u0161kolsk\u00fdm obvodom pre obec Kaln\u00e1 Roztoka a Rusk\u00e1 Volova. Pri Materskej \u0161kole je zriaden\u00e1 aj \u0160J v ktorej denn\u00e9 var\u00edme 70 hlavn\u00fdch jed\u00e1l a kde okrem \u017eiakov sa stravuje aj ur\u010dit\u00fd po\u010det d\u00f4chodcov obce a pri Z\u00e1kladnej \u0161kole a \u0160kolsk\u00fd klub ml\u00e1de\u017ee. Obec hra s\u00fa\u0165a\u017ene futbal aj ke\u010f zatia\u013e najni\u017e\u0161iu triedu. V z\u00e1kladnej \u0161kole sa \u017eiaci zap\u00e1jaj\u00fa do stolnotenisovej s\u00fa\u0165a\u017ee .<\/p>\n<p>Obec po\u010das tohto roku pln\u00ed \u00falohy volebn\u00e9ho programu tak ako si to vo volebnom programe predsavzala a plnenie \u00faloh je v \u010dasti \u00faradn\u00e9 dokumenty.Tie\u017e obec m\u00e1 spracovan\u00fd \u00fazemn\u00fd pl\u00e1n ktor\u00fd bude potrebne, taktie\u017e da\u0165 na stranku obce, taktie\u017e bude potrebn\u00e9 umiestni\u0165 na stranku obce virtu\u00e1ln\u00fd cintor\u00edn s pasportiz\u00e1ciou hrobov\u00fdch miest, ktor\u00fa ob\u010dania aj teraz m\u00f4\u017eu nav\u0161t\u00edvi\u0165 na stranke <a href=\"http:\/\/www.onlinecintorin.sk\/\">www.onlinecintorin.sk<\/a> ako nav\u0161tevn\u00edci.V obci sa tie\u017e nach\u00e1dza predaj\u0148a potravin COOP Jednoty a s\u00fakromn\u00e9 pohostinstvo. Skladba obyvate\u013eov je n\u00e1sledovn\u00e1:<\/p>\n<p><strong>PRILOHA<\/strong><\/p>\n<p><strong>Datab\u00e1za obyvate\u013eov obce Klenov\u00e1 pod\u013ea zatriedenie do soci\u00e1lnych skup\u00edn<\/strong><\/p>\n<table border=\"0\" cellspacing=\"0\" cellpadding=\"0\">\n<tbody>\n<tr>\n<td valign=\"top\" width=\"313\"><strong>N\u00e1zov obce<\/strong><\/td>\n<td valign=\"top\" width=\"176\"><strong>Klenov\u00e1<\/strong><\/td>\n<\/tr>\n<tr>\n<td valign=\"top\" width=\"313\">Okres<\/td>\n<td valign=\"top\" width=\"176\"><strong>Snina<\/strong><\/td>\n<\/tr>\n<tr>\n<td valign=\"top\" width=\"313\">Kraj<\/td>\n<td valign=\"top\" width=\"176\">Pre\u0161ovsk\u00fd<\/td>\n<\/tr>\n<tr>\n<td valign=\"top\" width=\"313\">\n<h2>Z\u00e1kladn\u00e9 demografick\u00e9 \u00fadaje<\/h2>\n<\/td>\n<td valign=\"top\" width=\"176\"><\/td>\n<\/tr>\n<tr>\n<td valign=\"top\" width=\"313\">Po\u010det obyvate\u013eov<\/td>\n<td valign=\"top\" width=\"176\"><strong>530<\/strong><\/td>\n<\/tr>\n<tr>\n<td valign=\"top\" width=\"313\">Z toho R\u00f3mov<\/td>\n<td valign=\"top\" width=\"176\">117<\/td>\n<\/tr>\n<tr>\n<td valign=\"top\" width=\"313\">\n<h2>Vekov\u00e1 \u0161trukt\u00fara obyvate\u013eov<\/h2>\n<\/td>\n<td valign=\"top\" width=\"176\"><\/td>\n<\/tr>\n<tr>\n<td valign=\"top\" width=\"313\">Predprodukt\u00edvny vek do 18 rokov<\/td>\n<td valign=\"top\" width=\"176\">135<\/td>\n<\/tr>\n<tr>\n<td valign=\"top\" width=\"313\">Produkt\u00edvny vek od 19 do 60 rokov<\/td>\n<td valign=\"top\" width=\"176\">270<\/td>\n<\/tr>\n<tr>\n<td valign=\"top\" width=\"313\">Poprodukt\u00edvny vek nad 60 rokov<\/td>\n<td valign=\"top\" width=\"176\">125<\/td>\n<\/tr>\n<tr>\n<td valign=\"top\" width=\"313\">\n<h3>Celkov\u00fd po\u010det rod\u00edn<\/h3>\n<\/td>\n<td valign=\"top\" width=\"176\"><strong>\u00a0<\/strong><strong>194<\/strong><\/td>\n<\/tr>\n<tr>\n<td valign=\"top\" width=\"313\">Z toho s\u00a0nezaopatren\u00fdmi de\u0165mi<\/td>\n<td valign=\"top\" width=\"176\">57<\/td>\n<\/tr>\n<tr>\n<td valign=\"top\" width=\"313\">Po\u010det novorodencov za rok 2005<\/td>\n<td valign=\"top\" width=\"176\">4<\/td>\n<\/tr>\n<tr>\n<td valign=\"top\" width=\"313\">Po\u010det \u00famrt\u00ed za rok 2005<\/td>\n<td valign=\"top\" width=\"176\">10<\/td>\n<\/tr>\n<tr>\n<td valign=\"top\" width=\"313\">Po\u010det svadieb za rok 2005<\/td>\n<td valign=\"top\" width=\"176\">2<\/td>\n<\/tr>\n<tr>\n<td valign=\"top\" width=\"313\">Po\u010det rozvodov za rok 2005<\/td>\n<td valign=\"top\" width=\"176\">1<\/td>\n<\/tr>\n<tr>\n<td valign=\"top\" width=\"313\">Po\u010det ne\u00fapln\u00fdch rod\u00edn s \u010fe\u0165mi<\/td>\n<td valign=\"top\" width=\"176\">3<\/td>\n<\/tr>\n<tr>\n<td valign=\"top\" width=\"313\">Po\u010det nezamestnan\u00fdch ob\u010danov<\/td>\n<td valign=\"top\" width=\"176\">53<\/td>\n<\/tr>\n<tr>\n<td valign=\"top\" width=\"313\"><strong>\u0160trukt\u00fara obyvate\u013eov nad 65 rokov<\/strong><\/td>\n<td valign=\"top\" width=\"176\"><strong>115<\/strong><\/td>\n<\/tr>\n<tr>\n<td valign=\"top\" width=\"313\">65-69 rokov<\/td>\n<td valign=\"top\" width=\"176\">20<\/td>\n<\/tr>\n<tr>\n<td valign=\"top\" width=\"313\">70-74 rokov<\/td>\n<td valign=\"top\" width=\"176\">25<\/td>\n<\/tr>\n<tr>\n<td valign=\"top\" width=\"313\">75-79 rokov<\/td>\n<td valign=\"top\" width=\"176\">35<\/td>\n<\/tr>\n<tr>\n<td valign=\"top\" width=\"313\">80-84 rokov<\/td>\n<td valign=\"top\" width=\"176\">24<\/td>\n<\/tr>\n<tr>\n<td valign=\"top\" width=\"313\">85-90 rokov<\/td>\n<td valign=\"top\" width=\"176\">11<\/td>\n<\/tr>\n<tr>\n<td valign=\"top\" width=\"313\">90 a viac<\/td>\n<td valign=\"top\" width=\"176\">&#8211;<\/td>\n<\/tr>\n<tr>\n<td valign=\"top\" width=\"313\">Po\u010det dom\u00e1cnosti jednotlivcov osamelo \u017eij\u00facich nad 65 rokov<\/td>\n<td valign=\"top\" width=\"176\">20<\/td>\n<\/tr>\n<tr>\n<td valign=\"top\" width=\"313\"><strong>Po\u010det ob\u010danov s \u0164ZP <\/strong><\/td>\n<td valign=\"top\" width=\"176\">184<\/td>\n<\/tr>\n<\/tbody>\n<\/table>\n<p>&nbsp;<\/p>\n","protected":false},"excerpt":{"rendered":"","protected":false},"author":1,"featured_media":0,"parent":27,"menu_order":60,"comment_status":"open","ping_status":"open","template":"","meta":{"footnotes":""},"class_list":["post-16","page","type-page","status-publish","hentry"],"_links":{"self":[{"href":"http:\/\/www.obecklenova.sk\/index.php?rest_route=\/wp\/v2\/pages\/16","targetHints":{"allow":["GET"]}}],"collection":[{"href":"http:\/\/www.obecklenova.sk\/index.php?rest_route=\/wp\/v2\/pages"}],"about":[{"href":"http:\/\/www.obecklenova.sk\/index.php?rest_route=\/wp\/v2\/types\/page"}],"author":[{"embeddable":true,"href":"http:\/\/www.obecklenova.sk\/index.php?rest_route=\/wp\/v2\/users\/1"}],"replies":[{"embeddable":true,"href":"http:\/\/www.obecklenova.sk\/index.php?rest_route=%2Fwp%2Fv2%2Fcomments&post=16"}],"version-history":[{"count":9,"href":"http:\/\/www.obecklenova.sk\/index.php?rest_route=\/wp\/v2\/pages\/16\/revisions"}],"predecessor-version":[{"id":5465,"href":"http:\/\/www.obecklenova.sk\/index.php?rest_route=\/wp\/v2\/pages\/16\/revisions\/5465"}],"up":[{"embeddable":true,"href":"http:\/\/www.obecklenova.sk\/index.php?rest_route=\/wp\/v2\/pages\/27"}],"wp:attachment":[{"href":"http:\/\/www.obecklenova.sk\/index.php?rest_route=%2Fwp%2Fv2%2Fmedia&parent=16"}],"curies":[{"name":"wp","href":"https:\/\/api.w.org\/{rel}","templated":true}]}}