{"id":20,"date":"2010-03-11T22:28:21","date_gmt":"2010-03-11T22:28:21","guid":{"rendered":"http:\/\/www.obecklenova.sk\/?page_id=20"},"modified":"2010-03-19T20:58:58","modified_gmt":"2010-03-19T20:58:58","slug":"vyrocia","status":"publish","type":"page","link":"http:\/\/www.obecklenova.sk\/?page_id=20","title":{"rendered":"V\u00fdro\u010dia"},"content":{"rendered":"<p><strong>\u2022 Pr\u00edhovor starostu obce<\/strong><\/p>\n<p>Mil\u00e9 d\u00e1my, v\u00e1\u017een\u00ed p\u00e1ni, obyvatelia obce,  \t\tposlanci obecn\u00e9ho zastupite\u013estva, ve\u013eav\u00e1\u017een\u00ed hostia, v\u00e1\u017een\u00ed cten\u00ed  \t\tduchovn\u00ed otcovia.<br \/>\nJe mi c\u0165ou, \u017ee V\u00e1s m\u00f4\u017eem priv\u00edta\u0165 v tejto obradnej miestnosti pri<br \/>\ntak v\u00fdznamnom jubileu ako je oslava 460. v\u00fdro\u010dia od prvej p\u00edsomnej  \t\tzmienky o obci Klenov\u00e1 a z\u00e1rove\u0148, \u017ee sa mi dostalo tej cti, \u017ee ako  \t\tstarosta obce m\u00f4\u017eem odovzda\u0165 \u010cestn\u00e9 ob\u010dianstva tak v\u00fdznamn\u00fdm rod\u00e1kom z  \t\tObce Klenov\u00e1.<br \/>\nH\u00e1dam by sme mohli teraz na\u010drie\u0165 trochu do hist\u00f3rie obce Klenov\u00e1.<\/p>\n<p><a href=\"http:\/\/www.obecklenova.sk\/?p=183\">&gt;&gt;&gt; VIAC<\/a><\/p>\n<p>________________________________________________________________________________<\/p>\n<p>Fotografie z 460. v\u00fdro\u010dia obce Klenov\u00e1 a z udelenia \u010destn\u00e9ho ob\u010dianstva pre hore uveden\u00fdch p\u00e1nov pros\u00edm pou\u017ei\u0165 do kult\u00fary konalo sa to 27.7.2008 z pr\u00edle\u017eitosti 460. v\u00fdro\u010dia od prvej p\u00edsomnej zmienky o obci.<\/p>\n<p>[nggallery id=3]<\/p>\n","protected":false},"excerpt":{"rendered":"<p>\u2022 Pr\u00edhovor starostu obce Mil\u00e9 d\u00e1my, v\u00e1\u017een\u00ed p\u00e1ni, obyvatelia obce, poslanci obecn\u00e9ho zastupite\u013estva, ve\u013eav\u00e1\u017een\u00ed hostia, v\u00e1\u017een\u00ed cten\u00ed duchovn\u00ed otcovia. Je mi c\u0165ou, \u017ee V\u00e1s m\u00f4\u017eem priv\u00edta\u0165 v tejto obradnej miestnosti pri tak v\u00fdznamnom jubileu ako je oslava 460. v\u00fdro\u010dia od prvej p\u00edsomnej zmienky o obci Klenov\u00e1 a z\u00e1rove\u0148, \u017ee sa mi dostalo tej cti, \u017ee [&hellip;]<\/p>\n","protected":false},"author":1,"featured_media":0,"parent":27,"menu_order":80,"comment_status":"open","ping_status":"open","template":"","meta":{"footnotes":""},"class_list":["post-20","page","type-page","status-publish","hentry"],"_links":{"self":[{"href":"http:\/\/www.obecklenova.sk\/index.php?rest_route=\/wp\/v2\/pages\/20","targetHints":{"allow":["GET"]}}],"collection":[{"href":"http:\/\/www.obecklenova.sk\/index.php?rest_route=\/wp\/v2\/pages"}],"about":[{"href":"http:\/\/www.obecklenova.sk\/index.php?rest_route=\/wp\/v2\/types\/page"}],"author":[{"embeddable":true,"href":"http:\/\/www.obecklenova.sk\/index.php?rest_route=\/wp\/v2\/users\/1"}],"replies":[{"embeddable":true,"href":"http:\/\/www.obecklenova.sk\/index.php?rest_route=%2Fwp%2Fv2%2Fcomments&post=20"}],"version-history":[{"count":2,"href":"http:\/\/www.obecklenova.sk\/index.php?rest_route=\/wp\/v2\/pages\/20\/revisions"}],"predecessor-version":[{"id":187,"href":"http:\/\/www.obecklenova.sk\/index.php?rest_route=\/wp\/v2\/pages\/20\/revisions\/187"}],"up":[{"embeddable":true,"href":"http:\/\/www.obecklenova.sk\/index.php?rest_route=\/wp\/v2\/pages\/27"}],"wp:attachment":[{"href":"http:\/\/www.obecklenova.sk\/index.php?rest_route=%2Fwp%2Fv2%2Fmedia&parent=20"}],"curies":[{"name":"wp","href":"https:\/\/api.w.org\/{rel}","templated":true}]}}