{"id":305,"date":"2010-10-17T13:56:55","date_gmt":"2010-10-17T13:56:55","guid":{"rendered":"http:\/\/www.obecklenova.sk\/?page_id=305"},"modified":"2010-12-06T20:49:16","modified_gmt":"2010-12-06T20:49:16","slug":"male-pribehy","status":"publish","type":"page","link":"http:\/\/www.obecklenova.sk\/?page_id=305","title":{"rendered":"Mal\u00e9 pr\u00edbehy"},"content":{"rendered":"<p>Va\u017een\u00ed\u00a0 \u010ditateli,<\/p>\n<p>\u010di sa to u\u017e stalo v\u00a0na\u0161omu \u010di na dakotromu in\u0161omu seli,\u00a0 \u0161o cho\u010du rozpovisti v\u00a0tuj maluj prihodi, jak to bylo kolys \u0161i za na\u0161\u00edch molodych \u010dasu, ale najm\u00e4 za \u010dasu na\u0161ich otcov i\u00a0meterej. Teper pere\u017eivajeme dobu Ro\u017edestvenoho posta &#8211; znamoho i jak\u00a0Filipovka, pod\u013ea d\u0148a koly za\u010dina\u0165 toj post, sej de\u0148 je prisvia\u010den\u00fdj sviatomu apo\u0161tolivi na\u0161oho Hospoda Filipovi. O\u00a0chvi\u013eu\u00a0 su\u0165 tu Ro\u017edestven\u00ed sviatky kotri jak stari \u013eude hvarili zijdu\u0165 a ke\u010f ne su\u0165 obrady v\u00a0cerkvi jak by ani nebili, pravda jak by ne do\u0161lo k obnovi na\u0161\u00edch myslej i\u00a0du\u0161ej v\u00a0Duchu Sviatomu, v\u0161tkoj marnoj by bylo.<\/p>\n<p>Jak by znovonarodyv\u0161aho sja Isusa Christa Carja i\u00a0spasite\u013ea v\u0161evy\u0161\u0148oho Boha na\u0161eho kotryj so vysoty prej\u0161ov aby sa narodyvsja v ka\u017edomu serdciu pochre\u0161\u010denoho christijana. Po sviatosnij vyzdobi, kola\u010doch ostan\u00e9 poro\u017e\u0148o, lem to \u0161\u010do v serdcu i\u00a0duchu zustane sja, je vi\u010dn\u00e9. Na\u0161i didov\u00e9 , otcov\u00e9 po sviatkach na sankach v pole hnuj vozyli \u017ee by, zem\u013eu vyhnojity i\u00a0novu dobru \u00farodu zalo\u017e\u00edty. Byv to to\u017ee \u00a0aj \u010das zaka\u013ea\u010dok, de museli gazdove z\u00a0uradov povolinia maty na zaka\u013ea\u010dku, \u010di spovnili povinni dodavky a\u00a0ke\u010f, n\u00ed povoly\u0148a ne bylo ta \u0161o bylo robit, dit\u00ed byly holodni, trapa cilyj ruk tak sa paci\u0148a abo svi\u0148a na \u010dorno zamordovali a\u00a0v\u0161elijakymi pokutnymi sposobami spracovali. K\u00a0tomu sa via\u017ee mnoho usmi\u0161kov jak jeden ditvak hvary\u0165 druhym di\u0165am, do nas sa dnyska nemo\u017eeme ity sja bavity bo my svi\u0148u zabili.<\/p>\n<p>Ja ale cho\u010du opisaty zrerjmi legalnu zaka\u013ea\u010dku \u010di povidania pro \u0148u, de svi\u0148a byla velyka a\u00a0kumove sja radili jak jeji zakoloty, bo to \u0161i nebyli v\u0161elijaki pi\u0161toli na zabyvania svi\u0148, \u017ee by im ne ubli\u017eila. A\u00a0jak byva\u0165 zvykom na na\u0161\u00edch selach radili sa pri kresanij f\u013ea\u0161ky dobroji doma\u0161\u0148oji palino\u010dky, mo\u017ee aj dervianku \u010di drganu de jak to zvali, jidna\u0165 sja o\u00a0denaturovanych lieh, do kotroho pro joho sylu sa do poharyka pri\u013ea voda a\u00a0jak ne zbiliv, tak chlopi, tak to byla dobr\u00e1 pijatyka.<\/p>\n<p>I\u00a0vradili sa tak, najlip\u0161e bude jak ju po\u017eenu\u0165 do okola ku\u010d\u00edka a\u00a0prostor medzi stajnou a\u00a0ku\u010dikom zalo\u017ea\u0165 tak,\u00a0 \u017ee bude musity ity, lem \u010derez\u00a0tot carok a\u00a0ja kume z\u00a0poza roha ju baltov(sokyrov, toporom) po holovi trisnu tak, \u017ee ju <strong>zamoro\u010du <\/strong>a\u00a0sko\u010dime na \u0148u a\u00a0ni\u010d len pod <strong>livu<\/strong> labu, \u017ee by sme do <strong>serdcia<\/strong> trafili bajonet treba udarity\u00a0 i\u00a0tak kus pokrutyty, \u017ee by v\u0161ytka krov vy\u0161la \u00a0bo ji bylo treba \u010di na hurky z\u00a0krve, abo \u017ee by nezustala v \u017eilkach po solonini.<\/p>\n<p>Jak sa dohodli tak i\u00a0platylo, kolo ku\u010dika i\u00a0stajni vyrosnuv provizornyj plut, kotryj viv runo k\u00a0rohu stajni, v\u0161etko dobri \u0161i raz skontro\u013eovali bajonet \u0161i od vojny oslov pre\u0161ly, \u017ee by byv ostryj a\u00a0\u0161li pustyty svi\u0148u, jasni \u017ee kum za rohom stajni iz toporom \u010dekav, svi\u0148a jak holovu ukazala vun ja ji raz trisnuv, takoj sja perevernula sko\u010dili na \u0148u dvihli pod\u013ea nych livu labu i\u00a0ri\u017eu\u0165, svi\u0148a sa kus oba\u010dila i\u00a0ry\u010di\u0165 do miloho Boha, ale ony len ri\u017eu\u0165, aby dobri krov zij\u0161la. Malyj chlop\u010disko nazvyjme ho Ivanko pozera\u0165, pozera\u0165 a\u00a0jak tomu ne rozumy\u0165 i\u00a0prosy\u0165 sja.<\/p>\n<p>\u010com vy cho\u010dete svini zad\u0148u labu odziraty, popozeraly kumov\u00e9 po sobi a\u00a0ancija\u0161a svi\u0148a jak za zem\u013eu po rani toporom padala sa vo vzduchu naopak sja obernula ku kumum zadom sa obernula, vny ji privalili i\u00a0tak sa dohvarli, \u017ee pod livu labu. Pochopili kumov\u00e9 svoju pomylku obernuli svi\u0148u i\u00a0pod pered\u0148u livu labu bajonet vdarily i\u00a0svojemu i\u00a0svi\u0148a\u010domu trapi\u0148u kunca urobili.<\/p>\n<p>Krov do mysky \u0161i da kus jimili, hurok bude z\u00a0krve po men\u0161e, ale svi\u0148u i\u0161li opality i\u00a0o\u010distyty treba a a\u017e\u00a0pry tum vidili, \u017ee skoro cilu zad\u0148u, ale pravda livu labu odrizali. Po vy\u010di\u0161\u010di\u0148u i\u00a0rozobratiu nalip\u0161ili byli \u017eumarky ja tam byv i\u00a0ko\u0161tovav jak u\u017e chtos skor\u0161e poviv po bavusach mas\u0165 iz \u017eumarok stikala i\u00a0doma\u0161\u0148a palino\u010dka no v\u00a0rot nepopala. Va\u017een\u00ed \u010dita\u010di \u010di to pravda a\u00a0\u010di ni chto znaje no take sa traduje, \u017ee to tak bylo, ale z\u00a0tym povoli\u0148om na zabija\u010dku a\u00a0plnen\u00edm povynn\u00fdch dodavok to pravda.<\/p>\n<p>No \u0161i ve\u010d\u0161a istitnna pravda je z\u00a0duchodvnoho \u017eivoza postu jak pripravy na prichod Caria Isusa Christa, spasite\u013ea i\u00a0Boha na\u0161eho. Dovo\u013ete meni bydnomu hri\u0161niku n\u00e1m v\u0161ytk\u00fdm a v\u00a0per\u0161um radi sam sobi po\u017eelati, \u017ee \u00a0by aj v \u00a0na\u0161\u00edch serdciach sa malyj Isusko narodyv, no ne lem narodyv, dovo\u013eme mu aj na\u0161imy serdciami kerovaty, mo\u017ee by dav Hospod\u0148ij Boh \u017ee by stavsja zazrak i\u00a0na\u0161ich serdcia i\u00a0du\u0161ach i\u00a0my Novonarod\u017eenomu Carju misto zolota, livanu, i\u00a0miru darovali svoje ja svoje odno\u0161enia do \u0147oho, \u00a0i do bli\u017enoho svoho. Naj hodpo\u010f kotryj pro na\u0161i hrichy zyjde z Neba jak nezbrann\u00e9 di\u0165a (\u010dado) pozna\u010di\u0165 \u017eivot ka\u017edoho z\u00a0n\u00e1s k\u00a0lip\u0161omu\u00a0 aspo\u0148 \u010derez svjatky.<\/p>\n<p>Spracoval: Du\u0161an Hir\u010da<\/p>\n","protected":false},"excerpt":{"rendered":"<p>Va\u017een\u00ed\u00a0 \u010ditateli, \u010di sa to u\u017e stalo v\u00a0na\u0161omu \u010di na dakotromu in\u0161omu seli,\u00a0 \u0161o cho\u010du rozpovisti v\u00a0tuj maluj prihodi, jak to bylo kolys \u0161i za na\u0161\u00edch molodych \u010dasu, ale najm\u00e4 za \u010dasu na\u0161ich otcov i\u00a0meterej. Teper pere\u017eivajeme dobu Ro\u017edestvenoho posta &#8211; znamoho i jak\u00a0Filipovka, pod\u013ea d\u0148a koly za\u010dina\u0165 toj post, sej de\u0148 je prisvia\u010den\u00fdj sviatomu [&hellip;]<\/p>\n","protected":false},"author":1,"featured_media":0,"parent":273,"menu_order":0,"comment_status":"open","ping_status":"open","template":"","meta":{"footnotes":""},"class_list":["post-305","page","type-page","status-publish","hentry"],"_links":{"self":[{"href":"http:\/\/www.obecklenova.sk\/index.php?rest_route=\/wp\/v2\/pages\/305","targetHints":{"allow":["GET"]}}],"collection":[{"href":"http:\/\/www.obecklenova.sk\/index.php?rest_route=\/wp\/v2\/pages"}],"about":[{"href":"http:\/\/www.obecklenova.sk\/index.php?rest_route=\/wp\/v2\/types\/page"}],"author":[{"embeddable":true,"href":"http:\/\/www.obecklenova.sk\/index.php?rest_route=\/wp\/v2\/users\/1"}],"replies":[{"embeddable":true,"href":"http:\/\/www.obecklenova.sk\/index.php?rest_route=%2Fwp%2Fv2%2Fcomments&post=305"}],"version-history":[{"count":3,"href":"http:\/\/www.obecklenova.sk\/index.php?rest_route=\/wp\/v2\/pages\/305\/revisions"}],"predecessor-version":[{"id":366,"href":"http:\/\/www.obecklenova.sk\/index.php?rest_route=\/wp\/v2\/pages\/305\/revisions\/366"}],"up":[{"embeddable":true,"href":"http:\/\/www.obecklenova.sk\/index.php?rest_route=\/wp\/v2\/pages\/273"}],"wp:attachment":[{"href":"http:\/\/www.obecklenova.sk\/index.php?rest_route=%2Fwp%2Fv2%2Fmedia&parent=305"}],"curies":[{"name":"wp","href":"https:\/\/api.w.org\/{rel}","templated":true}]}}