{"id":315,"date":"2010-10-17T14:00:06","date_gmt":"2010-10-17T14:00:06","guid":{"rendered":"http:\/\/www.obecklenova.sk\/?page_id=315"},"modified":"2010-10-17T18:13:06","modified_gmt":"2010-10-17T18:13:06","slug":"historia-urbaru","status":"publish","type":"page","link":"http:\/\/www.obecklenova.sk\/?page_id=315","title":{"rendered":"Hist\u00f3ria urb\u00e1ru"},"content":{"rendered":"<p>Po\u00a0 zdrvuj\u00facej por\u00e1\u017eke Turkov pri Viedni 12.9.1683 a n\u00e1slednom  osloboden\u00ed Uhorsk\u00e1 rak\u00faskou arm\u00e1dou spod Tureckej nadvl\u00e1dy, za\u010d\u00edna\u00a0  uhorsk\u00e1 \u0161\u013eachta op\u00e4\u0165 upev\u0148ova\u0165 svoju moc nad straten\u00fdmi krajinami a  doch\u00e1dza k nov\u00e9mu divok\u00e9mu prerozde\u013eovaniu p\u00f4dy.<\/p>\n<p>K navedeniu jednotn\u00e9ho vz\u0165ahu v celom Uhorsku medzi zemep\u00e1nmi a ich  poddan\u00fdmi bol v janu\u00e1ri 1767 roku vydan\u00fd &#8222;milostiv\u00fd urb\u00e1r.&#8220;Urb\u00e1r sa  nezav\u00e1dzal naraz, ale iba postupne, po jednotliv\u00fdch stoliciach.  Z\u00e1kladnou \u010drtou tejto terezi\u00e1nskej \u00fapravy, alebo reformy, bola snaha  uvies\u0165 do ur\u010dit\u00e9ho pomeru d\u00e1vky a povinnosti poddan\u00e9ho vo\u010di jeho  zemep\u00e1novi s rozsahom p\u00f4dy, ktor\u00e1 je v jeho \u00fa\u017eitku. Do vydania  terezi\u00e1nskeho urb\u00e1ru sa dane platili od port.<\/p>\n<p>Urb\u00e1rom sa naz\u00fdva kniha do ktorej sa zapisoval s\u00fapis p\u00f4dy, dr\u017eby  vrchnosti a poddan\u00fdch. T\u00e1to reforma M\u00e1rie Ter\u00e9zie poddan\u00fdm zn\u00ed\u017eila  povinnosti vo\u010di zemep\u00e1novi na polovicu. Pod\u013ea urb\u00e1ra jedna sedliacka  usadlos\u0165 mala rozsah na 18 katastr\u00e1lnych jut\u00e1r poli,7 jut\u00e1r luk a 3\/4  jutra intravilantu. Sedliak vlastniaci tak\u00fato usadlos\u0165 musel na p\u00e1nskom  odrobi\u0165 52 dni so z\u00e1prahom, alebo 104 dn\u00ed ru\u010dne. T\u00ed, ktor\u00ed hospod\u00e1rili  na 1\/2 usadlosti,1\/4,1\/8 robotovali alebo platili\u00a0 \u00famerne menej. \u017deliari  ako najchudobnej\u0161ia vrstva poddan\u00fdch \u013eud\u00ed(Tie\u017e ich volali domk\u00e1ri,  chalup\u00e1ri, hofieri ,host\u00e1ci.)v\u00f4bec nemali p\u00f4du, alebo vlastnili menej  ako 1\/8 urb\u00e1rskej usadlosti. \u017deliari sa delili na poddan\u00fdch s vlastn\u00fdm  domom, ktor\u00ed odv\u00e1dzali ro\u010dne zemep\u00e1novi 1 zlat\u00fd domovej dane a 18 dn\u00ed  ru\u010dnej pr\u00e1ce a bez vlastn\u00e9ho domu ,ktor\u00ed odv\u00e1dzali len 12 dn\u00ed ru\u010dnej  pr\u00e1ce do roka. Od 18.stor.po\u010det \u017eeliarov narastal a ich postavenie a  povinnosti upravovali r\u00f4zne z\u00e1kony. Na zmluvn\u00fdch \u017eeliarov sa nevz\u0165ahoval  z\u00e1kon o zru\u0161en\u00ed poddanstva ani urb\u00e1rsky patent z r.1853,vykupenie z ich  slu\u017eobn\u00fdch povinnost\u00ed umo\u017enil a\u017e z\u00e1kon z r.1896.<\/p>\n<p><strong>Urb\u00e1rska usadlos\u0165 sa u\u017e vtedy delila na:<\/strong><br \/>\n&#8211; intravil\u00e1n &#8211; zastavan\u00e9 \u00fazemie a<br \/>\n&#8211; extravil\u00e1n &#8211; nezastavan\u00e9 \u00fazemie usadlosti.<\/p>\n<p><strong>V Uhorsku sa pozemky\u00a0 delili na: <\/strong><br \/>\n&#8211; dominik\u00e1l &#8211; pansk\u00e9 pozemky, ktor\u00e9 vlastnil a\u00a0 staral sa o ne\u00a0\u00a0 zemep\u00e1n.<br \/>\n&#8211; rustik\u00e1l &#8211; pozemky ktor\u00e9 vlastnil zemep\u00e1n, ale obr\u00e1bali ich poddan\u00ed.<br \/>\n&#8211; slobodn\u00e9 pozemky &#8211; ktor\u00e9 patrili slobodn\u00fdm poplatn\u00edkom, me\u0161\u0165anom, mlyn\u00e1rom a pod.<\/p>\n<p><strong>Pod\u013ea sp\u00f4sobu u\u017e\u00edvania sa majetok poddan\u00fdch delil na:<\/strong><\/p>\n<p>\u2022\u00a0\u00a0 \u00a0poddansky<br \/>\n\u2022\u00a0\u00a0 \u00a0\u017eeliarsky<br \/>\n\u2022\u00a0\u00a0 \u00a0domk\u00e1rsky<\/p>\n<p>URBARI\u00c1LNA S\u00daSTAVA pre\u0161la viacer\u00fdmi \u00fapravami. Z\u00e1sadn\u00fa zmenu cel\u00e9ho syst\u00e9mu navodil a\u017e z\u00e1kon z roku 1840,pod\u013ea ktor\u00e9ho sa zemep\u00e1novi a poddan\u00fdm umo\u017e\u0148ovalo dobrovo\u013ene uzavrie\u0165 v\u00fdkupn\u00e9 zmluvy o zru\u0161en\u00ed urb\u00e1rskeho pomeru a nadobudn\u00fa\u0165 pozemky do vlastn\u00edctva. V roku 1848 bol z\u00e1konom zru\u0161en\u00fd poddansky(\u010di\u017ee urb\u00e1rsky) pomer\u00a0 t\u00fdm\u017ee \u0161t\u00e1t pre urb\u00e1rn\u00edkov vyk\u00fapil nimi u\u017e\u00edvan\u00e9 pozemky a zemep\u00e1n bol od\u0161kodnen\u00fd formou \u0161t\u00e1tnych dlhopisov. Tento v\u00fdkup bol obmedzen\u00fd na urb\u00e1rske usadlosti a na poddansk\u00e9 \u017eeliarske a domk\u00e1rske majetky.<\/p>\n<p>V na\u0161ej obci terezi\u00e1nska \u00faprava poddansk\u00fdch pomerov bola uskuto\u010dnen\u00e1 v roku 1774.Ke\u010f\u017ee terezi\u00e1nsky urb\u00e1r z toho roku sa nezachoval nemo\u017eno presne zisti\u0165 d\u00f4sledky jeho zavedenia v Klenovej. Skladba poddan\u00fdch v na\u0161e obci bola r\u00f4znorod\u00e1. Od \u0161oltysk\u00fdch dom\u00e1cnosti po\u010dn\u00fac cez sedliacke a\u017e po \u017eeliarske dom\u00e1cnosti kon\u010diac. V roku 1600 tu stalo 14 poddansk\u00fdch domov. V polovici 17.stor. boli v Klenovej 3 \u0161olt\u00fdstva ktor\u00fdm patrili 34 \u0161oltysk\u00fdch dom\u00e1cnosti. Na 10 cel\u00fdch sedliackych usadlostiach hospod\u00e1rilo 15 sedliackych dom\u00e1cnosti ktor\u00fdch 6 malo e\u0161te cele usadlosti. V roku 1703 tu boli iba 2 \u0161olt\u00fdstva,jedno bolo opusten\u00e9. Na t\u00fdchto dvoch usadlostiach hospod\u00e1rilo 15 \u0161olt\u00fdskych dom\u00e1cnosti. \u0160olt\u00fdskym dom\u00e1cnostiam patril i mlyn. V tom roku tu hospod\u00e1rili iba 4 sedliacke dom\u00e1cnosti pozost\u00e1vaj\u00face z 7 rod\u00edn. Dve dom\u00e1cnosti hospod\u00e1rili na 1\/2 a dve 1\/4 usadlosti. Opusten\u00fdch bolo 13 sedliackych usadlosti. Okrem sedliackych tu \u017eilo 3 \u017eeliarske rodiny v podn\u00e1jme. Sedliacke dom\u00e1cnosti\u00a0 boli povinn\u00e9 plati\u0165 zemep\u00e1nom da\u0148, odovzd\u00e1va\u0165 natur\u00e1lie a vykon\u00e1va\u0165 stanoven\u00e9 roboty. Sedliacke rodiny neboli schopn\u00e9 sp\u013a\u0148a\u0165 povinnosti vo\u010di zemep\u00e1nom a usilovali sa im vyhn\u00fa\u0165. Naj\u010dastej\u0161ie sa to rie\u0161ilo ods\u0165ahovan\u00edm sa alebo \u00fatekom do vzdialenej\u0161\u00edch ded\u00edn a to preva\u017ene za U\u017ehorod. Okolo roku 1728 tu hospod\u00e1rilo 17 sedliackych dom\u00e1cnosti. Zemep\u00e1nom Bol Had\u00edk \u2013 Bark\u00f3ci.<\/p>\n<p>V prvej polovici 18.stor.upadli na \u00farove\u0148 sedliakov i \u0160olt\u00fdske rodiny. Okolo roku 1772 u\u017e v Klenovej \u017eilo iba 60 sedliackych,5 \u017eeliarskych a 1 pod \u017eeliarska dom\u00e1cnos\u0165. V tomto roku bolo v Klenovej ob\u00fdvan\u00fdch 63 domov sedliakov a urb\u00e1rskych \u017eeliarov. V roku 1828 v Klenovej hospod\u00e1rilo 34 sedliackych dom\u00e1cnosti,11 na 1\/3,p\u00f4dy, zb\u00fdtok na dvoch 2\/3 p\u00f4dy. Okrem sedliakov tu \u017eilo 26 \u017eeliarskych a 3 pod \u017eeliarske dom\u00e1cnosti pri\u010dom mali dva kone. Jedn\u00e9ho\u00a0 vlastnil mlyn\u00e1r, druh\u00e9ho \u017eidovsk\u00fd kr\u010dm\u00e1r.<\/p>\n<p>Okolo roku 1828 bolo v Klenovej asi 65 ob\u00fdvan\u00fdch sedliackych a \u017eeliarskych domov, mlyn a kr\u010dma, kova\u013e\u0148a. Okrem urb\u00e1rskych poddan\u00fdch tu \u017eili v \u010fal\u0161\u00edch v 30 domoch neurb\u00e1rski \u017eeliari Spolu v tej dobe bolo v Klenovej v 95 domov cez 600 obyvate\u013eov.<\/p>\n<p>Slovo Urb\u00e1r sa prenieslo i do na\u0161ich \u010dias, hoci d\u00e1vno predt\u00fdm stratilo svoj p\u00f4vodn\u00fd v\u00fdznam, kv\u00f4li ktor\u00e9mu bolo zaveden\u00e9.<\/p>\n<p>Do p\u00edsomnej podoby spracoval: <strong>Du\u0161an Hir\u010da<\/strong><\/p>\n","protected":false},"excerpt":{"rendered":"<p>Po\u00a0 zdrvuj\u00facej por\u00e1\u017eke Turkov pri Viedni 12.9.1683 a n\u00e1slednom osloboden\u00ed Uhorsk\u00e1 rak\u00faskou arm\u00e1dou spod Tureckej nadvl\u00e1dy, za\u010d\u00edna\u00a0 uhorsk\u00e1 \u0161\u013eachta op\u00e4\u0165 upev\u0148ova\u0165 svoju moc nad straten\u00fdmi krajinami a doch\u00e1dza k nov\u00e9mu divok\u00e9mu prerozde\u013eovaniu p\u00f4dy. K navedeniu jednotn\u00e9ho vz\u0165ahu v celom Uhorsku medzi zemep\u00e1nmi a ich poddan\u00fdmi bol v janu\u00e1ri 1767 roku vydan\u00fd &#8222;milostiv\u00fd urb\u00e1r.&#8220;Urb\u00e1r sa nezav\u00e1dzal [&hellip;]<\/p>\n","protected":false},"author":1,"featured_media":0,"parent":309,"menu_order":2,"comment_status":"open","ping_status":"open","template":"","meta":{"footnotes":""},"class_list":["post-315","page","type-page","status-publish","hentry"],"_links":{"self":[{"href":"http:\/\/www.obecklenova.sk\/index.php?rest_route=\/wp\/v2\/pages\/315","targetHints":{"allow":["GET"]}}],"collection":[{"href":"http:\/\/www.obecklenova.sk\/index.php?rest_route=\/wp\/v2\/pages"}],"about":[{"href":"http:\/\/www.obecklenova.sk\/index.php?rest_route=\/wp\/v2\/types\/page"}],"author":[{"embeddable":true,"href":"http:\/\/www.obecklenova.sk\/index.php?rest_route=\/wp\/v2\/users\/1"}],"replies":[{"embeddable":true,"href":"http:\/\/www.obecklenova.sk\/index.php?rest_route=%2Fwp%2Fv2%2Fcomments&post=315"}],"version-history":[{"count":8,"href":"http:\/\/www.obecklenova.sk\/index.php?rest_route=\/wp\/v2\/pages\/315\/revisions"}],"predecessor-version":[{"id":3749,"href":"http:\/\/www.obecklenova.sk\/index.php?rest_route=\/wp\/v2\/pages\/315\/revisions\/3749"}],"up":[{"embeddable":true,"href":"http:\/\/www.obecklenova.sk\/index.php?rest_route=\/wp\/v2\/pages\/309"}],"wp:attachment":[{"href":"http:\/\/www.obecklenova.sk\/index.php?rest_route=%2Fwp%2Fv2%2Fmedia&parent=315"}],"curies":[{"name":"wp","href":"https:\/\/api.w.org\/{rel}","templated":true}]}}