{"id":5271,"date":"2018-02-28T06:50:12","date_gmt":"2018-02-28T06:50:12","guid":{"rendered":"http:\/\/www.obecklenova.sk\/?page_id=5271"},"modified":"2018-08-23T06:46:30","modified_gmt":"2018-08-23T06:46:30","slug":"zmluvy-2018-sj","status":"publish","type":"page","link":"http:\/\/www.obecklenova.sk\/?page_id=5271","title":{"rendered":"&#8211; Zmluvy 2018 (\u0160J)"},"content":{"rendered":"<table border=\"0\">\n<tbody>\n<tr>\n<td style=\"width: 109px;\"><em><strong>\u010c\u00edslo<\/strong><\/em><em><strong>&nbsp;Zmluvy<\/strong><\/em><\/td>\n<td style=\"width: 4px;\"><em><strong>&nbsp;<\/strong><\/em><\/td>\n<td style=\"width: 175px;\"><em><strong>Zmluvn\u00e1 strana<\/strong><\/em><\/td>\n<td style=\"width: 78px;\"><em><strong>N\u00e1zov zmluvy<\/strong><\/em><\/td>\n<td style=\"width: 10px;\"><em><strong>Predmet \/ Tovar<\/strong><\/em><\/td>\n<td style=\"width: 41px;\"><em><strong>Cena s DPH v EUR<\/strong><\/em><\/td>\n<td style=\"width: 71px;\"><em><strong>&nbsp;D\u00e1tum podpisu&nbsp;<\/strong><\/em><\/td>\n<td style=\"width: 99px;\"><em><strong>D\u00e1tum&nbsp;&nbsp;<\/strong><\/em><\/p>\n<p><em><strong>zverejnenia&nbsp;<\/strong><\/em><\/td>\n<td style=\"width: 117px;\"><em><strong>D\u00e1tum<\/strong><\/em><\/p>\n<p><em><strong>&nbsp;<\/strong><\/em><em><strong>\u00fa\u010dinnosti<\/strong><\/em><\/td>\n<td style=\"width: 139px;\"><em><strong>D\u00e1tum&nbsp;<\/strong><\/em><\/p>\n<p><em><strong>ukon\u010denia<\/strong><\/em><\/td>\n<td style=\"width: 104px;\">&nbsp;<\/td>\n<\/tr>\n<tr>\n<td style=\"width: 109px;\">1\/2018\/SJ<\/td>\n<td style=\"width: 4px;\">&nbsp;<\/td>\n<td style=\"width: 175px;\">M\u00e4so Zempl\u00edn a.s., U\u017ehodorska 86, Michalovce<\/td>\n<td style=\"width: 78px;\">K\u00fapna zmluva&nbsp;<\/td>\n<td style=\"width: 10px;\">Dod\u00e1vka m\u00e4sa brav\u010dov\u00e9ho, hov\u00e4dzieho<\/td>\n<td style=\"width: 41px;\">&nbsp;<\/td>\n<td style=\"width: 71px;\">1.8.2018<\/td>\n<td style=\"width: 99px;\">23.8.2018<\/td>\n<td style=\"width: 117px;\">24.8.2018<\/td>\n<td style=\"width: 139px;\">30.6.2019<\/td>\n<td style=\"width: 104px;\">&nbsp;<\/td>\n<\/tr>\n<tr>\n<td style=\"width: 109px;\">&nbsp;<\/td>\n<td style=\"width: 4px;\">&nbsp;<\/td>\n<td style=\"width: 175px;\">&nbsp;<\/td>\n<td style=\"width: 78px;\">&nbsp;<\/td>\n<td style=\"width: 10px;\">&nbsp;<\/td>\n<td style=\"width: 41px;\">&nbsp;<\/td>\n<td style=\"width: 71px;\">&nbsp;<\/td>\n<td style=\"width: 99px;\">&nbsp;<\/td>\n<td style=\"width: 117px;\">&nbsp;<\/td>\n<td style=\"width: 139px;\">&nbsp;<\/td>\n<td style=\"width: 104px;\">&nbsp;<\/td>\n<\/tr>\n<tr>\n<td style=\"width: 109px;\">&nbsp;<\/td>\n<td style=\"width: 4px;\">&nbsp;<\/td>\n<td style=\"width: 175px;\">&nbsp;<\/td>\n<td style=\"width: 78px;\">&nbsp;<\/td>\n<td style=\"width: 10px;\">&nbsp;<\/td>\n<td style=\"width: 41px;\">&nbsp;<\/td>\n<td style=\"width: 71px;\">&nbsp;<\/td>\n<td style=\"width: 99px;\">&nbsp;<\/td>\n<td style=\"width: 117px;\">&nbsp;<\/td>\n<td style=\"width: 139px;\">&nbsp;<\/td>\n<td style=\"width: 104px;\">&nbsp;<\/td>\n<\/tr>\n<tr>\n<td style=\"width: 109px;\">&nbsp;<\/td>\n<td style=\"width: 4px;\">&nbsp;<\/td>\n<td style=\"width: 175px;\">&nbsp;<\/td>\n<td style=\"width: 78px;\">&nbsp;<\/td>\n<td style=\"width: 10px;\">&nbsp;<\/td>\n<td style=\"width: 41px;\">&nbsp;<\/td>\n<td style=\"width: 71px;\">&nbsp;<\/td>\n<td style=\"width: 99px;\">&nbsp;<\/td>\n<td style=\"width: 117px;\">&nbsp;<\/td>\n<td style=\"width: 139px;\">&nbsp;<\/td>\n<td style=\"width: 104px;\">&nbsp;<\/td>\n<\/tr>\n<tr>\n<td style=\"width: 109px;\">&nbsp;<\/td>\n<td style=\"width: 4px;\">&nbsp;<\/td>\n<td style=\"width: 175px;\">&nbsp;<\/td>\n<td style=\"width: 78px;\">&nbsp;<\/td>\n<td style=\"width: 10px;\">&nbsp;<\/td>\n<td style=\"width: 41px;\">&nbsp;<\/td>\n<td style=\"width: 71px;\">&nbsp;<\/td>\n<td style=\"width: 99px;\">&nbsp;<\/td>\n<td style=\"width: 117px;\">&nbsp;<\/td>\n<td style=\"width: 139px;\">&nbsp;<\/td>\n<td style=\"width: 104px;\">&nbsp;<\/td>\n<\/tr>\n<tr>\n<td style=\"width: 109px;\">&nbsp;<\/td>\n<td style=\"width: 4px;\">&nbsp;<\/td>\n<td style=\"width: 175px;\">&nbsp;<\/td>\n<td style=\"width: 78px;\">&nbsp;<\/td>\n<td style=\"width: 10px;\">&nbsp;<\/td>\n<td style=\"width: 41px;\">&nbsp;<\/td>\n<td style=\"width: 71px;\">&nbsp;<\/td>\n<td style=\"width: 99px;\">&nbsp;<\/td>\n<td style=\"width: 117px;\">&nbsp;<\/td>\n<td style=\"width: 139px;\">&nbsp;<\/td>\n<td style=\"width: 104px;\">&nbsp;<\/td>\n<\/tr>\n<tr>\n<td style=\"width: 109px;\">&nbsp;<\/td>\n<td style=\"width: 4px;\">&nbsp;<\/td>\n<td style=\"width: 175px;\">&nbsp;<\/td>\n<td style=\"width: 78px;\">&nbsp;<\/td>\n<td style=\"width: 10px;\">&nbsp;<\/td>\n<td style=\"width: 41px;\">&nbsp;<\/td>\n<td style=\"width: 71px;\">&nbsp;<\/td>\n<td style=\"width: 99px;\">&nbsp;<\/td>\n<td style=\"width: 117px;\">&nbsp;<\/td>\n<td style=\"width: 139px;\">&nbsp;<\/td>\n<td style=\"width: 104px;\">&nbsp;<\/td>\n<\/tr>\n<tr>\n<td style=\"width: 109px;\">&nbsp;<\/td>\n<td style=\"width: 4px;\">&nbsp;<\/td>\n<td style=\"width: 175px;\">&nbsp;<\/td>\n<td style=\"width: 78px;\">&nbsp;<\/td>\n<td style=\"width: 10px;\">&nbsp;<\/td>\n<td style=\"width: 41px;\">&nbsp;<\/td>\n<td style=\"width: 71px;\">&nbsp;<\/td>\n<td style=\"width: 99px;\">&nbsp;<\/td>\n<td style=\"width: 117px;\">&nbsp;<\/td>\n<td style=\"width: 139px;\">&nbsp;<\/td>\n<td style=\"width: 104px;\">&nbsp;<\/td>\n<\/tr>\n<tr>\n<td style=\"width: 109px;\">&nbsp;<\/td>\n<td style=\"width: 4px;\">&nbsp;<\/td>\n<td style=\"width: 175px;\">&nbsp;<\/td>\n<td style=\"width: 78px;\">&nbsp;<\/td>\n<td style=\"width: 10px;\">&nbsp;<\/td>\n<td style=\"width: 41px;\">&nbsp;<\/td>\n<td style=\"width: 71px;\">&nbsp;<\/td>\n<td style=\"width: 99px;\">&nbsp;<\/td>\n<td style=\"width: 117px;\">&nbsp;<\/td>\n<td style=\"width: 139px;\">&nbsp;<\/td>\n<td style=\"width: 104px;\">&nbsp;<\/td>\n<\/tr>\n<tr>\n<td style=\"width: 109px;\">&nbsp;<\/td>\n<td style=\"width: 4px;\">&nbsp;<\/td>\n<td style=\"width: 175px;\">&nbsp;<\/td>\n<td style=\"width: 78px;\">&nbsp;<\/td>\n<td style=\"width: 10px;\">&nbsp;<\/td>\n<td style=\"width: 41px;\">&nbsp;<\/td>\n<td style=\"width: 71px;\">&nbsp;<\/td>\n<td style=\"width: 99px;\">&nbsp;<\/td>\n<td style=\"width: 117px;\">&nbsp;<\/td>\n<td style=\"width: 139px;\">&nbsp;<\/td>\n<td style=\"width: 104px;\">&nbsp;<\/td>\n<\/tr>\n<tr>\n<td style=\"width: 109px;\">&nbsp;<\/td>\n<td style=\"width: 4px;\">&nbsp;<\/td>\n<td style=\"width: 175px;\">&nbsp;<\/td>\n<td style=\"width: 78px;\">&nbsp;<\/td>\n<td style=\"width: 10px;\">&nbsp;<\/td>\n<td style=\"width: 41px;\">&nbsp;<\/td>\n<td style=\"width: 71px;\">&nbsp;<\/td>\n<td style=\"width: 99px;\">&nbsp;<\/td>\n<td style=\"width: 117px;\">&nbsp;<\/td>\n<td style=\"width: 139px;\">&nbsp;<\/td>\n<td style=\"width: 104px;\">&nbsp;<\/td>\n<\/tr>\n<tr>\n<td style=\"width: 109px;\">&nbsp;<\/td>\n<td style=\"width: 4px;\">&nbsp;<\/td>\n<td style=\"width: 175px;\">&nbsp;<\/td>\n<td style=\"width: 78px;\">&nbsp;<\/td>\n<td style=\"width: 10px;\">&nbsp;<\/td>\n<td style=\"width: 41px;\">&nbsp;<\/td>\n<td style=\"width: 71px;\">&nbsp;<\/td>\n<td style=\"width: 99px;\">&nbsp;<\/td>\n<td style=\"width: 117px;\">&nbsp;<\/td>\n<td style=\"width: 139px;\">&nbsp;<\/td>\n<td style=\"width: 104px;\">&nbsp;<\/td>\n<\/tr>\n<tr>\n<td style=\"width: 109px;\">&nbsp;<\/td>\n<td style=\"width: 4px;\">&nbsp;<\/td>\n<td style=\"width: 175px;\">&nbsp;<\/td>\n<td style=\"width: 78px;\">&nbsp;<\/td>\n<td style=\"width: 10px;\">&nbsp;<\/td>\n<td style=\"width: 41px;\">&nbsp;<\/td>\n<td style=\"width: 71px;\">&nbsp;<\/td>\n<td style=\"width: 99px;\">&nbsp;<\/td>\n<td style=\"width: 117px;\">&nbsp;<\/td>\n<td style=\"width: 139px;\">&nbsp;<\/td>\n<td style=\"width: 104px;\">&nbsp;<\/td>\n<\/tr>\n<tr>\n<td style=\"width: 109px;\">&nbsp;<\/td>\n<td style=\"width: 4px;\">&nbsp;<\/td>\n<td style=\"width: 175px;\">&nbsp;<\/td>\n<td style=\"width: 78px;\">&nbsp;<\/td>\n<td style=\"width: 10px;\">&nbsp;<\/td>\n<td style=\"width: 41px;\">&nbsp;<\/td>\n<td style=\"width: 71px;\">&nbsp;<\/td>\n<td style=\"width: 99px;\">&nbsp;<\/td>\n<td style=\"width: 117px;\">&nbsp;<\/td>\n<td style=\"width: 139px;\">&nbsp;<\/td>\n<td style=\"width: 104px;\">&nbsp;<\/td>\n<\/tr>\n<tr>\n<td style=\"width: 109px;\">&nbsp;<\/td>\n<td style=\"width: 4px;\">&nbsp;<\/td>\n<td style=\"width: 175px;\">&nbsp;<\/td>\n<td style=\"width: 78px;\">&nbsp;<\/td>\n<td style=\"width: 10px;\">&nbsp;<\/td>\n<td style=\"width: 41px;\">&nbsp;<\/td>\n<td style=\"width: 71px;\">&nbsp;<\/td>\n<td style=\"width: 99px;\">&nbsp;<\/td>\n<td style=\"width: 117px;\">&nbsp;<\/td>\n<td style=\"width: 139px;\">&nbsp;<\/td>\n<td style=\"width: 104px;\">&nbsp;<\/td>\n<\/tr>\n<tr>\n<td style=\"width: 109px;\">&nbsp;<\/td>\n<td style=\"width: 4px;\">&nbsp;<\/td>\n<td style=\"width: 175px;\">&nbsp;<\/td>\n<td style=\"width: 78px;\">&nbsp;<\/td>\n<td style=\"width: 10px;\">&nbsp;<\/td>\n<td style=\"width: 41px;\">&nbsp;<\/td>\n<td style=\"width: 71px;\">&nbsp;<\/td>\n<td style=\"width: 99px;\">&nbsp;<\/td>\n<td style=\"width: 117px;\">&nbsp;<\/td>\n<td style=\"width: 139px;\">&nbsp;<\/td>\n<td style=\"width: 104px;\">&nbsp;<\/td>\n<\/tr>\n<\/tbody>\n<\/table>\n<p>&nbsp;<\/p>\n","protected":false},"excerpt":{"rendered":"<p>\u010c\u00edslo&nbsp;Zmluvy &nbsp; Zmluvn\u00e1 strana N\u00e1zov zmluvy Predmet \/ Tovar Cena s DPH v EUR &nbsp;D\u00e1tum podpisu&nbsp; D\u00e1tum&nbsp;&nbsp; zverejnenia&nbsp; D\u00e1tum &nbsp;\u00fa\u010dinnosti D\u00e1tum&nbsp; ukon\u010denia &nbsp; 1\/2018\/SJ &nbsp; M\u00e4so Zempl\u00edn a.s., U\u017ehodorska 86, Michalovce K\u00fapna zmluva&nbsp; Dod\u00e1vka m\u00e4sa brav\u010dov\u00e9ho, hov\u00e4dzieho &nbsp; 1.8.2018 23.8.2018 24.8.2018 30.6.2019 &nbsp; &nbsp; &nbsp; &nbsp; &nbsp; &nbsp; &nbsp; &nbsp; &nbsp; &nbsp; &nbsp; &nbsp; &nbsp; [&hellip;]<\/p>\n","protected":false},"author":1,"featured_media":0,"parent":5261,"menu_order":0,"comment_status":"closed","ping_status":"closed","template":"","meta":{"footnotes":""},"class_list":["post-5271","page","type-page","status-publish","hentry"],"_links":{"self":[{"href":"http:\/\/www.obecklenova.sk\/index.php?rest_route=\/wp\/v2\/pages\/5271","targetHints":{"allow":["GET"]}}],"collection":[{"href":"http:\/\/www.obecklenova.sk\/index.php?rest_route=\/wp\/v2\/pages"}],"about":[{"href":"http:\/\/www.obecklenova.sk\/index.php?rest_route=\/wp\/v2\/types\/page"}],"author":[{"embeddable":true,"href":"http:\/\/www.obecklenova.sk\/index.php?rest_route=\/wp\/v2\/users\/1"}],"replies":[{"embeddable":true,"href":"http:\/\/www.obecklenova.sk\/index.php?rest_route=%2Fwp%2Fv2%2Fcomments&post=5271"}],"version-history":[{"count":2,"href":"http:\/\/www.obecklenova.sk\/index.php?rest_route=\/wp\/v2\/pages\/5271\/revisions"}],"predecessor-version":[{"id":5376,"href":"http:\/\/www.obecklenova.sk\/index.php?rest_route=\/wp\/v2\/pages\/5271\/revisions\/5376"}],"up":[{"embeddable":true,"href":"http:\/\/www.obecklenova.sk\/index.php?rest_route=\/wp\/v2\/pages\/5261"}],"wp:attachment":[{"href":"http:\/\/www.obecklenova.sk\/index.php?rest_route=%2Fwp%2Fv2%2Fmedia&parent=5271"}],"curies":[{"name":"wp","href":"https:\/\/api.w.org\/{rel}","templated":true}]}}