{"id":5273,"date":"2018-02-28T06:51:25","date_gmt":"2018-02-28T06:51:25","guid":{"rendered":"http:\/\/www.obecklenova.sk\/?page_id=5273"},"modified":"2018-10-01T11:57:57","modified_gmt":"2018-10-01T11:57:57","slug":"zmluvy-2018-ocu","status":"publish","type":"page","link":"http:\/\/www.obecklenova.sk\/?page_id=5273","title":{"rendered":"&#8211; Zmluvy 2018 (OcU)"},"content":{"rendered":"<table style=\"height: 1762px;\" border=\"0\">\n<tbody>\n<tr style=\"height: 95px;\">\n<td style=\"width: 114px; height: 95px;\"><em><strong>\u010c\u00edslo<\/strong><\/em><em><strong>\u00a0Zmluvy<\/strong><\/em><\/td>\n<td style=\"width: 79px; height: 95px;\"><em><strong>I\u010cO\u00a0<\/strong><\/em><\/td>\n<td style=\"width: 96px; height: 95px;\"><em><strong>Zmluvn\u00e1 strana<\/strong><\/em><\/td>\n<td style=\"width: 99px; height: 95px;\"><em><strong>N\u00e1zov zmluvy<\/strong><\/em><\/td>\n<td style=\"width: 104px; height: 95px;\"><em><strong>Predmet \/ Tovar<\/strong><\/em><\/td>\n<td style=\"width: 82px; height: 95px;\"><em><strong>Cena s DPH v EUR<\/strong><\/em><\/td>\n<td style=\"width: 10px; height: 95px;\"><em><strong>\u00a0D\u00e1tum podpisu\u00a0<\/strong><\/em><\/td>\n<td style=\"width: 188px; height: 95px;\"><em><strong>D\u00e1tum\u00a0<\/strong><\/em><\/p>\n<p><em><strong>\u00a0<\/strong><\/em><em><strong>zverejnenia\u00a0<\/strong><\/em><\/td>\n<td style=\"width: 88px; height: 95px;\"><em><strong>D\u00e1tum\u00a0<\/strong><\/em><\/p>\n<p><em><strong>\u00fa\u010dinnosti<\/strong><\/em><\/td>\n<td style=\"width: 91px; height: 95px;\"><em><strong>D\u00e1tum\u00a0<\/strong><\/em><\/p>\n<p><em><strong>ukon\u010denia<\/strong><\/em><\/td>\n<\/tr>\n<tr style=\"height: 119px;\">\n<td style=\"width: 114px; height: 119px;\">\u00a01\/2018<\/td>\n<td style=\"width: 79px; height: 119px;\"><\/td>\n<td style=\"width: 96px; height: 119px;\">\u00a0Nemocnica Snina, s.r.o., Sladkovi\u010dov\u00e1 300\/3<\/td>\n<td style=\"width: 99px; height: 119px;\">\u00a0Darovacia zmluva<\/td>\n<td style=\"width: 104px; height: 119px;\">\u00a0Dar na zak\u00fapenie CT pr\u00edstroja -po\u010d\u00edta\u010dov\u00fd tomogrf<\/td>\n<td style=\"width: 82px; height: 119px;\">1000,-<\/td>\n<td style=\"width: 10px; height: 119px;\">\u00a06.2.2018<\/td>\n<td style=\"width: 188px; height: 119px;\">28.02.2018<\/td>\n<td style=\"width: 88px; height: 119px;\">1.03.2018<\/td>\n<td style=\"width: 91px; height: 119px;\"><\/td>\n<\/tr>\n<tr style=\"height: 119px;\">\n<td style=\"width: 114px; height: 119px;\">\u00a02\/2018<\/td>\n<td style=\"width: 79px; height: 119px;\">36161152<\/td>\n<td style=\"width: 96px; height: 119px;\">\u00a0\u0160portov\u00fd klub, Klenov\u00e1<\/td>\n<td style=\"width: 99px; height: 119px;\">\u00a0Zmluva o poskytnut\u00ed fin. dot\u00e1cie\u00a0 z rozpo\u010dtu obce Klenov\u00e1<\/td>\n<td style=\"width: 104px; height: 119px;\">\u00a0Na \u010dinnos\u0165 \u0161portov\u00e9ho klubu<\/td>\n<td style=\"width: 82px; height: 119px;\">\u00a0400,00<\/td>\n<td style=\"width: 10px; height: 119px;\">14.03.2018<\/td>\n<td style=\"width: 188px; height: 119px;\">14.03.2018<\/td>\n<td style=\"width: 88px; height: 119px;\">\u00a015.03.2018<\/td>\n<td style=\"width: 91px; height: 119px;\"><\/td>\n<\/tr>\n<tr style=\"height: 119px;\">\n<td style=\"width: 114px; height: 119px;\">\u00a03\/2018<\/td>\n<td style=\"width: 79px; height: 119px;\">\u00a036161152<\/td>\n<td style=\"width: 96px; height: 119px;\">\u00a0\u00a0\u0160portov\u00fd klub, Klenov\u00e1<\/td>\n<td style=\"width: 99px; height: 119px;\">\u00a0\u00a0Zmluva o poskytnut\u00ed fin. dot\u00e1cie\u00a0 z rozpo\u010dtu obce Klenov\u00e1<\/td>\n<td style=\"width: 104px; height: 119px;\">\u00a0\u00a0Na \u010dinnos\u0165 \u0161portov\u00e9ho klubu<\/td>\n<td style=\"width: 82px; height: 119px;\">\u00a01100,00<\/td>\n<td style=\"width: 10px; height: 119px;\">03.05.2018<\/td>\n<td style=\"width: 188px; height: 119px;\">03.05.2018<\/td>\n<td style=\"width: 88px; height: 119px;\">04.05.2018<\/td>\n<td style=\"width: 91px; height: 119px;\"><\/td>\n<\/tr>\n<tr style=\"height: 215px;\">\n<td style=\"width: 114px; height: 215px;\">4\/2018<\/td>\n<td style=\"width: 79px; height: 215px;\">48039365<\/td>\n<td style=\"width: 96px; height: 215px;\">PP Protect s.r.o,Antona Bernol\u00e1ka \u010d.2,\u00a0 Michalovce<\/td>\n<td style=\"width: 99px; height: 215px;\">Zmluva o dielo<\/td>\n<td style=\"width: 104px; height: 215px;\">\u00a0V\u00fdkon funkcie zodpovednej osoby, bezpe\u010dnostn\u00e1 dokument\u00e1cia -ochrana osobn\u00fdch \u00fadajov<\/td>\n<td style=\"width: 82px; height: 215px;\">25,00 \u20ac mesa\u010dne<\/td>\n<td style=\"width: 10px; height: 215px;\">30.4.2018<\/td>\n<td style=\"width: 188px; height: 215px;\">03.05.2018<\/td>\n<td style=\"width: 88px; height: 215px;\">04.05.2018<\/td>\n<td style=\"width: 91px; height: 215px;\">36 mesiacov<\/td>\n<\/tr>\n<tr style=\"height: 191px;\">\n<td style=\"width: 114px; height: 191px;\">\u00a05\/2018<\/td>\n<td style=\"width: 79px; height: 191px;\">\u00a035979798<\/td>\n<td style=\"width: 96px; height: 191px;\">Natur-Pack,a.s., Ru\u017eova dolina 6, 821 08 Bratislava<\/td>\n<td style=\"width: 99px; height: 191px;\">Dodatok \u010d.1 k Zmluva o zabezpe\u010den\u00ed syst\u00e9mu zdru\u017een\u00e9ho nakladania s odpadmi z obalov<\/td>\n<td style=\"width: 104px; height: 191px;\">Zmeny v syst\u00e9me trieden\u00e9ho zberu pod\u013ea pr\u00edlohy \u010d. 1<\/td>\n<td style=\"width: 82px; height: 191px;\"><\/td>\n<td style=\"width: 10px; height: 191px;\">\u00a030.4.2018<\/td>\n<td style=\"width: 188px; height: 191px;\">3.5.2018<\/td>\n<td style=\"width: 88px; height: 191px;\">04.05.2018<\/td>\n<td style=\"width: 91px; height: 191px;\"><\/td>\n<\/tr>\n<tr style=\"height: 215px;\">\n<td style=\"width: 114px; height: 215px;\">\u00a06\/2018<\/td>\n<td style=\"width: 79px; height: 215px;\"><\/td>\n<td style=\"width: 96px; height: 215px;\">\u00a0Juraj Petrovaj, Klenov\u00e1 \u010d.7<\/td>\n<td style=\"width: 99px; height: 215px;\">\u00a0K\u00fapna zmluva<\/td>\n<td style=\"width: 104px; height: 215px;\">Predaj pozemkov parcela C KN \u010d. 110\/2 v\u00fdmera 24 m2\u00a0 a C KN \u010d.162\/2 v\u00fdmera 33 m2<\/td>\n<td style=\"text-align: right; width: 82px; height: 215px;\">\u00a054,00<\/td>\n<td style=\"width: 10px; height: 215px;\">\u00a021.02.2018<\/td>\n<td style=\"width: 188px; height: 215px;\">04.05.2018<\/td>\n<td style=\"width: 88px; height: 215px;\">05.05.2018<\/td>\n<td style=\"width: 91px; height: 215px;\"><\/td>\n<\/tr>\n<tr style=\"height: 119px;\">\n<td style=\"width: 114px; height: 119px;\">\u00a07\/2018<\/td>\n<td style=\"width: 79px; height: 119px;\">45299862<\/td>\n<td style=\"width: 96px; height: 119px;\">\u00a0IFC MEDIA, s.r.o., Kop\u010dianska 10, Bratislava<\/td>\n<td style=\"width: 99px; height: 119px;\">Distribu\u010dn\u00e1 a sublicen\u010dn\u00e1 zmluva<\/td>\n<td style=\"width: 104px; height: 119px;\">\u00a0Distrib\u00facia TV vysielania Mark\u00edza, Doma, Dajto<\/td>\n<td style=\"width: 82px; height: 119px;\">\u00a024,00 \u20ac\/mesa\u010dne<\/td>\n<td style=\"width: 10px; height: 119px;\">24.04.2018<\/td>\n<td style=\"width: 188px; height: 119px;\">10.05.2018<\/td>\n<td style=\"width: 88px; height: 119px;\">11.05.2018<\/td>\n<td style=\"width: 91px; height: 119px;\">\u00a028.02.2021<\/td>\n<\/tr>\n<tr style=\"height: 167px;\">\n<td style=\"width: 114px; height: 167px;\">\u00a08\/2018<\/td>\n<td style=\"width: 79px; height: 167px;\">45299862<\/td>\n<td style=\"width: 96px; height: 167px;\">\u00a0IFC MEDIA, s.r.o., Kop\u010dianska 10, Bratislava<\/td>\n<td style=\"width: 99px; height: 167px;\">\u00a0Dohoda o rentransmisii telev\u00edznej programovej slu\u017eby<\/td>\n<td style=\"width: 104px; height: 167px;\">Udelenie s\u00fahlasu na retransmisiu vysielania telev\u00edznej program. slu\u017eby TA3<\/td>\n<td style=\"width: 82px; height: 167px;\">\u00a030,00\/ mesa\u010dne<\/td>\n<td style=\"width: 10px; height: 167px;\">24.4.2018<\/td>\n<td style=\"width: 188px; height: 167px;\">10.05.2018<\/td>\n<td style=\"width: 88px; height: 167px;\">11.05.2018<\/td>\n<td style=\"width: 91px; height: 167px;\">31.12.2020<\/td>\n<\/tr>\n<tr style=\"height: 191px;\">\n<td style=\"width: 114px; height: 191px;\">9\/2018<\/td>\n<td style=\"width: 79px; height: 191px;\">36211451<\/td>\n<td style=\"width: 96px; height: 191px;\">F\u00fara, s.r.o., SNP 77, Rozhanovce<\/td>\n<td style=\"width: 99px; height: 191px;\">Dodatok 1\/2018 k zmluve o poskytovan\u00ed slu\u017eieb v oblasti nakladania s odpadmi<\/td>\n<td style=\"width: 104px; height: 191px;\">Dodatok k zmluve &#8211; cenov\u00e9 podmienky<\/td>\n<td style=\"width: 82px; height: 191px;\">0,80 eur\/ks , po\u010det ks 145<\/td>\n<td style=\"width: 10px; height: 191px;\">9.7.2018<\/td>\n<td style=\"width: 188px; height: 191px;\">6.8.2018<\/td>\n<td style=\"width: 88px; height: 191px;\"><\/td>\n<td style=\"width: 91px; height: 191px;\"><\/td>\n<\/tr>\n<tr style=\"height: 143px;\">\n<td style=\"width: 114px; height: 143px;\">10\/2018<\/td>\n<td style=\"width: 79px; height: 143px;\">00151866<\/td>\n<td style=\"width: 96px; height: 143px;\">Ministerstvo vn\u00fatra SR, Pribinova 2, Bratislava<\/td>\n<td style=\"width: 99px; height: 143px;\">Zmluva o v\u00fdpo\u017ei\u010dke \u010d. KRHZ-PO-2018\/452-172<\/td>\n<td style=\"width: 104px; height: 143px;\">S\u00faprava povod\u0148ovej z\u00e1chrannej slu\u017eby Kovoflex KF-T-2<\/td>\n<td style=\"width: 82px; height: 143px;\">\u00fa\u010dtovn\u00e1 hodnota\u00a0 12 170,54 obstar\u00e1vacia hodnota\u00a0 14318,54<\/td>\n<td style=\"width: 10px; height: 143px;\">28.6.2018<\/td>\n<td style=\"width: 188px; height: 143px;\">6.08.2018<\/td>\n<td style=\"width: 88px; height: 143px;\"><\/td>\n<td style=\"width: 91px; height: 143px;\">5 rokov<\/td>\n<\/tr>\n<tr style=\"height: 23px;\">\n<td style=\"width: 114px; height: 23px;\">11\/2018<\/td>\n<td style=\"width: 79px; height: 23px;\">36161152<\/td>\n<td style=\"width: 96px; height: 23px;\">\u0160portov\u00fd klub Klenov\u00e1<\/td>\n<td style=\"width: 99px; height: 23px;\">\u00a0\u00a0Zmluva o poskytnut\u00ed fin. dot\u00e1cie\u00a0 z rozpo\u010dtu obce Klenov\u00e1<\/td>\n<td style=\"width: 104px; height: 23px;\">\u00a0\u00a0Na \u010dinnos\u0165 \u0161portov\u00e9ho klubu<\/td>\n<td style=\"width: 82px; height: 23px; text-align: right;\">1000,00<\/td>\n<td style=\"width: 10px; height: 23px;\">6.8.2018<\/td>\n<td style=\"width: 188px; height: 23px;\">6.8.2018<\/td>\n<td style=\"width: 88px; height: 23px;\">7.8.2018<\/td>\n<td style=\"width: 91px; height: 23px;\">30.11.2018<\/td>\n<\/tr>\n<tr style=\"height: 23px;\">\n<td style=\"width: 114px; height: 23px;\">12\/2018<\/td>\n<td style=\"width: 79px; height: 23px;\">48039365<\/td>\n<td style=\"width: 96px; height: 23px;\">PP Protect, s.r.o, A. Bernol\u00e1ka 2, Michalovce<\/td>\n<td style=\"width: 99px; height: 23px;\">Dodatok k zmluve o dielo zo d\u0148a 30.4.2018<\/td>\n<td style=\"width: 104px; height: 23px;\">zmena zhotovite\u013ea GDPR Slovakia s.r.o., A. Bernol\u00e1ka \u010d.2, 07101 Michalovce<\/td>\n<td style=\"width: 82px; height: 23px;\">nezmenen\u00e9<\/td>\n<td style=\"width: 10px; height: 23px;\">6.8.2018<\/td>\n<td style=\"width: 188px; height: 23px;\">7.8.2018<\/td>\n<td style=\"width: 88px; height: 23px;\">7.8.2018<\/td>\n<td style=\"width: 91px; height: 23px;\"><\/td>\n<\/tr>\n<tr>\n<td style=\"width: 114px;\">13\/2018<\/td>\n<td style=\"width: 79px;\">37870475<\/td>\n<td style=\"width: 96px;\">Pre\u0161ovsk\u00fd samospr\u00e1vny kraj, N\u00e1mestie mieru 2, Pre\u0161ov<\/td>\n<td style=\"width: 99px;\">Zmluva \u010d.336\/2018\/DRSaSZ<\/td>\n<td style=\"width: 104px;\">Dot\u00e1cia z rozpo\u010dtu PSK \u0160port<\/td>\n<td style=\"width: 82px; text-align: right;\">500,00<\/td>\n<td style=\"width: 10px;\">3.8.2017<\/td>\n<td style=\"width: 188px;\">9.8.2018<\/td>\n<td style=\"width: 88px;\">10.8.2018<\/td>\n<td style=\"width: 91px;\">30.10.2018<\/td>\n<\/tr>\n<tr>\n<td style=\"width: 114px;\">14\/2018<\/td>\n<td style=\"width: 79px;\">50180746<\/td>\n<td style=\"width: 96px;\">KG-STAV Group s.r.o.<\/td>\n<td style=\"width: 99px;\">Zmluva o dielo<\/td>\n<td style=\"width: 104px;\">V\u00fdstavba chodn\u00edka na cintor\u00edn v obci Klenov\u00e1<\/td>\n<td style=\"width: 82px; text-align: right;\">20325,42<\/td>\n<td style=\"width: 10px;\">24.08.2018<\/td>\n<td style=\"width: 188px;\">24.08.2018<\/td>\n<td style=\"width: 88px;\">25.08.2018<\/td>\n<td style=\"width: 91px;\">10\/2018<\/td>\n<\/tr>\n<tr>\n<td style=\"width: 114px;\">15\/2018<\/td>\n<td style=\"width: 79px;\">35763469<\/td>\n<td style=\"width: 96px;\">Slovak Telekom, Bajkalsk\u00e1 28, Bratislava<\/td>\n<td style=\"width: 99px;\">Dodatok k zmluve o poskytovan\u00ed verejn\u00fdch slu\u017eieb<\/td>\n<td style=\"width: 104px;\">Telef\u00f3nne slu\u017eby<\/td>\n<td style=\"width: 82px; text-align: right;\">30,00<\/td>\n<td style=\"width: 10px;\">24.8.2018<\/td>\n<td style=\"width: 188px;\">24.8.208<\/td>\n<td style=\"width: 88px;\">25.8.2018<\/td>\n<td style=\"width: 91px;\">24 mesiacov<\/td>\n<\/tr>\n<tr>\n<td style=\"width: 114px;\">16\/2018<\/td>\n<td style=\"width: 79px;\">36161152<\/td>\n<td style=\"width: 96px;\">\u0160portov\u00fd klub Klenov\u00e1<\/td>\n<td style=\"width: 99px;\">Zmluva o poskytnut\u00ed finan\u010dnej dot\u00e1cie<\/td>\n<td style=\"width: 104px;\">\u00a0\u00a0Na \u010dinnos\u0165 \u0161portov\u00e9ho klubu<\/td>\n<td style=\"width: 82px; text-align: right;\">250,00<\/td>\n<td style=\"width: 10px;\">1.10.2018<\/td>\n<td style=\"width: 188px;\">1.10.2018<\/td>\n<td style=\"width: 88px;\">02.10.2018<\/td>\n<td style=\"width: 91px;\"><\/td>\n<\/tr>\n<tr style=\"height: 23px;\">\n<td style=\"width: 114px; height: 23px;\"><\/td>\n<td style=\"width: 79px; height: 23px;\"><\/td>\n<td style=\"width: 96px; height: 23px;\"><\/td>\n<td style=\"width: 99px; height: 23px;\"><\/td>\n<td style=\"width: 104px; height: 23px;\"><\/td>\n<td style=\"width: 82px; height: 23px;\"><\/td>\n<td style=\"width: 10px; height: 23px;\"><\/td>\n<td style=\"width: 188px; height: 23px;\"><\/td>\n<td style=\"width: 88px; height: 23px;\"><\/td>\n<td style=\"width: 91px; height: 23px;\"><\/td>\n<\/tr>\n<\/tbody>\n<\/table>\n<p>&nbsp;<\/p>\n","protected":false},"excerpt":{"rendered":"<p>\u010c\u00edslo\u00a0Zmluvy I\u010cO\u00a0 Zmluvn\u00e1 strana N\u00e1zov zmluvy Predmet \/ Tovar Cena s DPH v EUR \u00a0D\u00e1tum podpisu\u00a0 D\u00e1tum\u00a0 \u00a0zverejnenia\u00a0 D\u00e1tum\u00a0 \u00fa\u010dinnosti D\u00e1tum\u00a0 ukon\u010denia \u00a01\/2018 \u00a0Nemocnica Snina, s.r.o., Sladkovi\u010dov\u00e1 300\/3 \u00a0Darovacia zmluva \u00a0Dar na zak\u00fapenie CT pr\u00edstroja -po\u010d\u00edta\u010dov\u00fd tomogrf 1000,- \u00a06.2.2018 28.02.2018 1.03.2018 \u00a02\/2018 36161152 \u00a0\u0160portov\u00fd klub, Klenov\u00e1 \u00a0Zmluva o poskytnut\u00ed fin. dot\u00e1cie\u00a0 z rozpo\u010dtu obce Klenov\u00e1 [&hellip;]<\/p>\n","protected":false},"author":1,"featured_media":0,"parent":5261,"menu_order":0,"comment_status":"closed","ping_status":"closed","template":"","meta":{"footnotes":""},"class_list":["post-5273","page","type-page","status-publish","hentry"],"_links":{"self":[{"href":"http:\/\/www.obecklenova.sk\/index.php?rest_route=\/wp\/v2\/pages\/5273","targetHints":{"allow":["GET"]}}],"collection":[{"href":"http:\/\/www.obecklenova.sk\/index.php?rest_route=\/wp\/v2\/pages"}],"about":[{"href":"http:\/\/www.obecklenova.sk\/index.php?rest_route=\/wp\/v2\/types\/page"}],"author":[{"embeddable":true,"href":"http:\/\/www.obecklenova.sk\/index.php?rest_route=\/wp\/v2\/users\/1"}],"replies":[{"embeddable":true,"href":"http:\/\/www.obecklenova.sk\/index.php?rest_route=%2Fwp%2Fv2%2Fcomments&post=5273"}],"version-history":[{"count":20,"href":"http:\/\/www.obecklenova.sk\/index.php?rest_route=\/wp\/v2\/pages\/5273\/revisions"}],"predecessor-version":[{"id":5415,"href":"http:\/\/www.obecklenova.sk\/index.php?rest_route=\/wp\/v2\/pages\/5273\/revisions\/5415"}],"up":[{"embeddable":true,"href":"http:\/\/www.obecklenova.sk\/index.php?rest_route=\/wp\/v2\/pages\/5261"}],"wp:attachment":[{"href":"http:\/\/www.obecklenova.sk\/index.php?rest_route=%2Fwp%2Fv2%2Fmedia&parent=5273"}],"curies":[{"name":"wp","href":"https:\/\/api.w.org\/{rel}","templated":true}]}}