{"id":5275,"date":"2018-02-28T06:52:14","date_gmt":"2018-02-28T06:52:14","guid":{"rendered":"http:\/\/www.obecklenova.sk\/?page_id=5275"},"modified":"2018-12-07T07:18:14","modified_gmt":"2018-12-07T07:18:14","slug":"zmluvy-2018-zssms","status":"publish","type":"page","link":"http:\/\/www.obecklenova.sk\/?page_id=5275","title":{"rendered":"&#8211; Zmluvy 2018 (Z\u0160sM\u0160)"},"content":{"rendered":"<p>&nbsp;<\/p>\n<table style=\"height: 600px;\" border=\"0\">\n<tbody>\n<tr style=\"height: 96px;\">\n<td style=\"height: 96px; width: 110px;\"><em><strong>\u010c\u00edslo<\/strong><\/em><em><strong>\u00a0Zmluvy<\/strong><\/em><\/td>\n<td style=\"height: 96px; width: 7px;\"><em><strong>I\u010cO\u00a0<\/strong><\/em><\/td>\n<td style=\"height: 96px; width: 89px;\"><em><strong>Zmluvn\u00e1 strana<\/strong><\/em><\/td>\n<td style=\"height: 96px; width: 103px;\"><em><strong>N\u00e1zov zmluvy<\/strong><\/em><\/td>\n<td style=\"height: 96px; width: 103px;\"><em><strong>Predmet \/ Tovar<\/strong><\/em><\/td>\n<td style=\"height: 96px; width: 69px;\"><em><strong>Cena s DPH v EUR<\/strong><\/em><\/td>\n<td style=\"height: 96px; width: 82px;\"><em><strong>\u00a0D\u00e1tum podpisu\u00a0<\/strong><\/em><\/td>\n<td style=\"height: 96px; width: 102px;\"><em><strong>D\u00e1tum\u00a0\u00a0<\/strong><\/em><\/p>\n<p><em><strong>zverejnenia\u00a0<\/strong><\/em><\/td>\n<td style=\"height: 96px; width: 82px;\"><em><strong>D\u00e1tum<\/strong><\/em><\/p>\n<p><em><strong>\u00fa\u010dinnosti<\/strong><\/em><\/td>\n<td style=\"height: 96px; width: 88px;\"><em><strong>D\u00e1tum\u00a0<\/strong><\/em><\/p>\n<p><em><strong>ukon\u010denia<\/strong><\/em><\/td>\n<\/tr>\n<tr style=\"height: 96px;\">\n<td style=\"height: 96px; width: 110px;\">\u00a01\/2018<\/td>\n<td style=\"height: 96px; width: 7px;\"><\/td>\n<td style=\"height: 96px; width: 89px;\">\u0160EVT,a.s., Plyn\u00e1rensk\u00e1 6, Bansk\u00e1 Bystrica<\/td>\n<td style=\"height: 96px; width: 103px;\">\u00a0R\u00e1mcov\u00e1 k\u00fapna zmluva<\/td>\n<td style=\"height: 96px; width: 103px;\">Tla\u010div\u00e1<\/td>\n<td style=\"height: 96px; width: 69px;\">\u00a0pod\u013ea cenovej ponuky<\/td>\n<td style=\"height: 96px; width: 82px;\">8.2.2018<\/td>\n<td style=\"height: 96px; width: 102px;\">\u00a014.03.2018<\/td>\n<td style=\"height: 96px; width: 82px;\">\u00a015.03.2018<\/td>\n<td style=\"height: 96px; width: 88px;\"><\/td>\n<\/tr>\n<tr style=\"height: 168px;\">\n<td style=\"height: 168px; width: 110px;\">\u00a02\/2018<\/td>\n<td style=\"height: 168px; width: 7px;\"><\/td>\n<td style=\"height: 168px; width: 89px;\">\u00a0PP PROTECT, s.r.o., Antona Bernol\u00e1ka 2, Michalovce<\/td>\n<td style=\"height: 168px; width: 103px;\">\u00a0Zmluva o dielo<\/td>\n<td style=\"height: 168px; width: 103px;\">V\u00fdkon funkcie zodpovednej osoby, dokument\u00e1cia<\/td>\n<td style=\"height: 168px; width: 69px;\">\u00a020,- \u20ac \/mesa\u010dne<\/td>\n<td style=\"height: 168px; width: 82px;\">\u00a030.4.2018<\/td>\n<td style=\"height: 168px; width: 102px;\">7.05.2018<\/td>\n<td style=\"height: 168px; width: 82px;\">8.05.2018<\/td>\n<td style=\"height: 168px; width: 88px;\">36 mesiacov<\/td>\n<\/tr>\n<tr style=\"height: 192px;\">\n<td style=\"height: 192px; width: 110px;\">3\/2018<\/td>\n<td style=\"height: 192px; width: 7px;\"><\/td>\n<td style=\"height: 192px; width: 89px;\">F\u00fara, s.r.o., SNP 77, Rozhanovce<\/td>\n<td style=\"height: 192px; width: 103px;\">Zmluva o zbere,zvoze a zne\u0161kodnen\u00ed biologick\u00fd rozlo\u017eite\u013en\u00e9ho kuchynsk\u00e9ho a re\u0161taura\u010dn\u00e9ho odpadu<\/td>\n<td style=\"height: 192px; width: 103px;\">Zber, zvoz a zne\u0161kodnenie biolog. rozlo\u017eite\u013en\u00e9ho kuch. odpadu<\/td>\n<td style=\"text-align: right; height: 192px; width: 69px;\">40,00 \u20ac\/l<\/td>\n<td style=\"height: 192px; width: 82px;\">03.09.2018<\/td>\n<td style=\"height: 192px; width: 102px;\">13.09.2018<\/td>\n<td style=\"height: 192px; width: 82px;\">14.09.2018<\/td>\n<td style=\"height: 192px; width: 88px;\">neur\u010dito<\/td>\n<\/tr>\n<tr style=\"height: 24px;\">\n<td style=\"height: 24px; width: 110px;\">4\/2018<\/td>\n<td style=\"height: 24px; width: 7px;\"><\/td>\n<td style=\"height: 24px; width: 89px;\">Beky, a.s., Podrybnick\u00e1 1, 069 01 Snina<\/td>\n<td style=\"height: 24px; width: 103px;\">Zmluva o dod\u00e1vkach a odberoch tovaru<\/td>\n<td style=\"height: 24px; width: 103px;\">Dod\u00e1vka a odber drevnej \u0161tiepky<\/td>\n<td style=\"height: 24px; width: 69px;\">64,50 \u20ac\/t bez DPH<\/td>\n<td style=\"height: 24px; width: 82px;\">25.09.2018<\/td>\n<td style=\"height: 24px; width: 102px;\">01.10.2018<\/td>\n<td style=\"height: 24px; width: 82px;\">02.10.2018<\/td>\n<td style=\"height: 24px; width: 88px;\">01.07.2019<\/td>\n<\/tr>\n<tr>\n<td style=\"width: 110px;\">5\/2018<\/td>\n<td style=\"width: 7px;\">00687022<\/td>\n<td style=\"width: 89px;\">EKOTEC, sr.o., Lama\u010dsk\u00e1 cesta 20, 841 03 Bratislava<\/td>\n<td style=\"width: 103px;\">Zmluva o kontrolnej \u010dinnosti<\/td>\n<td style=\"width: 103px;\">Kontrola stavu detsk\u00e9ho ihriska<\/td>\n<td style=\"width: 69px;\">230,00 \u20ac bez DPH<\/td>\n<td style=\"width: 82px;\">27.11.2018<\/td>\n<td style=\"width: 102px;\">04.12.2018<\/td>\n<td style=\"width: 82px;\">05.12.2018<\/td>\n<td style=\"width: 88px;\">2 roky<\/td>\n<\/tr>\n<tr>\n<td style=\"width: 110px;\"><\/td>\n<td style=\"width: 7px;\"><\/td>\n<td style=\"width: 89px;\"><\/td>\n<td style=\"width: 103px;\"><\/td>\n<td style=\"width: 103px;\"><\/td>\n<td style=\"width: 69px;\"><\/td>\n<td style=\"width: 82px;\"><\/td>\n<td style=\"width: 102px;\"><\/td>\n<td style=\"width: 82px;\"><\/td>\n<td style=\"width: 88px;\"><\/td>\n<\/tr>\n<tr style=\"height: 24px;\">\n<td style=\"height: 24px; width: 110px;\"><\/td>\n<td style=\"height: 24px; width: 7px;\"><\/td>\n<td style=\"height: 24px; width: 89px;\"><\/td>\n<td style=\"height: 24px; width: 103px;\"><\/td>\n<td style=\"height: 24px; width: 103px;\"><\/td>\n<td style=\"height: 24px; width: 69px;\"><\/td>\n<td style=\"height: 24px; width: 82px;\"><\/td>\n<td style=\"height: 24px; width: 102px;\"><\/td>\n<td style=\"height: 24px; width: 82px;\"><\/td>\n<td style=\"height: 24px; width: 88px;\"><\/td>\n<\/tr>\n<\/tbody>\n<\/table>\n<p>&nbsp;<\/p>\n","protected":false},"excerpt":{"rendered":"<p>&nbsp; \u010c\u00edslo\u00a0Zmluvy I\u010cO\u00a0 Zmluvn\u00e1 strana N\u00e1zov zmluvy Predmet \/ Tovar Cena s DPH v EUR \u00a0D\u00e1tum podpisu\u00a0 D\u00e1tum\u00a0\u00a0 zverejnenia\u00a0 D\u00e1tum \u00fa\u010dinnosti D\u00e1tum\u00a0 ukon\u010denia \u00a01\/2018 \u0160EVT,a.s., Plyn\u00e1rensk\u00e1 6, Bansk\u00e1 Bystrica \u00a0R\u00e1mcov\u00e1 k\u00fapna zmluva Tla\u010div\u00e1 \u00a0pod\u013ea cenovej ponuky 8.2.2018 \u00a014.03.2018 \u00a015.03.2018 \u00a02\/2018 \u00a0PP PROTECT, s.r.o., Antona Bernol\u00e1ka 2, Michalovce \u00a0Zmluva o dielo V\u00fdkon funkcie zodpovednej osoby, dokument\u00e1cia [&hellip;]<\/p>\n","protected":false},"author":1,"featured_media":0,"parent":5261,"menu_order":0,"comment_status":"closed","ping_status":"closed","template":"","meta":{"footnotes":""},"class_list":["post-5275","page","type-page","status-publish","hentry"],"_links":{"self":[{"href":"http:\/\/www.obecklenova.sk\/index.php?rest_route=\/wp\/v2\/pages\/5275","targetHints":{"allow":["GET"]}}],"collection":[{"href":"http:\/\/www.obecklenova.sk\/index.php?rest_route=\/wp\/v2\/pages"}],"about":[{"href":"http:\/\/www.obecklenova.sk\/index.php?rest_route=\/wp\/v2\/types\/page"}],"author":[{"embeddable":true,"href":"http:\/\/www.obecklenova.sk\/index.php?rest_route=\/wp\/v2\/users\/1"}],"replies":[{"embeddable":true,"href":"http:\/\/www.obecklenova.sk\/index.php?rest_route=%2Fwp%2Fv2%2Fcomments&post=5275"}],"version-history":[{"count":7,"href":"http:\/\/www.obecklenova.sk\/index.php?rest_route=\/wp\/v2\/pages\/5275\/revisions"}],"predecessor-version":[{"id":5450,"href":"http:\/\/www.obecklenova.sk\/index.php?rest_route=\/wp\/v2\/pages\/5275\/revisions\/5450"}],"up":[{"embeddable":true,"href":"http:\/\/www.obecklenova.sk\/index.php?rest_route=\/wp\/v2\/pages\/5261"}],"wp:attachment":[{"href":"http:\/\/www.obecklenova.sk\/index.php?rest_route=%2Fwp%2Fv2%2Fmedia&parent=5275"}],"curies":[{"name":"wp","href":"https:\/\/api.w.org\/{rel}","templated":true}]}}