{"id":5282,"date":"2018-02-28T06:56:59","date_gmt":"2018-02-28T06:56:59","guid":{"rendered":"http:\/\/www.obecklenova.sk\/?page_id=5282"},"modified":"2018-08-23T08:22:28","modified_gmt":"2018-08-23T08:22:28","slug":"objednavky-2018-zssms","status":"publish","type":"page","link":"http:\/\/www.obecklenova.sk\/?page_id=5282","title":{"rendered":"&#8211; Objedn\u00e1vky 2018 (Z\u0160sM\u0160)"},"content":{"rendered":"<table style=\"height: 312px;\" border=\"0\">\n<tbody>\n<tr style=\"height: 96px;\">\n<td style=\"width: 54px; height: 96px;\"><em><strong>\u010cislo<\/strong><\/em><\/td>\n<td style=\"width: 267px; height: 96px;\"><em><strong>Dod\u00e1vate\u013e<\/strong><\/em><\/td>\n<td style=\"width: 53px; height: 96px;\"><em><strong>I\u010cO<\/strong><\/em><\/td>\n<td style=\"width: 203px; height: 96px;\"><em><strong>Predmet \/ Tovar<\/strong><\/em><\/td>\n<td style=\"width: 95px; height: 96px;\"><em><strong>Suma v \u20ac<\/strong><\/em><\/td>\n<td style=\"width: 110px; height: 96px;\"><em><strong>D\u00e1tum<\/strong><\/em><\/p>\n<p><em><strong>&nbsp;vystavenia<\/strong><\/em><\/td>\n<td style=\"width: 119px; height: 96px;\"><em><strong>Objedn\u00e1vku&nbsp;<\/strong><\/em><\/p>\n<p><em><strong>podp\u00edsal<\/strong><\/em><\/td>\n<\/tr>\n<tr style=\"height: 72px;\">\n<td style=\"width: 54px; height: 72px;\">1\/2018<\/td>\n<td style=\"width: 267px; height: 72px;\">Slovensk\u00e1 po\u0161ta, a.s, Partiz\u00e1nska cesta \u010d.9, Bansk\u00e1 Bystrica<\/td>\n<td style=\"width: 53px; height: 72px;\">36631124<\/td>\n<td style=\"width: 203px; height: 72px;\">Tla\u010diarensk\u00e9 slu\u017eby<\/td>\n<td style=\"width: 95px; height: 72px;\">&nbsp;<\/td>\n<td style=\"width: 110px; height: 72px;\">12.01.2018<\/td>\n<td style=\"width: 119px; height: 72px;\">riadite\u013eka \u0161koly &#8211; R\u0160, PaedDr. Ru\u0148aninov\u00e1&nbsp;&nbsp;<\/td>\n<\/tr>\n<tr style=\"height: 48px;\">\n<td style=\"width: 54px; height: 48px;\">2\/2018<\/td>\n<td style=\"width: 267px; height: 48px;\">Jozef Merga doprava, P\u00e1len\u010diarska 423, Snina<\/td>\n<td style=\"width: 53px; height: 48px;\">32392788<\/td>\n<td style=\"width: 203px; height: 48px;\">Pretlakovanie odpadu<\/td>\n<td style=\"width: 95px; height: 48px;\">314,40<\/td>\n<td style=\"width: 110px; height: 48px;\">01.02.2018<\/td>\n<td style=\"width: 119px; height: 48px;\">R\u0160<\/td>\n<\/tr>\n<tr style=\"height: 48px;\">\n<td style=\"width: 54px; height: 48px;\">3\/2018<\/td>\n<td style=\"width: 267px; height: 48px;\">Ing. Kir\u0148akov\u00e1 M\u00e1ria, Tomino, Podhorsk\u00e1 2130, Snina<\/td>\n<td style=\"width: 53px; height: 48px;\">32374232<\/td>\n<td style=\"width: 203px; height: 48px;\">U\u010debn\u00e9 pom\u00f4cky HN<\/td>\n<td style=\"width: 95px; height: 48px;\">166,00<\/td>\n<td style=\"width: 110px; height: 48px;\">28.02.2018<\/td>\n<td style=\"width: 119px; height: 48px;\">R\u0160<\/td>\n<\/tr>\n<tr style=\"height: 24px;\">\n<td style=\"width: 54px; height: 24px;\">4\/2018<\/td>\n<td style=\"width: 267px; height: 24px;\">ELMAT KP s.r.o., \u0160tef\u00e1nikov\u00e1 6358\/55, Humenn\u00e9<\/td>\n<td style=\"width: 53px; height: 24px;\">46115901<\/td>\n<td style=\"width: 203px; height: 24px;\">Ohrieva\u010d elektricky<\/td>\n<td style=\"width: 95px; height: 24px;\">39,95<\/td>\n<td style=\"width: 110px; height: 24px;\">28.02.2018<\/td>\n<td style=\"width: 119px; height: 24px;\">R\u0160<\/td>\n<\/tr>\n<tr style=\"height: 48px;\">\n<td style=\"width: 54px; height: 48px;\">5\/2018<\/td>\n<td style=\"width: 267px; height: 48px;\">Magic Print, s.r.o., Rovniankova 15, Bratislava<\/td>\n<td style=\"width: 53px; height: 48px;\">36617661<\/td>\n<td style=\"width: 203px; height: 48px;\">Toner HP 3 ks<\/td>\n<td style=\"width: 95px; height: 48px;\">90,00<\/td>\n<td style=\"width: 110px; height: 48px;\">19.03.2018<\/td>\n<td style=\"width: 119px; height: 48px;\">R\u0160<\/td>\n<\/tr>\n<tr style=\"height: 24px;\">\n<td style=\"width: 54px; height: 24px;\">6\/2018<\/td>\n<td style=\"width: 267px; height: 24px;\">ATRIS. s.r.o. , Snina<\/td>\n<td style=\"width: 53px; height: 24px;\">17079241<\/td>\n<td style=\"width: 203px; height: 24px;\">Slu\u017eby zmena hesla<\/td>\n<td style=\"width: 95px; height: 24px;\">36,00<\/td>\n<td style=\"width: 110px; height: 24px;\">26.03.2018<\/td>\n<td style=\"width: 119px; height: 24px;\">R\u0160<\/td>\n<\/tr>\n<tr style=\"height: 48px;\">\n<td style=\"width: 54px; height: 48px;\">7\/2018<\/td>\n<td style=\"width: 267px; height: 48px;\">Marek Huc,elektroservis, Partiz\u00e1nska 42, Huemnn\u00e9<\/td>\n<td style=\"width: 53px; height: 48px;\">41831250<\/td>\n<td style=\"width: 203px; height: 48px;\">Oprava spor\u00e1ka v \u0160J&nbsp;<\/td>\n<td style=\"width: 95px; height: 48px;\">&nbsp;<\/td>\n<td style=\"width: 110px; height: 48px;\">04.04.2018<\/td>\n<td style=\"width: 119px; height: 48px;\">R\u0160<\/td>\n<\/tr>\n<tr style=\"height: 48px;\">\n<td style=\"width: 54px; height: 48px;\">8\/2018<\/td>\n<td style=\"width: 267px; height: 48px;\">Bostar Slovakia, \u0160tudentsk\u00e1 1439\/2, Snina<\/td>\n<td style=\"width: 53px; height: 48px;\">33671575<\/td>\n<td style=\"width: 203px; height: 48px;\">Oprava kosa\u010dky&nbsp;<\/td>\n<td style=\"width: 95px; height: 48px;\">&nbsp;<\/td>\n<td style=\"width: 110px; height: 48px;\">04.04.2018<\/td>\n<td style=\"width: 119px; height: 48px;\">R\u0160<\/td>\n<\/tr>\n<tr style=\"height: 96px;\">\n<td style=\"width: 54px; height: 96px;\">9\/2018<\/td>\n<td style=\"width: 267px; height: 96px;\">STOCI,s.r.o., Angyalova 465\/83, Kremnica<\/td>\n<td style=\"width: 53px; height: 96px;\">44418957<\/td>\n<td style=\"width: 203px; height: 96px;\">Dreven\u00e9 krosn\u00e1,\u010dlnky 10 ks, tri\u010dkov\u00e9 klbko 30 ks, priadza pamok 5 kg -projekt KNM<\/td>\n<td style=\"width: 95px; height: 96px;\">&nbsp;<\/td>\n<td style=\"width: 110px; height: 96px;\">20.04.2018<\/td>\n<td style=\"width: 119px; height: 96px;\">R\u0160<\/td>\n<\/tr>\n<tr style=\"height: 48px;\">\n<td style=\"width: 54px; height: 48px;\">10\/2018<\/td>\n<td style=\"width: 267px; height: 48px;\">Ernst Hor\u0148\u00e1\u010dek HOregomm, Levice<\/td>\n<td style=\"width: 53px; height: 48px;\">14114101<\/td>\n<td style=\"width: 203px; height: 48px;\">Tk\u00e1\u010dske krosna Lorincz, nasnovanie 1 ks- projekt<\/td>\n<td style=\"width: 95px; height: 48px;\">250,00<\/td>\n<td style=\"width: 110px; height: 48px;\">20.04.2018<\/td>\n<td style=\"width: 119px; height: 48px;\">R\u0160<\/td>\n<\/tr>\n<tr style=\"height: 48px;\">\n<td style=\"width: 54px; height: 48px;\">11\/2018<\/td>\n<td style=\"width: 267px; height: 48px;\">Textil lux, N\u00e1mestie SNP 10, Rimavsk\u00e1 Sobota&nbsp;<\/td>\n<td style=\"width: 53px; height: 48px;\">33545413<\/td>\n<td style=\"width: 203px; height: 48px;\">Krojov\u00e1 l\u00e1tka, stuhy, bavlna &#8211; projekt KNM<\/td>\n<td style=\"width: 95px; height: 48px;\">&nbsp;<\/td>\n<td style=\"width: 110px; height: 48px;\">25.04.2018<\/td>\n<td style=\"width: 119px; height: 48px;\">R\u0160<\/td>\n<\/tr>\n<tr style=\"height: 72px;\">\n<td style=\"width: 54px; height: 72px;\">12\/2018<\/td>\n<td style=\"width: 267px; height: 72px;\">Region\u00e1lny \u00farad verejn\u00e9ho zdravotn\u00edctva, 26.novembra 1507\/2, Humenn\u00e9<\/td>\n<td style=\"width: 53px; height: 72px;\">00611018<\/td>\n<td style=\"width: 203px; height: 72px;\">Ober vzorky vody Z\u0160<\/td>\n<td style=\"width: 95px; height: 72px;\">56,00<\/td>\n<td style=\"width: 110px; height: 72px;\">12.06.2018<\/td>\n<td style=\"width: 119px; height: 72px;\">R\u0160<\/td>\n<\/tr>\n<tr style=\"height: 72px;\">\n<td style=\"width: 54px; height: 72px;\">13\/2018<\/td>\n<td style=\"width: 267px; height: 72px;\">Region\u00e1lny \u00farad verejn\u00e9ho zdravotn\u00edctva, 26.novembra 1507\/2, Humenn\u00e9<\/td>\n<td style=\"width: 53px; height: 72px;\">00611018<\/td>\n<td style=\"width: 203px; height: 72px;\">Ober vzorky vody \u0160J<\/td>\n<td style=\"width: 95px; height: 72px;\">56,00<\/td>\n<td style=\"width: 110px; height: 72px;\">12.06.2018<\/td>\n<td style=\"width: 119px; height: 72px;\">R\u0160<\/td>\n<\/tr>\n<tr style=\"height: 17px;\">\n<td style=\"width: 54px; height: 17px;\">14\/2018<\/td>\n<td style=\"width: 267px; height: 17px;\">Region\u00e1lny \u00farad verejn\u00e9ho zdravotn\u00edctva, Holl\u00e9ho 5, Pre\u0161ov<\/td>\n<td style=\"width: 53px; height: 17px;\">00610992<\/td>\n<td style=\"width: 203px; height: 17px;\">Laborat\u00f3rny rozbor vody Z\u0160<\/td>\n<td style=\"width: 95px; height: 17px;\">90,50<\/td>\n<td style=\"width: 110px; height: 17px;\">12.06.2018<\/td>\n<td style=\"width: 119px; height: 17px;\">R\u0160<\/td>\n<\/tr>\n<tr>\n<td style=\"width: 54px;\">15\/2018<\/td>\n<td style=\"width: 267px;\">Region\u00e1lny \u00farad verejn\u00e9ho zdravotn\u00edctva, Holl\u00e9ho 5, Pre\u0161ov<\/td>\n<td style=\"width: 53px;\">00610992<\/td>\n<td style=\"width: 203px;\">Laborat\u00f3rny rozbor vody \u0160J<\/td>\n<td style=\"width: 95px;\">90,50<\/td>\n<td style=\"width: 110px;\">12.06.2018<\/td>\n<td style=\"width: 119px;\">R\u0160<\/td>\n<\/tr>\n<tr>\n<td style=\"width: 54px;\">16\/2018<\/td>\n<td style=\"width: 267px;\">Gastrozone, s.r.o, Kone\u010dn\u00e9ho 13, Brno<\/td>\n<td style=\"width: 53px;\">29181747<\/td>\n<td style=\"width: 203px;\">teniere, misky, \u0161\u00e1lky &#8211; projekt KNM<\/td>\n<td style=\"width: 95px;\">120,18<\/td>\n<td style=\"width: 110px;\">15.06.2018<\/td>\n<td style=\"width: 119px;\">R\u0160<\/td>\n<\/tr>\n<tr>\n<td style=\"width: 54px;\">17\/2018<\/td>\n<td style=\"width: 267px;\">Maquita s.r.o. So\u013en\u00e1 738\/36, Nitrianske Pravno<\/td>\n<td style=\"width: 53px;\">36316881<\/td>\n<td style=\"width: 203px;\">\u0161tetce, farby na porcel\u00e1n<\/td>\n<td style=\"width: 95px;\">108,32<\/td>\n<td style=\"width: 110px;\">15.06.2018<\/td>\n<td style=\"width: 119px;\">R\u0160<\/td>\n<\/tr>\n<tr style=\"height: 24px;\">\n<td style=\"width: 54px; height: 24px;\">&nbsp;<\/td>\n<td style=\"width: 267px; height: 24px;\">&nbsp;<\/td>\n<td style=\"width: 53px; height: 24px;\">&nbsp;<\/td>\n<td style=\"width: 203px; height: 24px;\">&nbsp;<\/td>\n<td style=\"width: 95px; height: 24px;\">&nbsp;<\/td>\n<td style=\"width: 110px; height: 24px;\">&nbsp;<\/td>\n<td style=\"width: 119px; height: 24px;\">&nbsp;<\/td>\n<\/tr>\n<\/tbody>\n<\/table>\n<p>&nbsp;<\/p>\n","protected":false},"excerpt":{"rendered":"<p>\u010cislo Dod\u00e1vate\u013e I\u010cO Predmet \/ Tovar Suma v \u20ac D\u00e1tum &nbsp;vystavenia Objedn\u00e1vku&nbsp; podp\u00edsal 1\/2018 Slovensk\u00e1 po\u0161ta, a.s, Partiz\u00e1nska cesta \u010d.9, Bansk\u00e1 Bystrica 36631124 Tla\u010diarensk\u00e9 slu\u017eby &nbsp; 12.01.2018 riadite\u013eka \u0161koly &#8211; R\u0160, PaedDr. Ru\u0148aninov\u00e1&nbsp;&nbsp; 2\/2018 Jozef Merga doprava, P\u00e1len\u010diarska 423, Snina 32392788 Pretlakovanie odpadu 314,40 01.02.2018 R\u0160 3\/2018 Ing. Kir\u0148akov\u00e1 M\u00e1ria, Tomino, Podhorsk\u00e1 2130, Snina 32374232 [&hellip;]<\/p>\n","protected":false},"author":1,"featured_media":0,"parent":5263,"menu_order":0,"comment_status":"closed","ping_status":"closed","template":"","meta":{"footnotes":""},"class_list":["post-5282","page","type-page","status-publish","hentry"],"_links":{"self":[{"href":"http:\/\/www.obecklenova.sk\/index.php?rest_route=\/wp\/v2\/pages\/5282","targetHints":{"allow":["GET"]}}],"collection":[{"href":"http:\/\/www.obecklenova.sk\/index.php?rest_route=\/wp\/v2\/pages"}],"about":[{"href":"http:\/\/www.obecklenova.sk\/index.php?rest_route=\/wp\/v2\/types\/page"}],"author":[{"embeddable":true,"href":"http:\/\/www.obecklenova.sk\/index.php?rest_route=\/wp\/v2\/users\/1"}],"replies":[{"embeddable":true,"href":"http:\/\/www.obecklenova.sk\/index.php?rest_route=%2Fwp%2Fv2%2Fcomments&post=5282"}],"version-history":[{"count":6,"href":"http:\/\/www.obecklenova.sk\/index.php?rest_route=\/wp\/v2\/pages\/5282\/revisions"}],"predecessor-version":[{"id":5382,"href":"http:\/\/www.obecklenova.sk\/index.php?rest_route=\/wp\/v2\/pages\/5282\/revisions\/5382"}],"up":[{"embeddable":true,"href":"http:\/\/www.obecklenova.sk\/index.php?rest_route=\/wp\/v2\/pages\/5263"}],"wp:attachment":[{"href":"http:\/\/www.obecklenova.sk\/index.php?rest_route=%2Fwp%2Fv2%2Fmedia&parent=5282"}],"curies":[{"name":"wp","href":"https:\/\/api.w.org\/{rel}","templated":true}]}}