{"id":5405,"date":"2018-09-10T06:28:19","date_gmt":"2018-09-10T06:28:19","guid":{"rendered":"http:\/\/www.obecklenova.sk\/?page_id=5405"},"modified":"2026-04-28T11:50:18","modified_gmt":"2026-04-28T11:50:18","slug":"volby","status":"publish","type":"page","link":"http:\/\/www.obecklenova.sk\/?page_id=5405","title":{"rendered":"Vo\u013eby"},"content":{"rendered":"\n<p>\u00a0<\/p>\n<p><strong>Referendum\u00a0 4.7.2026<\/strong><\/p>\n<p>Inform\u00e1cia o podmienkach pr\u00e1va hlasova\u0165 v referende , <a href=\"http:\/\/www.obecklenova.sk\/wp-content\/uploads\/2026\/04\/Informacia-o-podmienkach-prava-hlsova-v-referende.pdf\">stiahnu\u0165<\/a><\/p>\n<p>Rozhodnutie prezidenta SR z 20.4.2026 o vyhl\u00e1sen\u00ed referenda, <a href=\"http:\/\/www.obecklenova.sk\/wp-content\/uploads\/2026\/04\/Rozhodnutie-prezidenta-SR-z-20.4.2026-o-vyhlaseni-referenda.pdf\">stiahnu\u0165\u00a0<\/a><\/p>\n<p>Inform\u00e1cia o podmienkach pr\u00e1va hlasova\u0165 v referende v rusin. jazyku, <a href=\"http:\/\/www.obecklenova.sk\/wp-content\/uploads\/2026\/04\/Informacia-o-podmienkach-prava-hlsova-v-referende-v-rusin.-jazyku-1-1.pdf\">stiahnu\u0165<\/a><\/p>\n<p>\u00a0<\/p>\n\n\n\n<p><strong>Vo\u013eby do Eur\u00f3pskeho parlamentu<\/strong><\/p>\n<p>Z\u00e1pisnica OVK vo\u013eby prezidenta 2. kolo 6.4.2024&nbsp; &nbsp; &nbsp; &nbsp; &nbsp; &nbsp; &nbsp; &nbsp; &nbsp; &nbsp; &nbsp; &nbsp; &nbsp; &nbsp; &nbsp;<a href=\"http:\/\/www.obecklenova.sk\/wp-content\/uploads\/2024\/04\/Zapisnica-OVK-volby-prezidenta-SR-2.-kolo-6_4_2024.pdf\">Stiahnu\u0165<\/a><\/p>\n<p>Z\u00e1pisnica OVK vo\u013eby prezidenta 1. kolo 23.3.2024&nbsp; &nbsp; &nbsp; &nbsp; &nbsp; &nbsp; &nbsp; &nbsp; &nbsp; &nbsp; &nbsp; &nbsp; &nbsp; &nbsp; &nbsp;<a href=\"http:\/\/www.obecklenova.sk\/wp-content\/uploads\/2024\/04\/Zapisnica-OVK-volby-prezidenta-SR-1-kolo-23_3_2024.pdf\">Stiahnu\u0165<\/a><\/p>\n<p>Menovanie zapisovate\u013ea OVK pre vo\u013eby do EP 2024&nbsp; &nbsp; &nbsp; &nbsp; &nbsp; &nbsp; &nbsp; &nbsp; &nbsp; &nbsp; &nbsp; &nbsp; &nbsp; &nbsp;<a href=\"http:\/\/www.obecklenova.sk\/wp-content\/uploads\/2024\/03\/Menovanie-zapisovatela-utvorenie-volebnych-okrskov-Obec-Klenova-volby-do-EP-2024.pdf\">Stiahnu\u0165<\/a><\/p>\n<p>Utvorenie volebn\u00fdch okrskov a ur\u010denie miestnosti&nbsp; &nbsp; &nbsp; &nbsp; &nbsp; &nbsp; &nbsp; &nbsp; &nbsp; &nbsp; &nbsp; &nbsp; &nbsp; &nbsp; &nbsp;<a href=\"http:\/\/www.obecklenova.sk\/wp-content\/uploads\/2024\/03\/Urcenie-volebne-okrsky-a-vol.-miestnosti-2024.pdf\">Stiahnu\u0165<\/a><\/p>\n<p>Inform\u00e1cie pre voli\u010da&nbsp; &nbsp; &nbsp; &nbsp; &nbsp; &nbsp; &nbsp; &nbsp; &nbsp; &nbsp; &nbsp; &nbsp; &nbsp; &nbsp; &nbsp; &nbsp; &nbsp; &nbsp; &nbsp; &nbsp; &nbsp; &nbsp; &nbsp; &nbsp; &nbsp; &nbsp; &nbsp; &nbsp; &nbsp; &nbsp; &nbsp; &nbsp; &nbsp; &nbsp; &nbsp; &nbsp; &nbsp; &nbsp; <a href=\"http:\/\/www.obecklenova.sk\/wp-content\/uploads\/2024\/02\/Informacie-pre-volica-Ministerstvo-vnutra-SR-volby-do-EP-2024.pdf\">Stiahnu\u0165<\/a><\/p>\n<p>Inform\u00e1cie pre voli\u010da&nbsp; v AJ&nbsp; &nbsp; &nbsp; &nbsp; &nbsp; &nbsp; &nbsp; &nbsp; &nbsp; &nbsp; &nbsp; &nbsp; &nbsp; &nbsp; &nbsp; &nbsp; &nbsp; &nbsp; &nbsp; &nbsp; &nbsp; &nbsp; &nbsp; &nbsp; &nbsp; &nbsp; &nbsp; &nbsp; &nbsp; &nbsp; &nbsp; &nbsp; &nbsp; &nbsp; <a href=\"http:\/\/www.obecklenova.sk\/wp-content\/uploads\/2024\/02\/Information-for-the-voter-Ministerstvo-vnutra-SR-Volby-do-EP-2024.pdf\">Stiahnu\u0165<\/a><\/p>\n\n\n\n<p><strong>Vo\u013eby prezidenta SR<\/strong><\/p>\n<p>Zoznam kandid\u00e1tov&nbsp; &nbsp; &nbsp; &nbsp; &nbsp; &nbsp; &nbsp; &nbsp; &nbsp; &nbsp; &nbsp; &nbsp; &nbsp; &nbsp; &nbsp; &nbsp; &nbsp; &nbsp; &nbsp; &nbsp; &nbsp; &nbsp; &nbsp; &nbsp; &nbsp; &nbsp; &nbsp; &nbsp; &nbsp; &nbsp; &nbsp; &nbsp; &nbsp; &nbsp; &nbsp; &nbsp; &nbsp; &nbsp; &nbsp; &nbsp; &nbsp; <a href=\"http:\/\/www.obecklenova.sk\/wp-content\/uploads\/2024\/02\/P24_0Kandidati1.pdf\">Stiahnu\u0165<\/a><\/p>\n<p>Rozhodnutie o vyhl\u00e1sen\u00ed volieb&nbsp; &nbsp; &nbsp; &nbsp; &nbsp; &nbsp; &nbsp; &nbsp; &nbsp; &nbsp; &nbsp; &nbsp; &nbsp; &nbsp; &nbsp; &nbsp; &nbsp; &nbsp; &nbsp; &nbsp; &nbsp; &nbsp; &nbsp; &nbsp; &nbsp; &nbsp; &nbsp; &nbsp; &nbsp; &nbsp; &nbsp; &nbsp; <a href=\"http:\/\/www.obecklenova.sk\/wp-content\/uploads\/2024\/01\/Rozhodnutie-predsedu-NR-SR-o-vyhlaseni-volieb-SR-2.pdf\">Stiahnu\u0165<\/a><\/p>\n<p>Utvorenie volebn\u00fdch okrskov&nbsp; &nbsp; &nbsp; &nbsp; &nbsp; &nbsp; &nbsp; &nbsp; &nbsp; &nbsp; &nbsp; &nbsp; &nbsp; &nbsp; &nbsp; &nbsp; &nbsp; &nbsp; &nbsp; &nbsp; &nbsp; &nbsp; &nbsp; &nbsp; &nbsp; &nbsp; &nbsp; &nbsp; &nbsp; &nbsp; &nbsp; &nbsp; &nbsp; &nbsp; <a href=\"http:\/\/www.obecklenova.sk\/wp-content\/uploads\/2024\/01\/uTVORENIE-volebnych-okrskov-a-ucenie-miestosti-obec-Klenova.pdf\">Stiahnu\u0165<\/a><\/p>\n<p>Zverejnenie emailovej adresy&nbsp; &nbsp; &nbsp; &nbsp; &nbsp; &nbsp; &nbsp; &nbsp; &nbsp; &nbsp; &nbsp; &nbsp; &nbsp; &nbsp; &nbsp; &nbsp; &nbsp; &nbsp; &nbsp; &nbsp; &nbsp; &nbsp; &nbsp; &nbsp; &nbsp; &nbsp; &nbsp; &nbsp; &nbsp; &nbsp; &nbsp; &nbsp; &nbsp; &nbsp; <a href=\"http:\/\/www.obecklenova.sk\/wp-content\/uploads\/2024\/01\/oznam-emailova-adresa.pdf\">Stiahnu\u0165<\/a><\/p>\n\n\n\n<p><a href=\"http:\/\/www.obecklenova.sk\/wp-content\/uploads\/2023\/06\/Vyhl__senie_volieb.pdf\">Vo\u013eby do N\u00e1rodnej rady SR 2023<\/a><\/p>\n<p>Vyhl\u00e1senie volieb&nbsp; &nbsp; &nbsp; &nbsp; &nbsp; &nbsp; &nbsp; &nbsp; &nbsp; &nbsp; &nbsp; &nbsp; &nbsp; &nbsp; &nbsp; &nbsp; &nbsp; &nbsp; &nbsp; &nbsp; &nbsp; &nbsp; &nbsp; &nbsp; &nbsp; &nbsp; &nbsp; &nbsp; &nbsp; &nbsp; &nbsp; &nbsp; &nbsp; &nbsp; &nbsp; &nbsp; &nbsp; &nbsp; &nbsp; &nbsp; &nbsp; &nbsp; &nbsp; &nbsp; &nbsp;<a href=\"http:\/\/www.obecklenova.sk\/wp-content\/uploads\/2023\/06\/Vyhl__senie_volieb.pdf\">Stiahnu\u0165<\/a><\/p>\n<p>&nbsp;Inform\u00e1cia pre voli\u010da&nbsp; &nbsp; &nbsp; &nbsp; &nbsp; &nbsp; &nbsp; &nbsp; &nbsp; &nbsp; &nbsp; &nbsp; &nbsp; &nbsp; &nbsp; &nbsp; &nbsp; &nbsp; &nbsp; &nbsp; &nbsp; &nbsp; &nbsp; &nbsp; &nbsp; &nbsp; &nbsp; &nbsp; &nbsp; &nbsp; &nbsp; &nbsp; &nbsp; &nbsp; &nbsp; &nbsp; &nbsp; &nbsp; &nbsp; &nbsp; &nbsp; <a href=\"http:\/\/www.obecklenova.sk\/wp-content\/uploads\/2023\/06\/Inform__cie_pre_voli__a.pdf\">Stiahnu\u0165<\/a><\/p>\n<p>Utvorenie volebn\u00fdch okrskov a miestnosti&nbsp; &nbsp; &nbsp; &nbsp; &nbsp; &nbsp; &nbsp; &nbsp; &nbsp; &nbsp; &nbsp; &nbsp; &nbsp; &nbsp; &nbsp; &nbsp; &nbsp; &nbsp; &nbsp; &nbsp; &nbsp; &nbsp; &nbsp; &nbsp; &nbsp; &nbsp;<a href=\"http:\/\/www.obecklenova.sk\/wp-content\/uploads\/2023\/06\/Urcenie-volebne-okrsky-a-vol.-miestnosti-2023.pdf\">Stiahnu\u0165<\/a><\/p>\n<p><a style=\"pointer-events: none;\" href=\"http:\/\/www.obecklenova.sk\/wp-content\/uploads\/2023\/06\/oznam-emailova-adresa.pdf\">Adresa na doru\u010denie&nbsp; ozn\u00e1menia o delegovan\u00ed \u010dlena a <\/a>n\u00e1hradn\u00edka&nbsp; &nbsp; &nbsp; &nbsp; &nbsp; &nbsp; &nbsp;<a href=\"http:\/\/www.obecklenova.sk\/wp-content\/uploads\/2023\/06\/oznam-emailova-adresa.pdf\">Stiahnu\u0165<\/a><\/p>\n\n\n\n<p>Referendum 2023<\/p>\n<p><a style=\"pointer-events: none;\" href=\"http:\/\/www.obecklenova.sk\/wp-content\/uploads\/2022\/11\/Vyhlasenie-referenda-2023.docx\">Vyhl\u00e1senie referenda<\/a><\/p>\n<p><a style=\"pointer-events: none;\" href=\"http:\/\/www.obecklenova.sk\/wp-content\/uploads\/2022\/11\/Zverejnenie-elektornickej-adresy-pre-volbu-postou.pdf\">Zverejnenie elektronickej adresy pre vo\u013ebu po\u0161tou<\/a><\/p>\n<p><a style=\"pointer-events: none;\" href=\"http:\/\/www.obecklenova.sk\/wp-content\/uploads\/2022\/11\/Zverejnenie-elektornickej-adresy-na-dorucovanie-oznamenia-o-delegovani-clena-OVK.pdf\">Zverejnenie elektronickej adresy pre delegovanie \u010dlena a n\u00e1hradn\u00edka do&nbsp; OVK<\/a><\/p>\n<p>&nbsp;<\/p>\n\n\n\n<p><strong>Vo\u013eby do org\u00e1nov samospr\u00e1vy obci&nbsp; 2022<\/strong><\/p>\n<p><a href=\"http:\/\/www.obecklenova.sk\/wp-content\/uploads\/2022\/06\/2022_209-1-Rozhodnutie-o-vyhlaseni-volieb.pdf\">Rozhodnutie predsedu NR SR z 28.6.2022 o vyhl\u00e1sen\u00ed volieb do org\u00e1nov samospr\u00e1vy obc\u00ed a o vyhl\u00e1sen\u00ed volieb do org\u00e1nov samospr\u00e1vnych krajov&nbsp;<\/a><\/p>\n<p><a href=\"http:\/\/www.obecklenova.sk\/wp-content\/uploads\/2022\/06\/Informacia-o-podmienkach-prava-volit-a-prava-byt-voleny.pdf\">Inform\u00e1cie o podmienkach pr\u00e1va voli\u0165 a pr\u00e1va by\u0165 volen\u00fd&nbsp;<\/a><\/p>\n<p><a href=\"http:\/\/www.obecklenova.sk\/wp-content\/uploads\/2022\/07\/Oznamenie-o-utvoreni-volebneho-obvodu-a-o-urceni-pooctu-poslancov-pre-volby-do-organov-samospravy-obci.pdf\">Ozn\u00e1menie o utvoren\u00ed volen\u00e9ho obvodu a o ur\u010den\u00ed po\u010dtu poslancov pre vo\u013eby do org\u00e1nov samospr\u00e1vy obci&nbsp;<\/a><\/p>\n<p><a href=\"http:\/\/www.obecklenova.sk\/wp-content\/uploads\/2022\/07\/Menovanie-zapisovatela-miestnej-volebnej-komisie-do-organov-samospravy-obci-a-volieb-do-organov-samospravnych-krajov.pdf\">Menovanie zapisovate\u013ea miestnej volebnej komisie do volieb org\u00e1nov samospr\u00e1vy obci a volieb do org\u00e1nov samospr\u00e1vnych krajov v roku 2022<\/a><\/p>\n<p><a href=\"http:\/\/www.obecklenova.sk\/wp-content\/uploads\/2022\/08\/Oznam-pre-poloticke-strany-dorucenie-clena-OVK-MVK-2022.docx\">Oznam pre politick\u00e9 strany a hnutia adresu na doru\u010denie ozn\u00e1menia o delegovan\u00ed \u010dlena a n\u00e1hradn\u00edka do miestnej a okrskovej volebnej komisie&nbsp;<\/a><\/p>\n<p><a href=\"http:\/\/www.obecklenova.sk\/wp-content\/uploads\/2022\/08\/oznamenie-o-pocte-obyvatelov.pdf\">Ozn\u00e1menie o po\u010dte obyvate\u013eov obce&nbsp;<\/a><\/p>\n<p><a href=\"http:\/\/www.obecklenova.sk\/wp-content\/uploads\/2022\/09\/Zoznam-zaregistrovanych-kandidatov-Starosta-OSO22_V512a.pdf\">Zoznam zaregistrovan\u00fdch kandid\u00e1tov pre vo\u013eby starostu&nbsp;<\/a><\/p>\n<p><a href=\"http:\/\/www.obecklenova.sk\/wp-content\/uploads\/2022\/09\/V512-Zoznam-zaregistrovanych-kand.-poslanci-OSO_2022.pdf\">Zoznam zaregistrovan\u00fdch kandid\u00e1tov pre vo\u013eby do&nbsp; obecn\u00e9ho zastupite\u013estva&nbsp;<\/a><\/p>\n<p><a href=\"http:\/\/www.obecklenova.sk\/wp-content\/uploads\/2022\/11\/Zapisnica-OKV-o-vysledku-volieb-v-obci-vo-volbach-do-organov-samospravy-obci-2022_compressed-1.pdf\">V\u00fdsledky volieb do samospr\u00e1vy obce 2022<\/a><\/p>\n<p>&nbsp;<\/p>\n<p>&nbsp;<\/p>\n<p><strong>Vo\u013eby do org\u00e1nov samospr\u00e1vnych krajov 2022<\/strong><\/p>\n<p><a href=\"http:\/\/www.obecklenova.sk\/wp-content\/uploads\/2022\/06\/2022_209-1-Rozhodnutie-o-vyhlaseni-volieb.pdf\">Rozhodnutie&nbsp;<\/a><\/p>\n<p><a href=\"http:\/\/www.obecklenova.sk\/wp-content\/uploads\/2022\/06\/Informacia-o-podmienkach-prava-volit-a-prava-byt-voleny.pdf\">Inform\u00e1cie o podmienkach pr\u00e1va voli\u0165 a pr\u00e1va by\u0165 volen\u00fd&nbsp;<\/a><\/p>\n<p>&nbsp;<\/p>\n<p>&nbsp;<\/p>\n<p>&nbsp;<\/p>\n\n\n\n<p><strong>Vo\u013eby do N\u00e1rodnej rady SR<\/strong> 2019<\/p>\n<p>&nbsp;<\/p>\n<table style=\"border-collapse: collapse; width: 100%; height: 185px;\">\n<tbody>\n<tr style=\"height: 70px;\">\n<td style=\"width: 54.885%; height: 70px;\">E-mail obce Klenov\u00e1 na doru\u010denie ozn\u00e1menia o delegovan\u00ed \u010dlena a n\u00e1hradn\u00edka do okrskovej volebnej komisie:&nbsp;&nbsp;<\/td>\n<td style=\"width: 25.2299%; height: 70px;\">obecklenova@lekosonline.sk<\/td>\n<td style=\"width: 19.885%; height: 70px;\">&nbsp;<\/td>\n<\/tr>\n<tr style=\"height: 23px;\">\n<td style=\"width: 54.885%; height: 23px;\">&nbsp;<\/td>\n<td style=\"width: 25.2299%; height: 23px;\">&nbsp;<\/td>\n<td style=\"width: 19.885%; height: 23px;\">&nbsp;<\/td>\n<\/tr>\n<tr style=\"height: 46px;\">\n<td style=\"width: 54.885%; height: 46px;\">Inform\u00e1cia o podmienkach pr\u00e1va voli\u0165 a pr\u00e1va by\u0165 volen\u00fd<\/td>\n<td style=\"width: 25.2299%; height: 46px;\"><a href=\"http:\/\/www.obecklenova.sk\/wp-content\/uploads\/2019\/11\/Inform\u00e1cia-o-podmienkach-pr\u00e1va-voli\u0165-a-pr\u00e1va-by\u0165-volen\u00fd.docx\">stiahnu\u0165<\/a><\/td>\n<td style=\"width: 19.885%; height: 46px;\">&nbsp;<\/td>\n<\/tr>\n<tr style=\"height: 23px;\">\n<td style=\"width: 54.885%; height: 23px;\">&nbsp;<\/td>\n<td style=\"width: 25.2299%; height: 23px;\">&nbsp;<\/td>\n<td style=\"width: 19.885%; height: 23px;\">&nbsp;<\/td>\n<\/tr>\n<tr style=\"height: 23px;\">\n<td style=\"width: 54.885%; height: 23px;\">&nbsp;<\/td>\n<td style=\"width: 25.2299%; height: 23px;\">&nbsp;<\/td>\n<td style=\"width: 19.885%; height: 23px;\">&nbsp;<\/td>\n<\/tr>\n<\/tbody>\n<\/table>\n\n\n<p><strong>Oznam pre vo\u013eby do\u00a0 Eur\u00f3pskeho parlamentu v roku 2019<\/strong><\/p>\n<p>Emailov\u00e1 adresa na doru\u010denie ozn\u00e1menia o delegovan\u00ed \u010dlena a n\u00e1hradn\u00edka do okrskovej volebnej komisie:<\/p>\n<p><strong>obecklenova@lekosonline.sk<\/strong><\/p>\n<p style=\"text-align: center;\"><strong>ZOZNAM ZAREGISTROVAN\u00ddCH KANDID\u00c1TOV\u00a0 \u00a0 \u00a0 \u00a0 \u00a0 \u00a0 \u00a0<\/strong><\/p>\n<p style=\"text-align: center;\"><strong> \u00a0 \u00a0 \u00a0<\/strong><\/p>\n<p style=\"text-align: center;\"><strong>pre vo\u013eby starostu obce <\/strong><\/p>\n<p style=\"text-align: center;\"><strong>v Klenovej<\/strong><\/p>\n<p>Obec\u00a0 Klenov\u00e1 \u00a0uverej\u0148uje pod\u013ea \u00a7 178 ods. 2 z\u00e1kona \u010d. 180\/2014 Z. z. o podmienkach v\u00fdkonu volebn\u00e9ho pr\u00e1va a o zmene a doplnen\u00ed niektor\u00fdch z\u00e1konov v znen\u00ed neskor\u0161\u00edch predpisov zoznam kandid\u00e1tov, zaregistrovan\u00fdch pre vo\u013eby <strong>starostu obce<\/strong> <sup>1)<\/sup>:<\/p>\n<p>Poradov\u00e9 \u010d\u00edslo, meno, priezvisko,<a href=\"#_ftn2\" name=\"_ftnref2\">2)<\/a> titul, vek, zamestnanie, n\u00e1zov politickej strany<a href=\"#_ftn3\" name=\"_ftnref3\">3)<\/a><\/p>\n<p><sup>\u00a0<\/sup><\/p>\n<ol>\n<li>Jana Fedinov\u00e1, 36, zdravotn\u00e1 sestra, Sme rodina \u2013 Boris Koll\u00e1r<\/li>\n<li>Patrik Pu\u0161k\u00e1r, Ing., 30, SZ\u010cO, nez\u00e1visl\u00fd kandid\u00e1t<\/li>\n<li>Iveta \u0160vabov\u00e1, 47, ved\u00faca \u0160J, Smer \u2013 soci\u00e1lna demokracia<\/li>\n<li>Slavomil Voloch, 60, starosta obce, Slovensk\u00e1 n\u00e1rodn\u00e1 strana<\/li>\n<\/ol>\n<h6>\u00a0<\/h6>\n<table style=\"width: 100%;\">\n<tbody>\n<tr>\n<td style=\"width: 8.45238%;\" width=\"24\">V<\/td>\n<td style=\"width: 90.7143%;\" colspan=\"2\" width=\"283\">Klenovej<\/td>\n<\/tr>\n<tr>\n<td style=\"width: 21.1905%;\" colspan=\"2\" width=\"61\">D\u00e1tum:<\/td>\n<td style=\"width: 77.9762%;\" width=\"246\">24.09.2018<\/td>\n<\/tr>\n<tr>\n<td style=\"width: 8.45238%;\" width=\"30\">\u00a0<\/td>\n<td style=\"width: 12.7381%;\" width=\"47\">\u00a0<\/td>\n<td style=\"width: 77.9762%;\" width=\"307\">\u00a0<\/td>\n<\/tr>\n<\/tbody>\n<\/table>\n<p>MVDr. M\u00e1ria \u0160omkov\u00e1, predseda MVK<\/p>\n<p>odtla\u010dok pe\u010diatky obce<\/p>\n<p><a href=\"#_ftnref1\" name=\"_ftn1\">1)<\/a> Nehodiace sa pre\u010diarknite (vypustite).<\/p>\n<p><a href=\"#_ftnref2\" name=\"_ftn2\">2)<\/a> Kandid\u00e1ti sa uved\u00fa v abecednom porad\u00ed pod\u013ea priezviska.<\/p>\n<p><a href=\"#_ftnref3\" name=\"_ftn3\">3)<\/a> Uvedie sa n\u00e1zov politickej strany, politick\u00e9ho hnutia alebo n\u00e1zvy politick\u00fdch str\u00e1n a\u00a0politick\u00fdch hnut\u00ed tvoriacich koal\u00edciu alebo \u00fadaj o\u00a0tom, \u017ee ide o\u00a0nez\u00e1visl\u00e9ho kandid\u00e1ta.<\/p>\n<p style=\"text-align: right;\">V\/12<\/p>\n<p style=\"text-align: center;\"><strong>ZOZNAM ZAREGISTROVAN\u00ddCH KANDID\u00c1TOV\u00a0 \u00a0 \u00a0 \u00a0 \u00a0 \u00a0 \u00a0 \u00a0 \u00a0 \u00a0 \u00a0\u00a0<\/strong><strong>pre vo\u013eby do Obecn\u00e9ho zastupite\u013estva<\/strong><\/p>\n<p style=\"text-align: center;\"><strong>v\u00a0Klenovej<\/strong><\/p>\n<p>Obec\u00a0\u00a0<sup>\u00a0\u00a0<\/sup>\u00a0Klenov\u00e1 uverej\u0148uje pod\u013ea \u00a7 173 ods. 2 z\u00e1kona \u010d. 180\/2014 Z. z. o podmienkach v\u00fdkonu volebn\u00e9ho pr\u00e1va<br \/>a o zmene a doplnen\u00ed niektor\u00fdch z\u00e1konov v znen\u00ed neskor\u0161\u00edch predpisov zoznam kandid\u00e1tov, zaregistrovan\u00fdch pre vo\u013eby do obecn\u00e9ho \u00a0zastupite\u013estva pod\u013ea jednotliv\u00fdch volebn\u00fdch obvodov:<\/p>\n<p><strong>Volebn\u00fd obvod \u010d. 1<\/strong><\/p>\n<p>Poradov\u00e9 \u010d\u00edslo, meno, priezvisko,<a href=\"#_ftn2\" name=\"_ftnref2\">2)<\/a> titul, vek, zamestnanie, n\u00e1zov politickej strany<a href=\"#_ftn3\" name=\"_ftnref3\">3)<\/a><\/p>\n<ol>\n<li>J\u00e1n Badida, JUDr., 57, d\u00f4chodca, Slovensk\u00e1 n\u00e1rodn\u00e1 strana<\/li>\n<li>Nade\u017eda Bubancov\u00e1, Mgr., 28, hlavn\u00fd referent, Smer \u2013 soci\u00e1lna demokracia<\/li>\n<li>Vladim\u00edr Durkot, 47, robotn\u00edk, Smer \u2013 soci\u00e1lna demokracia<\/li>\n<li>M\u00e1ria Dzubov\u00e1, 58, referent, Smer \u2013 soci\u00e1lna demokracia<\/li>\n<li>J\u00e1n Gezani\u010d, 45, vodi\u010d, Smer \u2013 soci\u00e1lna demokracia<\/li>\n<li>Marek Han\u010d\u00e1k, 43, robotn\u00edk, Slovensk\u00e1 n\u00e1rodn\u00e1 strana<\/li>\n<li>Marianna Han\u010d\u00e1kov\u00e1, 36, matersk\u00e1 dovolenka, Smer \u2013 soci\u00e1lna demokracia<\/li>\n<li>Martina Ihnatkov\u00e1, 37, nezamestnan\u00e1, Slovensk\u00e1 n\u00e1rodn\u00e1 strana<\/li>\n<li>Pavol Kele\u0161, 27, SZ\u010cO, Sme rodina \u2013 Boris Koll\u00e1r<\/li>\n<li>Slavom\u00edr Ki\u010d, 41, robotn\u00edk, Slovensk\u00e1 n\u00e1rodn\u00e1 strana<\/li>\n<li>Jaroslava Kirov\u00e1, Mgr., 43, v\u0161eobecn\u00e1 sestra, nez\u00e1visl\u00e1 kandid\u00e1tka<\/li>\n<li>R\u00f3bert Kul\u00edk, 46, d\u00f4chodca, Sme rodina \u2013 Boris Koll\u00e1r<\/li>\n<li>Juraj Kurpita, 19, nezamestnan\u00fd, Slovensk\u00e1 n\u00e1rodn\u00e1 strana<\/li>\n<li>Michal Moroz, 42, robotn\u00edk, Slovensk\u00e1 n\u00e1rodn\u00e1 strana<\/li>\n<li>Michal Muzika, 40, \u0161koln\u00edk, Nova<\/li>\n<li>Marek Sirka, Bc., Ing., 37, riadite\u013e DSS v\u00a0Jabloni, Kres\u0165anskodemokratick\u00e9 hnutie<\/li>\n<li>Iveta \u0160vabov\u00e1, 47, ved\u00faca \u0160J, Smer \u2013 soci\u00e1lna demokracia<\/li>\n<li>Ivo Vasko, 24, \u0161tudent, Smer \u2013 soci\u00e1lna demokracia<\/li>\n<\/ol>\n<h6>Vo volebnom obvode sa vol\u00ed \u00a0\u00a0\u00a0\u00a07\u00a0\u00a0\u00a0\u00a0\u00a0 \u00a0poslancov.<\/h6>\n<table>\n<tbody>\n<tr>\n<td width=\"24\">V<\/td>\n<td colspan=\"2\" width=\"283\">Klenovej<\/td>\n<\/tr>\n<tr>\n<td colspan=\"2\" width=\"61\">D\u00e1tum:<\/td>\n<td width=\"246\">24.09.2018<\/td>\n<\/tr>\n<tr>\n<td width=\"30\">\u00a0<\/td>\n<td width=\"47\">\u00a0<\/td>\n<td width=\"307\">\u00a0<\/td>\n<\/tr>\n<\/tbody>\n<\/table>\n<p>MVDr. M\u00e1ria \u0160omkov\u00e1, prdseda MVK<\/p>\n<p>odtla\u010dok pe\u010diatky obce<\/p>\n<p><a href=\"#_ftnref1\" name=\"_ftn1\">1)<\/a> Nehodiace sa pre\u010diarknite (vypustite).<\/p>\n<p><a href=\"#_ftnref2\" name=\"_ftn2\">2)<\/a> Kandid\u00e1ti sa uved\u00fa v abecednom porad\u00ed pod\u013ea priezviska.<\/p>\n<p><a href=\"#_ftnref3\" name=\"_ftn3\">3)<\/a> Uvedie sa n\u00e1zov politickej strany, politick\u00e9ho hnutia alebo n\u00e1zvy politick\u00fdch str\u00e1n a\u00a0politick\u00fdch hnut\u00ed tvoriacich koal\u00edciu alebo \u00fadaj o\u00a0tom, \u017ee ide o\u00a0nez\u00e1visl\u00e9ho kandid\u00e1ta.<\/p>","protected":false},"excerpt":{"rendered":"<p>\u00a0 Referendum\u00a0 4.7.2026 Inform\u00e1cia o podmienkach pr\u00e1va hlasova\u0165 v referende , stiahnu\u0165 Rozhodnutie prezidenta SR z 20.4.2026 o vyhl\u00e1sen\u00ed referenda, stiahnu\u0165\u00a0 Inform\u00e1cia o podmienkach pr\u00e1va hlasova\u0165 v referende v rusin. jazyku, stiahnu\u0165 \u00a0 Vo\u013eby do Eur\u00f3pskeho parlamentu Z\u00e1pisnica OVK vo\u013eby prezidenta 2. kolo 6.4.2024&nbsp; &nbsp; &nbsp; &nbsp; &nbsp; &nbsp; &nbsp; &nbsp; &nbsp; &nbsp; &nbsp; &nbsp; [&hellip;]<\/p>\n","protected":false},"author":1,"featured_media":0,"parent":27,"menu_order":20,"comment_status":"closed","ping_status":"closed","template":"","meta":{"footnotes":""},"class_list":["post-5405","page","type-page","status-publish","hentry"],"_links":{"self":[{"href":"http:\/\/www.obecklenova.sk\/index.php?rest_route=\/wp\/v2\/pages\/5405","targetHints":{"allow":["GET"]}}],"collection":[{"href":"http:\/\/www.obecklenova.sk\/index.php?rest_route=\/wp\/v2\/pages"}],"about":[{"href":"http:\/\/www.obecklenova.sk\/index.php?rest_route=\/wp\/v2\/types\/page"}],"author":[{"embeddable":true,"href":"http:\/\/www.obecklenova.sk\/index.php?rest_route=\/wp\/v2\/users\/1"}],"replies":[{"embeddable":true,"href":"http:\/\/www.obecklenova.sk\/index.php?rest_route=%2Fwp%2Fv2%2Fcomments&post=5405"}],"version-history":[{"count":65,"href":"http:\/\/www.obecklenova.sk\/index.php?rest_route=\/wp\/v2\/pages\/5405\/revisions"}],"predecessor-version":[{"id":8113,"href":"http:\/\/www.obecklenova.sk\/index.php?rest_route=\/wp\/v2\/pages\/5405\/revisions\/8113"}],"up":[{"embeddable":true,"href":"http:\/\/www.obecklenova.sk\/index.php?rest_route=\/wp\/v2\/pages\/27"}],"wp:attachment":[{"href":"http:\/\/www.obecklenova.sk\/index.php?rest_route=%2Fwp%2Fv2%2Fmedia&parent=5405"}],"curies":[{"name":"wp","href":"https:\/\/api.w.org\/{rel}","templated":true}]}}