{"id":5556,"date":"2019-02-18T09:51:17","date_gmt":"2019-02-18T09:51:17","guid":{"rendered":"http:\/\/www.obecklenova.sk\/?page_id=5556"},"modified":"2020-02-25T14:46:04","modified_gmt":"2020-02-25T14:46:04","slug":"faktury-2019-ocu","status":"publish","type":"page","link":"http:\/\/www.obecklenova.sk\/?page_id=5556","title":{"rendered":"&#8211; Fakt\u00fary 2019 (OcU)"},"content":{"rendered":"\n<figure class=\"wp-block-table\"><table class=\"\"><tbody><tr><td>\u010c\u00edslo<\/td><td>Dod\u00e1vate\u013e<\/td><td>I\u010cO<\/td><td>Predmet \/ Tovar<\/td><td>Cena<\/td><td>Do\u0161la d\u0148a<\/td><td>Objedn\u00e1vka \/ zmluva<\/td><\/tr><tr><td><\/td><td><\/td><td><\/td><td><\/td><td><\/td><td><\/td><td><\/td><\/tr><\/tbody><\/table><\/figure>\n\n\n\n<figure class=\"wp-block-image\"><img decoding=\"async\" src=\"http:\/\/www.obecklenova.sk\/wp-content\/uploads\/2019\/02\/Evedencia-do\u0161l\u00fdch-fakt\u00far-za-1-2019.pdf\" alt=\"\"\/><\/figure>\n\n\n\n<p><a href=\"http:\/\/www.obecklenova.sk\/wp-content\/uploads\/2019\/02\/Evedencia-do\u0161l\u00fdch-fakt\u00far-za-1-2019.pdf\">Evidencia do\u0161l\u00fdch fakt\u00far za 1\/  2019<\/a><\/p>\n\n\n\n<p><a href=\"http:\/\/www.obecklenova.sk\/wp-content\/uploads\/2019\/03\/Evidencia-prijat\u00fdch-fakt\u00far-za-2-2019.pdf\">Evidencia do\u0161l\u00fdch fakt\u00far za 2 \/2019<\/a><\/p>\n\n\n\n<p><a href=\"http:\/\/www.obecklenova.sk\/wp-content\/uploads\/2019\/04\/Do\u0161l\u00e9-fakt\u00fary-za-3-_2019-1.pdf\">Evidencia do\u0161l\u00fdch fakt\u00far za 3\/2019<\/a><\/p>\n\n\n\n<p><a href=\"http:\/\/www.obecklenova.sk\/wp-content\/uploads\/2019\/05\/Zoznam-prijat\u00fdch-fakt\u00far-za-4-2019.pdf\">Evidencia do\u0161l\u00fdch fakt\u00far za 4\/2019<\/a><\/p>\n\n\n\n<p><a href=\"http:\/\/www.obecklenova.sk\/wp-content\/uploads\/2019\/05\/Evidencia-do\u0161l\u00fdch-fakt\u00far-za-5-2019.pdf\">Evidencia do\u0161l\u00fdch fakt\u00far za 5\/201<\/a>9<\/p>\n\n\n\n<p><a href=\"http:\/\/www.obecklenova.sk\/wp-content\/uploads\/2019\/07\/Zoznam-do\u0161l\u00fdch-fakt\u00far-za-6-2019-1.pdf\">Evidencia do\u0161l\u00fdch fakt\u00far za 6 \/2019<\/a><\/p>\n\n\n\n<p><a href=\"http:\/\/www.obecklenova.sk\/wp-content\/uploads\/2019\/07\/Prijat\u00e9-fakt\u00fary-za-7-2019.pdf\">Evidencia do\u0161l\u00fdch fakt\u00far za 7 \/2019<\/a><\/p>\n\n\n\n<p><a href=\"http:\/\/www.obecklenova.sk\/wp-content\/uploads\/2019\/10\/Zoznam-do\u0161l\u00fdch-fakt\u00far-za-9-2019.pdf\">Evidencia<\/a> <a href=\"http:\/\/www.obecklenova.sk\/wp-content\/uploads\/2019\/10\/Zoznam-do\u0161l\u00fdch-fakt\u00far-za-9-2019.pdf\">do\u0161l\u00fdch fakt\u00far za 8\/2019<\/a><\/p>\n\n\n\n<p><a href=\"http:\/\/www.obecklenova.sk\/wp-content\/uploads\/2019\/10\/Zoznam-do\u0161l\u00fdch-fakt\u00far-za-9-2019.pdf\">Evidencia do\u0161l\u00fdch fakt\u00far za 9\/2019<\/a><\/p>\n\n\n\n<p><a href=\"http:\/\/www.obecklenova.sk\/wp-content\/uploads\/2019\/11\/Zoznam-do\u0161l\u00fdch-fakt\u00far-za-10-_2019.pdf\">Evidencia do\u0161l\u00fdch fakt\u00far za 10\/2019<\/a><\/p>\n\n\n\n<p><a href=\"http:\/\/www.obecklenova.sk\/wp-content\/uploads\/2019\/12\/Zoznam-fakt\u00far-za-11-_2019.pdf\">Evidencia do\u0161l\u00fdch fakt\u00far za 11\/2019<\/a><\/p>\n\n\n\n<p><a href=\"http:\/\/www.obecklenova.sk\/wp-content\/uploads\/2020\/01\/Zoznam-fakt\u00far-za-12_2019.pdf\">Evidencia do\u0161l\u00fdch fakt\u00far za 12\/2019<\/a><\/p>\n\n\n\n<p><\/p>\n\n\n\n<p><a href=\"http:\/\/www.obecklenova.sk\/wp-content\/uploads\/2020\/02\/Zoznam-fakt\u00far-za-1_2020.pdf\">Evidencia do\u0161l\u00fdch fakt\u00far za 1\/2020<\/a><\/p>\n\n\n","protected":false},"excerpt":{"rendered":"<p>\u010c\u00edslo Dod\u00e1vate\u013e I\u010cO Predmet \/ Tovar Cena Do\u0161la d\u0148a Objedn\u00e1vka \/ zmluva Evidencia do\u0161l\u00fdch fakt\u00far za 1\/ 2019 Evidencia do\u0161l\u00fdch fakt\u00far za 2 \/2019 Evidencia do\u0161l\u00fdch fakt\u00far za 3\/2019 Evidencia do\u0161l\u00fdch fakt\u00far za 4\/2019 Evidencia do\u0161l\u00fdch fakt\u00far za 5\/2019 Evidencia do\u0161l\u00fdch fakt\u00far za 6 \/2019 Evidencia do\u0161l\u00fdch fakt\u00far za 7 \/2019 Evidencia do\u0161l\u00fdch fakt\u00far za [&hellip;]<\/p>\n","protected":false},"author":1,"featured_media":0,"parent":5552,"menu_order":0,"comment_status":"closed","ping_status":"closed","template":"","meta":{"footnotes":""},"class_list":["post-5556","page","type-page","status-publish","hentry"],"_links":{"self":[{"href":"http:\/\/www.obecklenova.sk\/index.php?rest_route=\/wp\/v2\/pages\/5556","targetHints":{"allow":["GET"]}}],"collection":[{"href":"http:\/\/www.obecklenova.sk\/index.php?rest_route=\/wp\/v2\/pages"}],"about":[{"href":"http:\/\/www.obecklenova.sk\/index.php?rest_route=\/wp\/v2\/types\/page"}],"author":[{"embeddable":true,"href":"http:\/\/www.obecklenova.sk\/index.php?rest_route=\/wp\/v2\/users\/1"}],"replies":[{"embeddable":true,"href":"http:\/\/www.obecklenova.sk\/index.php?rest_route=%2Fwp%2Fv2%2Fcomments&post=5556"}],"version-history":[{"count":23,"href":"http:\/\/www.obecklenova.sk\/index.php?rest_route=\/wp\/v2\/pages\/5556\/revisions"}],"predecessor-version":[{"id":6018,"href":"http:\/\/www.obecklenova.sk\/index.php?rest_route=\/wp\/v2\/pages\/5556\/revisions\/6018"}],"up":[{"embeddable":true,"href":"http:\/\/www.obecklenova.sk\/index.php?rest_route=\/wp\/v2\/pages\/5552"}],"wp:attachment":[{"href":"http:\/\/www.obecklenova.sk\/index.php?rest_route=%2Fwp%2Fv2%2Fmedia&parent=5556"}],"curies":[{"name":"wp","href":"https:\/\/api.w.org\/{rel}","templated":true}]}}