{"id":5558,"date":"2019-02-18T09:51:31","date_gmt":"2019-02-18T09:51:31","guid":{"rendered":"http:\/\/www.obecklenova.sk\/?page_id=5558"},"modified":"2019-05-14T11:29:27","modified_gmt":"2019-05-14T11:29:27","slug":"objednavky-2019-ocu","status":"publish","type":"page","link":"http:\/\/www.obecklenova.sk\/?page_id=5558","title":{"rendered":"&#8211; Objedn\u00e1vky 2019 (OcU)"},"content":{"rendered":"\n<table class=\"wp-block-table\"><tbody><tr><td>\u010c\u00edslo<\/td><td>Dod\u00e1vate\u013e<\/td><td>I\u010cO<\/td><td>Predmet \/ Tovar -popis <\/td><td>Suma v EUR<\/td><td>D\u00e1tum vystavenia<\/td><td>Objedn\u00e1vku <br>podp\u00edsal\/ zodpovedn\u00e1 osoba<\/td><td>D\u00e1tum zverejnenia<\/td><\/tr><tr><td>1\/2019<\/td><td>Peter Volo\u0161in, Jesensk\u00e9ho 2880\/199, Snina<\/td><td>47882247<\/td><td> Darling CAM PGC<\/td><td>333,00<\/td><td>03.01.2019<\/td><td>Ing. Voloch Slavomil<\/td><td>13.1.2019<\/td><\/tr><tr><td>2\/2019<br><\/td><td>Suptrans GTM, s.r.o., Stak\u010d\u00ednska 755,  Snina<\/td><td>36490580<\/td><td>  <br>Z\u00e1chodov\u00e1 misa,pr\u00edslu\u0161enstvo  <br><br><\/td><td>98,99<\/td><td>03.01.2019<\/td><td> <br>Ing. Voloch Slavomil <\/td><td>13.1.2019<\/td><\/tr><tr><td>3\/2019<\/td><td>Ifosoft,s.r.o., Sabinovsk\u00e1 36, Pre\u0161ov<\/td><td>316661089<\/td><td>Programov\u00e9 vybavenie fakt\u00fary a objedn\u00e1vky, up date na rok 2019 EO, PU, IM<\/td><td>79,20<\/td><td>04.02.2019<\/td><td> <br>Ing. Voloch Slavomil  <\/td><td>14.02.2019<\/td><\/tr><tr><td>4\/2019<\/td><td>Doxx, stravn\u00e9 l\u00edstky, s.r.o., K\u00e1lov 356, \u017dilina<\/td><td>36391000<\/td><td>Stravn\u00e9 l\u00edstky 240 ks <\/td><td>878,40<\/td><td>05.02.2019<\/td><td>Ing. Voloch Slavomil<\/td><td>15.2.2019<\/td><\/tr><tr><td>5\/2019<\/td><td>Z\u0160 s M\u0160 Klenov\u00e1<\/td><td>37873571<\/td><td>\u0160tiepka, vykurovanie priestorov Oc\u00fa a KD <\/td><td><\/td><td>5.2.2019<\/td><td>Ing. Voloch Slavomil<\/td><td>15.2.2019<\/td><\/tr><tr><td>6\/2019<\/td><td>Ing. \u010cop\u00edk Matej, PhD., Pu\u0161kinova 248\/11, Snina<\/td><td>48226807<\/td><td>Klimatiz\u00e1cie green amber 4 ks, mont\u00e1\u017e do telocvi\u010dne<\/td><td>4560,00<\/td><td>18.2.2019<\/td><td>Ing. Voloch Slavomil<\/td><td>25.02.2019<\/td><\/tr><tr><td>7\/2019<\/td><td>F\u00fara s.r.o., SNP 77, Rozhanovce<\/td><td>36211451<\/td><td>Vrecia na  komun\u00e1lny odpad 60 ks<\/td><td>79,20<\/td><td>26.2.2019<\/td><td>Ing. Voloch Slavomil<\/td><td>28.2.2019<\/td><\/tr><tr><td>8\/2019<\/td><td>Z\u0160 s M\u0160 Klenov\u00e1, Klenov\u00e1 111<\/td><td>37873571<\/td><td>Odber obedov pre 3 zamestnancov \/Projekt cesta na trh pr\u00e1ce\/ ndo 31.1.2020<\/td><td><\/td><td>26.2.2019<\/td><td>Ing. Voloch Slavomil<\/td><td>01.03.2019<\/td><\/tr><tr><td>9\/2019<\/td><td>Ing. Dana Bet\u00e1kov\u00e1, Projektov\u00e1 kancel\u00e1ria,Kukorelliho 2315\/60, Humenn\u00e9<\/td><td> <br><br>35459069 <\/td><td>Projektov\u00e1 dokument\u00e1cia pre stavebn\u00e9 konanie \/\u00faprava ter\u00e9nu pred KD\/<\/td><td><\/td><td>26.2.2019<\/td><td> <br>Ing. Voloch Slavomil <\/td><td>01.03.2019<\/td><\/tr><tr><td>10\/2019<\/td><td>Ing. arch. Jozef Bajus, Jozefa Rholla 410\/99, Zempl\u00ednske H\u00e1mre<\/td><td>30252920<\/td><td>Projektov\u00e1 dokument\u00e1cia zmena \u00fa\u010delu u\u017e\u00edvania stavby KD<\/td><td>820,00<\/td><td>27.3.2019<\/td><td> <br>Ing. Voloch Slavomil  <\/td><td>27.3.2019<\/td><\/tr><tr><td>11\/2019<\/td><td> <br>Ing. arch. Jozef Bajus, Jozefa Rholla 410\/99, Zempl\u00ednske H\u00e1mre <\/td><td> <br>30252920 <\/td><td> <br>Projektov\u00e1 dokument\u00e1cia KD \/WC, v\u00fddane jed\u00e1l\/ n\u00e1vrh rie\u0161enia, rozpo\u010det<\/td><td>980,00<\/td><td>27.3.2019<\/td><td>Ing. Voloch Slavomil<\/td><td>27.32019<\/td><\/tr><tr><td>12\/20190<\/td><td>Martin Savku\u013eak, Z\u00e1hradn\u00e1 720\/18, Stak\u010d\u00edn<\/td><td>43778046<\/td><td>Materi\u00e1l na opravu <\/td><td><\/td><td>27.3.2019<\/td><td> <br>Ing. Voloch Slavomil <\/td><td>27.3.2019<\/td><\/tr><tr><td>13\/2019<\/td><td> <br>Peter Volo\u0161in, Jesensk\u00e9ho 2880\/199, Snina <\/td><td> <br>47882247 <\/td><td>Oprava kosa\u010diek, n\u00e1hradn\u00e9 diely na kosa\u010dky<\/td><td><\/td><td>27.3.2019<\/td><td> <br>Ing. Voloch Slavomil  <\/td><td>27.3.2019<\/td><\/tr><tr><td>14\/2019<\/td><td>Agrifop, a.s, Stak\u010d\u00edn, Duchnovi\u010dova 573\/18, Stak\u010d\u00edn<\/td><td>30703238<\/td><td>V\u00fdvoz mo\u010dovky <\/td><td><br><br><\/td><td>27.3.2019<\/td><td> <br>Ing. Voloch Slavomil   <\/td><td>27.3.2019<\/td><\/tr><tr><td>15\/2019<\/td><td>C-H PROJEKT, projek\u010dn\u00e1 kancel\u00e1ria, Ru\u017eov\u00e1 7, Michalovce<\/td><td><\/td><td>Vypracovanie projektovej dokument\u00e1cie stavby -rekon\u0161trukcia miestnej komunik\u00e1cie v oci Klenov\u00e1<\/td><td>1800,00<\/td><td>24.04.2019<\/td><td> <br>Ing. Voloch Slavomil    <\/td><td>30.4.2019<\/td><\/tr><tr><td>16\/2019<\/td><td>Miroslav Zgabur, OK -SAT, \u0160afarikova 295\/38, Snina<\/td><td>43097855<\/td><td>Preladenie programov &#8211; vysiela\u010d<\/td><td><\/td><td>24.4.2019<\/td><td> <br>Ing. Voloch Slavomil     <\/td><td>30.4.2019<\/td><\/tr><tr><td>17\/2019<\/td><td>Aders, s.r.o., Karpatsk\u00e9 n\u00e1mestie 10A, Bratislava<\/td><td>50386573<\/td><td>Pivn\u00fd set 3 ks<\/td><td>260,80<\/td><td>24.4.2019<\/td><td> <br>Ing. Voloch Slavomil      <\/td><td>30.4.2019<\/td><\/tr><tr><td>18\/2019<\/td><td> <br>Martin Savku\u013eak, Z\u00e1hradn\u00e1 720\/18, Stak\u010d\u00edn <\/td><td> <br>43778046 <\/td><td>Pr\u00e1ca so strojom <\/td><td>168,00<\/td><td>24.4.2019<\/td><td> <br>Ing. Voloch Slavomil       <\/td><td>30.4.2019<\/td><\/tr><tr><td>19\/2019<\/td><td> <br>Martin Savku\u013eak, Z\u00e1hradn\u00e1 720\/18, Stak\u010d\u00edn  <\/td><td> <br>43778046  <\/td><td>Materi\u00e1l na opravu <\/td><td><\/td><td>24.4.2019<\/td><td> <br>Ing. Voloch Slavomil        <\/td><td>30.4.2019<\/td><\/tr><tr><td>20\/2019<\/td><td> <br>Suptrans GTM, s.r.o., Stak\u010d\u00ednska 755,  Snina <\/td><td> <br>36490580 <\/td><td>Lexan 50 m2<\/td><td>667,25<\/td><td>25.4.2019<\/td><td> <br>Ing. Voloch Slavomil         <\/td><td>30.4.2019<\/td><\/tr><tr><td><\/td><td><\/td><td><\/td><td><\/td><td><\/td><td><\/td><td><\/td><td><\/td><\/tr><tr><td><\/td><td><\/td><td><\/td><td><\/td><td><\/td><td><\/td><td><\/td><td><\/td><\/tr><\/tbody><\/table>\n\n\n\n<p><\/p>\n","protected":false},"excerpt":{"rendered":"<p>\u010c\u00edslo Dod\u00e1vate\u013e I\u010cO Predmet \/ Tovar -popis Suma v EUR D\u00e1tum vystavenia Objedn\u00e1vku podp\u00edsal\/ zodpovedn\u00e1 osoba D\u00e1tum zverejnenia 1\/2019 Peter Volo\u0161in, Jesensk\u00e9ho 2880\/199, Snina 47882247 Darling CAM PGC 333,00 03.01.2019 Ing. Voloch Slavomil 13.1.2019 2\/2019 Suptrans GTM, s.r.o., Stak\u010d\u00ednska 755, Snina 36490580 Z\u00e1chodov\u00e1 misa,pr\u00edslu\u0161enstvo 98,99 03.01.2019 Ing. Voloch Slavomil 13.1.2019 3\/2019 Ifosoft,s.r.o., Sabinovsk\u00e1 36, Pre\u0161ov [&hellip;]<\/p>\n","protected":false},"author":1,"featured_media":0,"parent":5550,"menu_order":0,"comment_status":"closed","ping_status":"closed","template":"","meta":{"footnotes":""},"class_list":["post-5558","page","type-page","status-publish","hentry"],"_links":{"self":[{"href":"http:\/\/www.obecklenova.sk\/index.php?rest_route=\/wp\/v2\/pages\/5558","targetHints":{"allow":["GET"]}}],"collection":[{"href":"http:\/\/www.obecklenova.sk\/index.php?rest_route=\/wp\/v2\/pages"}],"about":[{"href":"http:\/\/www.obecklenova.sk\/index.php?rest_route=\/wp\/v2\/types\/page"}],"author":[{"embeddable":true,"href":"http:\/\/www.obecklenova.sk\/index.php?rest_route=\/wp\/v2\/users\/1"}],"replies":[{"embeddable":true,"href":"http:\/\/www.obecklenova.sk\/index.php?rest_route=%2Fwp%2Fv2%2Fcomments&post=5558"}],"version-history":[{"count":13,"href":"http:\/\/www.obecklenova.sk\/index.php?rest_route=\/wp\/v2\/pages\/5558\/revisions"}],"predecessor-version":[{"id":5669,"href":"http:\/\/www.obecklenova.sk\/index.php?rest_route=\/wp\/v2\/pages\/5558\/revisions\/5669"}],"up":[{"embeddable":true,"href":"http:\/\/www.obecklenova.sk\/index.php?rest_route=\/wp\/v2\/pages\/5550"}],"wp:attachment":[{"href":"http:\/\/www.obecklenova.sk\/index.php?rest_route=%2Fwp%2Fv2%2Fmedia&parent=5558"}],"curies":[{"name":"wp","href":"https:\/\/api.w.org\/{rel}","templated":true}]}}