{"id":5563,"date":"2019-02-18T09:53:15","date_gmt":"2019-02-18T09:53:15","guid":{"rendered":"http:\/\/www.obecklenova.sk\/?page_id=5563"},"modified":"2019-09-19T07:48:02","modified_gmt":"2019-09-19T07:48:02","slug":"zmluvy-2019-sj","status":"publish","type":"page","link":"http:\/\/www.obecklenova.sk\/?page_id=5563","title":{"rendered":"&#8211; Zmluvy 2019 (\u0160J)"},"content":{"rendered":"\n<table class=\"wp-block-table\"><tbody><tr><td>\u010c\u00edslo zmluvy<\/td><td>Zmluvn\u00e1 strana<\/td><td>N\u00e1zov zmluvy<\/td><td>Predmet \/ Tovar<\/td><td>Cena s DPH v EUR<\/td><td>D\u00e1tum podpisu<\/td><td>D\u00e1tum zverejnenia<\/td><td>D\u00e1tum \u00fa\u010dinnosti<\/td><td>D\u00e1tum ukon\u010denia<\/td><\/tr><tr><td>1\/2019<\/td><td>M\u00e4so Zempl\u00edn a.s., U\u017ehorodsk\u00e1 86, Michalovce<\/td><td>K\u00fapna zmluva <\/td><td>Dod\u00e1vka m\u00e4sov\u00fdch v\u00fdrobkov pod\u013ea cenovej ponuky<\/td><td><\/td><td>27.8.2019<\/td><td>27.8.2019<\/td><td>28.8.2019<\/td><td>30.6.2020<\/td><\/tr><tr><td>2\/2019<\/td><td>AGROMIX v\u00fdrobno &#8211; obchodn\u00e1 spolo\u010dnos\u0165, s.r.o., 094 09 Sedlisk\u00e1 367<br>I\u010cO: 31719627<\/td><td>Dodatok \u010d.2 <\/td><td>Dodatok \u010d.2  ku k\u00fapnej zmluve zo d\u0148a 5.9.2017 <\/td><td><\/td><td>16.9.2019<\/td><td>19.9.2019<\/td><td>20.9.2019<\/td><td><\/td><\/tr><tr><td><\/td><td><\/td><td><\/td><td><\/td><td><\/td><td><\/td><td><\/td><td><\/td><td><\/td><\/tr><\/tbody><\/table>\n","protected":false},"excerpt":{"rendered":"<p>\u010c\u00edslo zmluvy Zmluvn\u00e1 strana N\u00e1zov zmluvy Predmet \/ Tovar Cena s DPH v EUR D\u00e1tum podpisu D\u00e1tum zverejnenia D\u00e1tum \u00fa\u010dinnosti D\u00e1tum ukon\u010denia 1\/2019 M\u00e4so Zempl\u00edn a.s., U\u017ehorodsk\u00e1 86, Michalovce K\u00fapna zmluva Dod\u00e1vka m\u00e4sov\u00fdch v\u00fdrobkov pod\u013ea cenovej ponuky 27.8.2019 27.8.2019 28.8.2019 30.6.2020 2\/2019 AGROMIX v\u00fdrobno &#8211; obchodn\u00e1 spolo\u010dnos\u0165, s.r.o., 094 09 Sedlisk\u00e1 367I\u010cO: 31719627 Dodatok \u010d.2 [&hellip;]<\/p>\n","protected":false},"author":1,"featured_media":0,"parent":5548,"menu_order":0,"comment_status":"closed","ping_status":"closed","template":"","meta":{"footnotes":""},"class_list":["post-5563","page","type-page","status-publish","hentry"],"_links":{"self":[{"href":"http:\/\/www.obecklenova.sk\/index.php?rest_route=\/wp\/v2\/pages\/5563","targetHints":{"allow":["GET"]}}],"collection":[{"href":"http:\/\/www.obecklenova.sk\/index.php?rest_route=\/wp\/v2\/pages"}],"about":[{"href":"http:\/\/www.obecklenova.sk\/index.php?rest_route=\/wp\/v2\/types\/page"}],"author":[{"embeddable":true,"href":"http:\/\/www.obecklenova.sk\/index.php?rest_route=\/wp\/v2\/users\/1"}],"replies":[{"embeddable":true,"href":"http:\/\/www.obecklenova.sk\/index.php?rest_route=%2Fwp%2Fv2%2Fcomments&post=5563"}],"version-history":[{"count":4,"href":"http:\/\/www.obecklenova.sk\/index.php?rest_route=\/wp\/v2\/pages\/5563\/revisions"}],"predecessor-version":[{"id":5763,"href":"http:\/\/www.obecklenova.sk\/index.php?rest_route=\/wp\/v2\/pages\/5563\/revisions\/5763"}],"up":[{"embeddable":true,"href":"http:\/\/www.obecklenova.sk\/index.php?rest_route=\/wp\/v2\/pages\/5548"}],"wp:attachment":[{"href":"http:\/\/www.obecklenova.sk\/index.php?rest_route=%2Fwp%2Fv2%2Fmedia&parent=5563"}],"curies":[{"name":"wp","href":"https:\/\/api.w.org\/{rel}","templated":true}]}}