{"id":5568,"date":"2019-02-18T09:53:55","date_gmt":"2019-02-18T09:53:55","guid":{"rendered":"http:\/\/www.obecklenova.sk\/?page_id=5568"},"modified":"2020-02-17T08:54:19","modified_gmt":"2020-02-17T08:54:19","slug":"faktury-2019-sj","status":"publish","type":"page","link":"http:\/\/www.obecklenova.sk\/?page_id=5568","title":{"rendered":"&#8211; Fakt\u00fary 2019 (\u0160J)"},"content":{"rendered":"\n<figure class=\"wp-block-table\"><table class=\"\"><tbody><tr><td>\u010c\u00edslo<\/td><td>Dod\u00e1vate\u013e<\/td><td>I\u010cO<\/td><td>Predmet \/ Tovar<\/td><td>Cena<\/td><td>Do\u0161la d\u0148a<\/td><td>Objedn\u00e1vka \/ zmluva<\/td><\/tr><tr><td>1<\/td><td>GVP, s.r.o., Tolst\u00e9ho 1, Humenn\u00e9<br><\/td><td> 36446190 <\/td><td>Potraviny <\/td><td>67,31<\/td><td>8.1.2019<\/td><td><\/td><\/tr><tr><td>2<\/td><td>Ovo centrum , 1. m\u00e1ja 25, Humenn\u00e9<\/td><td>32394268<\/td><td>Ovocie,zelenina<\/td><td>50,45<\/td><td>8.1.2019<\/td><td><\/td><\/tr><tr><td>3<\/td><td>GVP, s.r.o.,  Tolst\u00e9ho 1, Humenn\u00e9 <\/td><td> 36446190 <\/td><td>Potraviny<\/td><td>71,87<\/td><td>9.1.2019<\/td><td><\/td><\/tr><tr><td>4<\/td><td>Ryba, Ko\u0161ice s.r.o.,  Ju\u017en\u00e1 trieda 54, Ko\u0161ice<\/td><td>17147522<\/td><td>M\u00e4so<\/td><td>65,17<\/td><td>9.1.2019<\/td><td><\/td><\/tr><tr><td>5<\/td><td>M\u00e4so Zempl\u00edn, a.s.,  U\u017ehorodsk\u00e1 86, Michalovce <\/td><td>36205915<\/td><td>M\u00e4so<\/td><td>49,84<\/td><td>9.1.2019<\/td><td><\/td><\/tr><tr><td>6<\/td><td> M\u00e4so Zempl\u00edn, a.s.  U\u017ehorodsk\u00e1 86, Michalovce <\/td><td> 36205915 <\/td><td> M\u00e4so <\/td><td>117,60<\/td><td>14.1.2019<\/td><td><\/td><\/tr><tr><td>7<\/td><td>GVP, s.r.o,  Tolst\u00e9ho 1, Humenn\u00e9 <\/td><td>  36446190  <\/td><td>Potraviny<\/td><td>92,90<\/td><td>15.1.2019<\/td><td><\/td><\/tr><tr><td>8<\/td><td> Ovocentrum,  1. m\u00e1ja 25, Humenn\u00e9  <\/td><td> 32394268 <\/td><td>Potraviny,ovocie<\/td><td>34,82<\/td><td>15.1.2019<\/td><td><\/td><\/tr><tr><td>9<\/td><td>GVP,  Tolst\u00e9ho 1, Humenn\u00e9 <\/td><td>    36446190   <\/td><td> Potraviny <\/td><td>52,04<\/td><td>16.1.2019<\/td><td><\/td><\/tr><tr><td>10<\/td><td>Ryba,Ko\u0161ice<\/td><td> 17147522 <\/td><td>M\u00e4so<\/td><td>9,55<\/td><td>16.1.2019<\/td><td><\/td><\/tr><tr><td>11<\/td><td><br> PODVIHORLATSK\u00c9 PEK\u00c1RNE A&nbsp;CUKR\u00c1RNE a.s.<br> Mierova 34, 066 54 Humenn\u00e9<br> <\/td><td>30414253<\/td><td>Pe\u010divo, chlieb<\/td><td>13,58<\/td><td>18.1.2019<\/td><td><\/td><\/tr><tr><td>12<\/td><td> M\u00e4so Zempl\u00edn, a.s. , U\u017ehorodsk\u00e1 86, Michalovce<\/td><td>36205915<\/td><td>M\u00e4so<\/td><td>53,58<\/td><td>21.1.2019<\/td><td><\/td><\/tr><tr><td>13<\/td><td>GVP,  Tolst\u00e9ho 1, Humenn\u00e9 <\/td><td>     36446190    <\/td><td>Potraviny<\/td><td>48,94<\/td><td>22.1.2019<\/td><td><\/td><\/tr><tr><td>14<\/td><td>Ovocentrum,  1. m\u00e1ja 25, Humenn\u00e9 <\/td><td> 32394268 <\/td><td>Ovocie,zelenina<\/td><td>30,87<\/td><td>22.1.2019<\/td><td><\/td><\/tr><tr><td>15<\/td><td>GVP,  Tolst\u00e9ho 1, Humenn\u00e9 <\/td><td>     36446190    <\/td><td>Potraviny<\/td><td>55,51<\/td><td>23.1.2019<\/td><td><\/td><\/tr><tr><td>16<\/td><td>Ryba, Ko\u0161ice<\/td><td> 17147522 <\/td><td>M\u00e4so<\/td><td>70,21<\/td><td>23.1.2019<\/td><td><\/td><\/tr><tr><td>17<\/td><td> <br><br> Podvihorl\u00e1tsk\u00e9 pek\u00e1rne a cukr\u00e1rne a.s.<br> Mierova 34, 066 54 Humenn\u00e9<br>  <\/td><td>30414253<\/td><td>Potraviny<\/td><td>3,74<\/td><td>25.1.2019<\/td><td><\/td><\/tr><tr><td>18<\/td><td>Agromix,  09409 Sedlisk\u00e1 367 <\/td><td> 31719627 <\/td><td>Potraviny<\/td><td>11,76<\/td><td>25.1.2019<\/td><td><\/td><\/tr><tr><td>19<\/td><td>Agromix, 09409 Sedlisk\u00e1 367<\/td><td>31719627<\/td><td>Potraviny<\/td><td>8,36<\/td><td>25.1.2019<\/td><td><\/td><\/tr><tr><td>20<\/td><td> Tatransk\u00e1 mliekare\u0148,a.s., Nad tra\u0165ou 26, Ke\u017emarok  ,  <\/td><td><\/td><td>Potraviny<\/td><td>8,79<\/td><td>25.1.2019<\/td><td><\/td><\/tr><tr><td>21<\/td><td>Tatransk\u00e1 mliekare\u0148,a.s., Nad tra\u0165ou 26, Ke\u017emarok  <\/td><td><\/td><td>Potraviny<\/td><td>8,53<\/td><td>25.1.2019<\/td><td><\/td><\/tr><tr><td>22<\/td><td>GVP,  Tolst\u00e9ho 1, Humenn\u00e9 <\/td><td>     36446190    <\/td><td>Potraviny<\/td><td>51,54<\/td><td>29.1.2019<\/td><td><\/td><\/tr><tr><td>23<\/td><td>Ovocentrum,  1. m\u00e1ja 25, Humenn\u00e9 <\/td><td> 32394268 <\/td><td> Potraviny <\/td><td>68,78<\/td><td>29.1.2019<\/td><td><\/td><\/tr><tr><td>24<\/td><td>Coop jednota Humenn\u00e9, <\/td><td>00169081<br><\/td><td>  Potraviny  <\/td><td>82,46<\/td><td>29.1.2019<\/td><td><\/td><\/tr><tr><td>25<\/td><td> Podvihorl\u00e1tske pek\u00e1rne a cukr\u00e1rne a.s.<br> Mierova 34, 066 54 Humenn\u00e9<br>   <\/td><td>30414253<\/td><td>   Potraviny   <\/td><td>7,55<\/td><td>31.1.2019<\/td><td><\/td><\/tr><tr><td>26<\/td><td>  Podvihorl\u00e1tske pek\u00e1rne a cukr\u00e1rne a.s., Mierova 34, Humenn\u00e9<\/td><td>30414253<\/td><td>Potraviny<\/td><td>13,23<\/td><td>7.2.2019<\/td><td><\/td><\/tr><tr><td>27<\/td><td>Tatransk\u00e1 mliekare\u0148,a.s., Nad tra\u0165ou 26, Ke\u017emarok <\/td><td>31654363<\/td><td>Potraviny<\/td><td>21,03<\/td><td>13.2.2019<\/td><td><\/td><\/tr><tr><td>28<\/td><td> Tatransk\u00e1 mliekare\u0148,a.s., Nad tra\u0165ou 26, Ke\u017emarok  <\/td><td> 31654363 <\/td><td> Potraviny <\/td><td>8,44<\/td><td>13.2.2019<\/td><td><\/td><\/tr><tr><td>29<\/td><td>M\u00e4so Zempl\u00edn<\/td><td> 36205915 <\/td><td>M\u00e4so<\/td><td>95,25<\/td><td>4.2.2019<\/td><td><\/td><\/tr><tr><td>30<\/td><td>GVP,  Tolst\u00e9ho 1, Humenn\u00e9 <\/td><td>      36446190     <\/td><td>Potraviny<\/td><td>70,49<\/td><td>5.2.2019<\/td><td><\/td><\/tr><tr><td>31<\/td><td>Ovocentrum,  1. m\u00e1ja 25, Humenn\u00e9 <\/td><td> 32394268 <\/td><td>Potraviny<\/td><td>22,84<\/td><td>5.2.2019<\/td><td><\/td><\/tr><tr><td>32<\/td><td>GVP,  Tolst\u00e9ho 1, Humenn\u00e9 <\/td><td>      36446190     <\/td><td>Potraviny<\/td><td>23,00<\/td><td>6.2.2019<\/td><td><\/td><\/tr><tr><td>33<\/td><td>GVP,  Tolst\u00e9ho 1, Humenn\u00e9 <\/td><td>      36446190     <\/td><td>Potraviny<\/td><td>30,14<\/td><td>12.2.2019<\/td><td><\/td><\/tr><tr><td>34<\/td><td>   Podvihorl\u00e1tske pek\u00e1rne a cukr\u00e1rne a.s., Mierova 34, Humenn\u00e9 <\/td><td>30414253<\/td><td> Potraviny <\/td><td>10,76<\/td><td>19.2.2019<\/td><td><\/td><\/tr><tr><td>35<\/td><td>Ovocentrum,  1. m\u00e1ja 25, Humenn\u00e9 <\/td><td> 32394268 <\/td><td>  Potraviny  <\/td><td>75,71<\/td><td>12.2.2019<\/td><td><\/td><\/tr><tr><td>36<\/td><td> GVP,  Tolst\u00e9ho 1, Humenn\u00e9  <\/td><td>       36446190      <\/td><td> Potraviny   <\/td><td>45,51<\/td><td>13.2.2019<\/td><td><\/td><\/tr><tr><td>37<\/td><td>  Tatransk\u00e1 mliekare\u0148,a.s., Nad tra\u0165ou 26, Ke\u017emarok   <\/td><td> 31654363 <\/td><td> Potraviny    <\/td><td>8,53<\/td><td>20.2.2019<\/td><td><\/td><\/tr><tr><td>38<\/td><td>   Tatransk\u00e1 mliekare\u0148,a.s., Nad tra\u0165ou 26, Ke\u017emarok    <\/td><td> 31654363  <\/td><td>  Potraviny     <\/td><td>7,83<\/td><td>20.2.2019<\/td><td><\/td><\/tr><tr><td>39<\/td><td>    Podvihorl\u00e1tske pek\u00e1rne a cukr\u00e1rne a.s., Mierova 34, Humenn\u00e9  <\/td><td> 30414253 <\/td><td> Potraviny      <\/td><td>10,94<\/td><td>22.2.2019<\/td><td><\/td><\/tr><tr><td>40<\/td><td>  GVP,  Tolst\u00e9ho 1, Humenn\u00e9   <\/td><td>        36446190       <\/td><td>  Potraviny       <\/td><td>59,23<\/td><td>26.2.201941<\/td><td><\/td><\/tr><tr><td>41<\/td><td> Coop jednota Humenn\u00e9,  <\/td><td> 00169081 <\/td><td>   Potraviny        <\/td><td>20,75<\/td><td>26.2.2019<\/td><td><\/td><\/tr><tr><td>42<\/td><td> Ovocentrum,  1. m\u00e1ja 25, Humenn\u00e9  <\/td><td>  32394268  <\/td><td>    Potraviny         <\/td><td>70,03<\/td><td>26.2.2019<\/td><td><\/td><\/tr><tr><td>43<\/td><td>   GVP,  Tolst\u00e9ho 1, Humenn\u00e9    <\/td><td>         36446190        <\/td><td>     Potraviny          <\/td><td>60,08<\/td><td>27.2.2019<\/td><td><\/td><\/tr><tr><td>44<\/td><td>  M\u00e4so Zempl\u00edn, a.s. , U\u017ehorodsk\u00e1 86, Michalovce <\/td><td> <strong>36205915<\/strong>  <\/td><td> Potraviny           <\/td><td>48,72<\/td><td>27.2.2019<\/td><td><\/td><\/tr><tr><td>45<\/td><td>     Podvihorl\u00e1tske pek\u00e1rne a cukr\u00e1rne a.s., Mierova 34, Humenn\u00e9   <\/td><td> 30414253  <\/td><td>  Potraviny            <\/td><td>11,81<\/td><td>28.2.2019<\/td><td><\/td><\/tr><tr><td>46<\/td><td> ALFA BIO s.r.o.Kremni\u010dka 71974 05 BANSK\u00c1 BYSTRICA <\/td><td><\/td><td> Potraviny             <\/td><td>23,47<\/td><td>4.3.2019<\/td><td><\/td><\/tr><tr><td>47<\/td><td>   M\u00e4so Zempl\u00edn, a.s. , U\u017ehorodsk\u00e1 86, Michalovce  <\/td><td><strong>36 205 915<\/strong> <\/td><td> Potraviny              <\/td><td>46,13<\/td><td>4.3.2019<\/td><td><\/td><\/tr><tr><td>48<\/td><td>  Ovocentrum,  1. m\u00e1ja 25, Humenn\u00e9   <\/td><td>   32394268   <\/td><td>  Potraviny               <\/td><td>35,02<\/td><td>5.3.2019<\/td><td><\/td><\/tr><tr><td>49<\/td><td> <strong>RYBA Ko\u0161ice, pol. s r.o.<\/strong>  , Ju\u017en\u00e1 trieda 1584\/54, 040 01 Ko\u0161ice <\/td><td>17147522 <\/td><td>   Potraviny                <\/td><td>191,83<\/td><td>6.3.2019<\/td><td><\/td><\/tr><tr><td>50<\/td><td>    M\u00e4so Zempl\u00edn, a.s. , U\u017ehorodsk\u00e1 86, Michalovce   <\/td><td>  <strong>36 205 915<\/strong> <\/td><td> Potraviny                 <\/td><td>46,90<\/td><td>11.3.2019<\/td><td><\/td><\/tr><tr><td>51<\/td><td>    GVP,  Tolst\u00e9ho 1, Humenn\u00e9     <\/td><td> 36446190         <\/td><td>  Potraviny                  <\/td><td>70,52<\/td><td>12.3.2019<\/td><td><\/td><\/tr><tr><td>52<\/td><td>   Ovocentrum,  1. m\u00e1ja 25, Humenn\u00e9    <\/td><td> 32394268    <\/td><td>Potraviny<\/td><td>59,36<\/td><td>12.3.2019<\/td><td><\/td><\/tr><tr><td>53<\/td><td>     GVP,  Tolst\u00e9ho 1, Humenn\u00e9      <\/td><td> 36446190          <\/td><td> Potraviny <\/td><td>63,74<\/td><td>13.3.2019<\/td><td><\/td><\/tr><tr><td>54<\/td><td>      Podvihorl\u00e1tske pek\u00e1rne a cukr\u00e1rne a.s., Mierova 34, Humenn\u00e9    <\/td><td> 30414253   <\/td><td>  Potraviny  <\/td><td>11,06<\/td><td>13.3.2019<\/td><td><\/td><\/tr><tr><td>55<\/td><td>     M\u00e4so Zempl\u00edn, a.s. , U\u017ehorodsk\u00e1 86, Michalovce    <\/td><td>36205915<\/td><td>   Potraviny   <\/td><td>53,27<\/td><td>18.3.2019<\/td><td><\/td><\/tr><tr><td>56<\/td><td>      GVP,  Tolst\u00e9ho 1, Humenn\u00e9       <\/td><td> 36446190           <\/td><td>    Potraviny    <\/td><td>35,66<\/td><td>19.3.2019<\/td><td><\/td><\/tr><tr><td>57<\/td><td>    Ovocentrum,  1. m\u00e1ja 25, Humenn\u00e9     <\/td><td>  32394268     <\/td><td>     Potraviny     <\/td><td>86,18<\/td><td>19.3.2019<\/td><td><\/td><\/tr><tr><td>58<\/td><td>      GVP,  Tolst\u00e9ho 1, Humenn\u00e9       <\/td><td> 36446190           <\/td><td>    Potraviny    <\/td><td>79,89<\/td><td>20.3.2019<\/td><td><\/td><\/tr><tr><td>59<\/td><td>      M\u00e4so Zempl\u00edn, a.s. , U\u017ehorodsk\u00e1 86, Michalovce     <\/td><td> 36205915 <\/td><td>     Potraviny     <\/td><td>33,81<\/td><td>25.3.2019<\/td><td><\/td><\/tr><tr><td>60<\/td><td>       Podvihorl\u00e1tske pek\u00e1rne a cukr\u00e1rne a.s., Mierova 34, Humenn\u00e9     <\/td><td> 30414253    <\/td><td> Potraviny      <\/td><td>11,69<\/td><td>25.3.2019<\/td><td><\/td><\/tr><tr><td>61<\/td><td>  Coop jednota Humenn\u00e9,   <\/td><td>  00169081  <\/td><td> Potraviny       <\/td><td>68,98<\/td><td>25.3.2019<\/td><td><\/td><\/tr><tr><td>62<\/td><td>      GVP,  Tolst\u00e9ho 1, Humenn\u00e9       <\/td><td> 36446190           <\/td><td>    Potraviny    <\/td><td>41,94<\/td><td>26.3.2019<\/td><td><\/td><\/tr><tr><td>63<\/td><td>    Ovocentrum,  1. m\u00e1ja 25, Humenn\u00e9     <\/td><td>  32394268     <\/td><td>     Potraviny     <\/td><td>73,05<\/td><td>26.3.2019<\/td><td><\/td><\/tr><tr><td>64<\/td><td>  RYBA Ko\u0161ice, pol. s r.o.  , Ju\u017en\u00e1 trieda 1584\/54, 040 01 Ko\u0161ice  <\/td><td><\/td><td>      Potraviny      <\/td><td>62,51<\/td><td>27.3.19<\/td><td><\/td><\/tr><tr><td>65<\/td><td>       GVP,  Tolst\u00e9ho 1, Humenn\u00e9        <\/td><td>  36446190            <\/td><td>      Potraviny      <\/td><td>65,57<\/td><td>27.3.19<\/td><td><\/td><\/tr><tr><td>66<\/td><td>        Podvihorl\u00e1tske pek\u00e1rne a cukr\u00e1rne a.s., Mierova 34, Humenn\u00e9      <\/td><td>  30414253    <\/td><td>      Potraviny      <\/td><td>18,35<\/td><td>28.3.19<\/td><td><\/td><\/tr><tr><td>67<\/td><td>    Tatransk\u00e1 mliekare\u0148,a.s., Nad tra\u0165ou 26, Ke\u017emarok     <\/td><td>31654363<\/td><td>      Potraviny      <\/td><td>12,79<\/td><td>28.3.19<\/td><td><\/td><\/tr><tr><td>68<\/td><td>    Tatransk\u00e1 mliekare\u0148,a.s., Nad tra\u0165ou 26, Ke\u017emarok     <\/td><td>31654363<\/td><td>      Potraviny      <\/td><td>4,95<\/td><td>28.3.19<\/td><td><\/td><\/tr><tr><td>69<\/td><td>        Podvihorl\u00e1tske pek\u00e1rne a cukr\u00e1rne a.s., Mierova 34, Humenn\u00e9      <\/td><td>  30414253    <\/td><td>       Potraviny       <\/td><td>11,90<\/td><td>31.3.19<\/td><td><\/td><\/tr><tr><td>70<\/td><td>       M\u00e4so Zempl\u00edn, a.s. , U\u017ehorodsk\u00e1 86, Michalovce      <\/td><td>  36205915  <\/td><td>        Potraviny        <\/td><td>58,84<\/td><td>1.4.19<\/td><td><\/td><\/tr><tr><td>71<\/td><td>        GVP,  Tolst\u00e9ho 1, Humenn\u00e9         <\/td><td>36446190<\/td><td>         Potraviny         <\/td><td>79,06<\/td><td>2.4.19<\/td><td><\/td><\/tr><tr><td>72<\/td><td>     Ovo centrum , 1. m\u00e1ja 25, Humenn\u00e9 <\/td><td>32394268<\/td><td>          Potraviny          <\/td><td>79,11<\/td><td>2.4.19<\/td><td><\/td><\/tr><tr><td>73<\/td><td>         GVP,  Tolst\u00e9ho 1, Humenn\u00e9          <\/td><td> 36446190 <\/td><td> Potraviny           <\/td><td>47,88<\/td><td>3.4.19<\/td><td><\/td><\/tr><tr><td>74<\/td><td>        M\u00e4so Zempl\u00edn, a.s. , U\u017ehorodsk\u00e1 86, Michalovce       <\/td><td> 36205915   <\/td><td>  Potraviny            <\/td><td>46,00<\/td><td>8.4.19<\/td><td><\/td><\/tr><tr><td>75<\/td><td>      Ovo centrum , 1. m\u00e1ja 25, Humenn\u00e9  <\/td><td>32394268<\/td><td> Potraviny             <\/td><td>93,37<\/td><td>9.4.19<\/td><td><\/td><\/tr><tr><td>76<\/td><td>          GVP,  Tolst\u00e9ho 1, Humenn\u00e9           <\/td><td>  36446190  <\/td><td> Potraviny            <\/td><td>83,66<\/td><td>9.4.19<\/td><td><\/td><\/tr><tr><td>77<\/td><td>          GVP,  Tolst\u00e9ho 1, Humenn\u00e9           <\/td><td>  36446190  <\/td><td> Potraviny            <\/td><td>47,93<\/td><td>10.4.19<\/td><td><\/td><\/tr><tr><td>78<\/td><td>  <strong>RYBA Ko\u0161ice, pol. s r.o.<\/strong>  , Ju\u017en\u00e1 trieda 1584\/54, 040 01 Ko\u0161ice  <\/td><td>17147522<\/td><td> Potraviny             <\/td><td>99,68<\/td><td>10.4.19<\/td><td><\/td><\/tr><tr><td>79<\/td><td>         Podvihorl\u00e1tske pek\u00e1rne a cukr\u00e1rne a.s., Mierova 34, Humenn\u00e9       <\/td><td> 30414253     <\/td><td>  Potraviny              <\/td><td>11,71<\/td><td>12.4.19<\/td><td><\/td><\/tr><tr><td>80<\/td><td>         M\u00e4so Zempl\u00edn, a.s. , U\u017ehorodsk\u00e1 86, Michalovce        <\/td><td>36205915<\/td><td>   Potraviny               <\/td><td>27,51<\/td><td>15.4.19<\/td><td><\/td><\/tr><tr><td>81<\/td><td>          M\u00e4so Zempl\u00edn, a.s. , U\u017ehorodsk\u00e1 86, Michalovce         <\/td><td> 36205915 <\/td><td>    Potraviny                <\/td><td>27,49<\/td><td>17.4.19<\/td><td><\/td><\/tr><tr><td>82<\/td><td>           GVP,  Tolst\u00e9ho 1, Humenn\u00e9            <\/td><td>36446190<\/td><td> Potraviny                 <\/td><td>64,28<\/td><td>17.4.19<\/td><td><\/td><\/tr><tr><td>83<\/td><td>       Ovo centrum , 1. m\u00e1ja 25, Humenn\u00e9   <\/td><td>32394268<\/td><td>  Potraviny                  <\/td><td>33,08<\/td><td>23.4.19<\/td><td><\/td><\/tr><tr><td>84<\/td><td>          Podvihorl\u00e1tske pek\u00e1rne a cukr\u00e1rne a.s., Mierova 34, Humenn\u00e9        <\/td><td>30414253<\/td><td> Potraviny                   <\/td><td>14,26<\/td><td>23.4.19<\/td><td><\/td><\/tr><tr><td><\/td><td>Fakt\u00fary za 4\/2019<\/td><td><\/td><td><a href=\"http:\/\/www.obecklenova.sk\/wp-content\/uploads\/2020\/02\/Zoznam-FA-\u0160J-4-_2019.pdf\">Zoznam fa<\/a><\/td><td><\/td><td><\/td><td><\/td><\/tr><tr><td><\/td><td>Fakt\u00fary za 5\/2019<\/td><td><\/td><td><a href=\"http:\/\/www.obecklenova.sk\/wp-content\/uploads\/2020\/02\/Zoznam-Fa-\u0160J-5_2019.pdf\">Zoznam fa <\/a><\/td><td><\/td><td><\/td><td><\/td><\/tr><tr><td><\/td><td>Fakt\u00fary za 6\/2019<\/td><td><\/td><td><a href=\"http:\/\/www.obecklenova.sk\/wp-content\/uploads\/2020\/02\/Zoznam-Fa-\u0160J-6_2019.pdf\">Zoznam fa <\/a><\/td><td><\/td><td><\/td><td><\/td><\/tr><tr><td><\/td><td>Fakt\u00fary za 9\/2019<\/td><td><\/td><td><a href=\"http:\/\/www.obecklenova.sk\/wp-content\/uploads\/2020\/02\/Zoznam-Fa-\u0160J-9_2019.pdf\">Zoznam fa<\/a><\/td><td><\/td><td><\/td><td><\/td><\/tr><tr><td><\/td><td>Fakt\u00fary za 10\/2019<\/td><td><\/td><td><a href=\"http:\/\/www.obecklenova.sk\/wp-content\/uploads\/2020\/02\/Zoznam-Fa-\u0160J-10_2019.pdf\">Zoznam fa <\/a><\/td><td><\/td><td><\/td><td><\/td><\/tr><tr><td><\/td><td>Fakt\u00fary za 11\/2019<\/td><td><\/td><td><a href=\"http:\/\/www.obecklenova.sk\/wp-content\/uploads\/2020\/01\/Fakt\u00fary-\u0160J-11_2019-img20200130_08564188.pdf\">Zoznam fa <\/a><\/td><td><\/td><td><\/td><td><\/td><\/tr><tr><td><\/td><td>Fakt\u00fary za 12\/2019<\/td><td><\/td><td><a href=\"http:\/\/www.obecklenova.sk\/wp-content\/uploads\/2020\/01\/Fakt\u00fary-\u0160j-12_2019-img20200130_08551420.pdf\">Zoznam fa<\/a><\/td><td><\/td><td><\/td><td><\/td><\/tr><tr><td><\/td><td><\/td><td><\/td><td><\/td><td><\/td><td><\/td><td><\/td><\/tr><\/tbody><\/table><\/figure>\n\n\n","protected":false},"excerpt":{"rendered":"<p>\u010c\u00edslo Dod\u00e1vate\u013e I\u010cO Predmet \/ Tovar Cena Do\u0161la d\u0148a Objedn\u00e1vka \/ zmluva 1 GVP, s.r.o., Tolst\u00e9ho 1, Humenn\u00e9 36446190 Potraviny 67,31 8.1.2019 2 Ovo centrum , 1. m\u00e1ja 25, Humenn\u00e9 32394268 Ovocie,zelenina 50,45 8.1.2019 3 GVP, s.r.o., Tolst\u00e9ho 1, Humenn\u00e9 36446190 Potraviny 71,87 9.1.2019 4 Ryba, Ko\u0161ice s.r.o., Ju\u017en\u00e1 trieda 54, Ko\u0161ice 17147522 M\u00e4so 65,17 [&hellip;]<\/p>\n","protected":false},"author":1,"featured_media":0,"parent":5552,"menu_order":0,"comment_status":"closed","ping_status":"closed","template":"","meta":{"footnotes":""},"class_list":["post-5568","page","type-page","status-publish","hentry"],"_links":{"self":[{"href":"http:\/\/www.obecklenova.sk\/index.php?rest_route=\/wp\/v2\/pages\/5568","targetHints":{"allow":["GET"]}}],"collection":[{"href":"http:\/\/www.obecklenova.sk\/index.php?rest_route=\/wp\/v2\/pages"}],"about":[{"href":"http:\/\/www.obecklenova.sk\/index.php?rest_route=\/wp\/v2\/types\/page"}],"author":[{"embeddable":true,"href":"http:\/\/www.obecklenova.sk\/index.php?rest_route=\/wp\/v2\/users\/1"}],"replies":[{"embeddable":true,"href":"http:\/\/www.obecklenova.sk\/index.php?rest_route=%2Fwp%2Fv2%2Fcomments&post=5568"}],"version-history":[{"count":50,"href":"http:\/\/www.obecklenova.sk\/index.php?rest_route=\/wp\/v2\/pages\/5568\/revisions"}],"predecessor-version":[{"id":6013,"href":"http:\/\/www.obecklenova.sk\/index.php?rest_route=\/wp\/v2\/pages\/5568\/revisions\/6013"}],"up":[{"embeddable":true,"href":"http:\/\/www.obecklenova.sk\/index.php?rest_route=\/wp\/v2\/pages\/5552"}],"wp:attachment":[{"href":"http:\/\/www.obecklenova.sk\/index.php?rest_route=%2Fwp%2Fv2%2Fmedia&parent=5568"}],"curies":[{"name":"wp","href":"https:\/\/api.w.org\/{rel}","templated":true}]}}