{"id":5570,"date":"2019-02-18T10:26:18","date_gmt":"2019-02-18T10:26:18","guid":{"rendered":"http:\/\/www.obecklenova.sk\/?page_id=5570"},"modified":"2020-02-06T13:07:53","modified_gmt":"2020-02-06T13:07:53","slug":"zmluvy-2019-zssms","status":"publish","type":"page","link":"http:\/\/www.obecklenova.sk\/?page_id=5570","title":{"rendered":"&#8211; Zmluvy 2019,2020 (Z\u0160sM\u0160)"},"content":{"rendered":"\n<figure class=\"wp-block-table\"><table class=\"\"><tbody><tr><td>\u010c\u00edslo zmluvy<\/td><td>Zmluvn\u00e1 strana<\/td><td>I\u010cO<\/td><td>N\u00e1zov zmluvy<\/td><td>Predmet \/ Tovar<\/td><td>Cena s DPH v EUR<\/td><td>D\u00e1tum podpisu<\/td><td>D\u00e1tum zverejnenia<\/td><td>D\u00e1tum \u00fa\u010dinnosti<\/td><td>D\u00e1tum ukon\u010denia<\/td><\/tr><tr><td>1\/2019<\/td><td>Obec Klenov\u00e1, Klenov\u00e1 126, 067 72<\/td><td>37873571<\/td><td>Zmluva o vz\u00e1jomnej spolupr\u00e1ci <\/td><td>Zabezpe\u010dovanie tepla pre budovu OcU a KD, financovanie kuri\u010da<\/td><td>50 % celkov\u00fdch n\u00e1kladov Z\u0160 s M\u0160<\/td><td>12.2.2019<\/td><td>12.2.2019<\/td><td>13.2.2019<\/td><td><\/td><\/tr><tr><td>2\/2019<\/td><td>BEKY, a.s. Podrybn\u00edcka 1, 069 01 Snina<\/td><td>36464350<\/td><td>Zmluva o dod\u00e1vkach a odberoch tovaru<\/td><td>Dod\u00e1vka a odber drevnej \u0161tiepky <\/td><td>60,00eur bez DHP, Dovoz 20,00 eur bez DPH<\/td><td>23.9.2019<\/td><td>2.9.2019<\/td><td>3.9.2019<\/td><td>1.7.2020<\/td><\/tr><tr><td>2020<\/td><td><\/td><td><\/td><td><\/td><td><\/td><td><\/td><td><\/td><td><\/td><td><\/td><td><\/td><\/tr><tr><td>1\/2020<\/td><td>GDPR Slovakia,s.r.o,  A. Bernol\u00e1ka \u010d.2, Michalovce<\/td><td>517769901<\/td><td>Dodatok k zmluve o dielo<\/td><td> Dodatok k zmluve o dielo, v\u00fdkon funkcie zodpovednej osoby <\/td><td>22,00 <\/td><td>23.1.2020<\/td><td>27.1.2020<\/td><td>1.2.2020<\/td><td><\/td><\/tr><tr><td><\/td><td><\/td><td><\/td><td><\/td><td><\/td><td><\/td><td><\/td><td><\/td><td><\/td><td><\/td><\/tr><\/tbody><\/table><\/figure>\n\n\n","protected":false},"excerpt":{"rendered":"<p>\u010c\u00edslo zmluvy Zmluvn\u00e1 strana I\u010cO N\u00e1zov zmluvy Predmet \/ Tovar Cena s DPH v EUR D\u00e1tum podpisu D\u00e1tum zverejnenia D\u00e1tum \u00fa\u010dinnosti D\u00e1tum ukon\u010denia 1\/2019 Obec Klenov\u00e1, Klenov\u00e1 126, 067 72 37873571 Zmluva o vz\u00e1jomnej spolupr\u00e1ci Zabezpe\u010dovanie tepla pre budovu OcU a KD, financovanie kuri\u010da 50 % celkov\u00fdch n\u00e1kladov Z\u0160 s M\u0160 12.2.2019 12.2.2019 13.2.2019 2\/2019 [&hellip;]<\/p>\n","protected":false},"author":1,"featured_media":0,"parent":5548,"menu_order":0,"comment_status":"closed","ping_status":"closed","template":"","meta":{"footnotes":""},"class_list":["post-5570","page","type-page","status-publish","hentry"],"_links":{"self":[{"href":"http:\/\/www.obecklenova.sk\/index.php?rest_route=\/wp\/v2\/pages\/5570","targetHints":{"allow":["GET"]}}],"collection":[{"href":"http:\/\/www.obecklenova.sk\/index.php?rest_route=\/wp\/v2\/pages"}],"about":[{"href":"http:\/\/www.obecklenova.sk\/index.php?rest_route=\/wp\/v2\/types\/page"}],"author":[{"embeddable":true,"href":"http:\/\/www.obecklenova.sk\/index.php?rest_route=\/wp\/v2\/users\/1"}],"replies":[{"embeddable":true,"href":"http:\/\/www.obecklenova.sk\/index.php?rest_route=%2Fwp%2Fv2%2Fcomments&post=5570"}],"version-history":[{"count":7,"href":"http:\/\/www.obecklenova.sk\/index.php?rest_route=\/wp\/v2\/pages\/5570\/revisions"}],"predecessor-version":[{"id":5984,"href":"http:\/\/www.obecklenova.sk\/index.php?rest_route=\/wp\/v2\/pages\/5570\/revisions\/5984"}],"up":[{"embeddable":true,"href":"http:\/\/www.obecklenova.sk\/index.php?rest_route=\/wp\/v2\/pages\/5548"}],"wp:attachment":[{"href":"http:\/\/www.obecklenova.sk\/index.php?rest_route=%2Fwp%2Fv2%2Fmedia&parent=5570"}],"curies":[{"name":"wp","href":"https:\/\/api.w.org\/{rel}","templated":true}]}}