{"id":6034,"date":"2020-03-11T06:51:43","date_gmt":"2020-03-11T06:51:43","guid":{"rendered":"http:\/\/www.obecklenova.sk\/?page_id=6034"},"modified":"2021-05-12T12:46:12","modified_gmt":"2021-05-12T12:46:12","slug":"zmluvy-2020-ocu","status":"publish","type":"page","link":"http:\/\/www.obecklenova.sk\/?page_id=6034","title":{"rendered":"&#8211; Zmluvy 2020 (OcU)"},"content":{"rendered":"\n<table style=\"border-collapse: collapse; width: 100%; height: 1227px;\">\n<tbody>\n<tr style=\"height: 23px;\">\n<td style=\"width: 7.5%; height: 44px;\">\u00a0<\/td>\n<td style=\"width: 7.5%; height: 44px;\">\u00a0<\/td>\n<td style=\"width: 35%; height: 44px;\">Dod\u00e1vate\u013e<\/td>\n<td style=\"width: 25%; height: 44px;\">Predmet zmluvy<\/td>\n<td style=\"width: 12.5%; height: 44px;\">\u00a0<\/td>\n<td style=\"width: 12.5%; height: 44px;\">Zverejnen\u00e1 d\u0148a<\/td>\n<\/tr>\n<tr style=\"height: 23px;\">\n<td style=\"width: 7.5%; height: 23px;\">\u00a0<\/td>\n<td style=\"width: 7.5%; height: 23px;\">\u00a0<\/td>\n<td style=\"width: 35%; height: 23px;\">\u00a0<\/td>\n<td style=\"width: 25%; height: 23px;\">\u00a0<\/td>\n<td style=\"width: 12.5%; height: 23px;\">\u00a0<\/td>\n<td style=\"width: 12.5%; height: 23px;\">\u00a0<\/td>\n<\/tr>\n<tr style=\"height: 23px;\">\n<td style=\"width: 7.5%; height: 44px;\">\u00a0<\/td>\n<td style=\"width: 7.5%; height: 44px;\">1\/2020<\/td>\n<td style=\"width: 35%; height: 44px;\">\u00darad pr\u00e1ce, soc. veci a rodiny Humenn\u00e9<\/td>\n<td style=\"width: 25%; height: 44px;\">Dohoda \u010d.20\/35\/054\/5<\/td>\n<td style=\"width: 12.5%; height: 44px;\"><a href=\"http:\/\/www.obecklenova.sk\/wp-content\/uploads\/2020\/02\/Dohoda-\u010d.20_35_054_5-o-poskytnut\u00ed-fin.prispevku-na-podporu-vytv.pdf\">Dohoda\u00a0<\/a><\/td>\n<td style=\"width: 12.5%; height: 44px;\">29.1.2020<\/td>\n<\/tr>\n<tr style=\"height: 23px;\">\n<td style=\"width: 7.5%; height: 64px;\">\u00a0<\/td>\n<td style=\"width: 7.5%; height: 64px;\">2\/2020<\/td>\n<td style=\"width: 35%; height: 64px;\">Strana r\u00f3mskej koal\u00edcie<\/td>\n<td style=\"width: 25%; height: 64px;\">Zmluva o poskytnut\u00ed fin. pr\u00edspevku\u00a0<\/td>\n<td style=\"width: 12.5%; height: 64px;\"><a href=\"http:\/\/www.obecklenova.sk\/wp-content\/uploads\/2020\/02\/Dot\u00e1cia-pre-r\u00f3msku-koal\u00edciu.docx\">Zmluva<\/a><\/td>\n<td style=\"width: 12.5%; height: 64px;\">05.02.2020<\/td>\n<\/tr>\n<tr style=\"height: 23px;\">\n<td style=\"width: 7.5%; height: 64px;\">\u00a0<\/td>\n<td style=\"width: 7.5%; height: 64px;\">3\/2020<\/td>\n<td style=\"width: 35%; height: 64px;\">\u0160tefan Havrila, Hankovce 131<\/td>\n<td style=\"width: 25%; height: 64px;\">Dodatok \u010d. 1 k zmluve o dielo zo d\u0148a 21.10.2019<\/td>\n<td style=\"width: 12.5%; height: 64px;\"><a href=\"http:\/\/www.obecklenova.sk\/wp-content\/uploads\/2020\/02\/Dodatok-\u010d.-1-k-zmluve-o-dielo-zo-d\u0148a-21.10.2019.pdf\">Zmluva\u00a0<\/a><\/td>\n<td style=\"width: 12.5%; height: 64px;\">27.01.2020<\/td>\n<\/tr>\n<tr style=\"height: 23px;\">\n<td style=\"width: 7.5%; height: 23px;\">\u00a0<\/td>\n<td style=\"width: 7.5%; height: 23px;\">4\/2020<\/td>\n<td style=\"width: 35%; height: 23px;\">Ifosoft, s.r.o., Pre\u0161ov\u00a0<\/td>\n<td style=\"width: 25%; height: 23px;\">Zmluva\u00a0<\/td>\n<td style=\"width: 12.5%; height: 23px;\"><a href=\"http:\/\/www.obecklenova.sk\/wp-content\/uploads\/2020\/02\/Zmluva-o-dielo-Ifosoft.pdf\">Zmluva<\/a><\/td>\n<td style=\"width: 12.5%; height: 23px;\">12.2.2020<\/td>\n<\/tr>\n<tr style=\"height: 23px;\">\n<td style=\"width: 7.5%; height: 44px;\">\u00a0<\/td>\n<td style=\"width: 7.5%; height: 44px;\">5\/2020<\/td>\n<td style=\"width: 35%; height: 44px;\">DXa, s.r.o., Ul SNP 37 , Snina<\/td>\n<td style=\"width: 25%; height: 44px;\">Mand\u00e1tna zmluva<\/td>\n<td style=\"width: 12.5%; height: 44px;\"><a href=\"http:\/\/www.obecklenova.sk\/wp-content\/uploads\/2020\/02\/Mandatn\u00e1-zmluva.pdf\">Zmluva<\/a><\/td>\n<td style=\"width: 12.5%; height: 44px;\">20.2.2020<\/td>\n<\/tr>\n<tr style=\"height: 23px;\">\n<td style=\"width: 7.5%; height: 85px;\">\u00a0<\/td>\n<td style=\"width: 7.5%; height: 85px;\">6\/2020<\/td>\n<td style=\"width: 35%; height: 85px;\">Dobrovo\u013en\u00e1 po\u017eiarna ochrana, Bratislava<\/td>\n<td style=\"width: 25%; height: 85px;\">Zmluva \u010d.1420206 o poskytnut\u00ed dot\u00e1cie\u00a0<\/td>\n<td style=\"width: 12.5%; height: 85px;\"><a href=\"http:\/\/www.obecklenova.sk\/wp-content\/uploads\/2020\/04\/Zmluva-\u010d.-1420-206-DPO-SR.pdf\">Zmluva \u010d.6<\/a><\/td>\n<td style=\"width: 12.5%; height: 85px;\">26.03.2020<\/td>\n<\/tr>\n<tr style=\"height: 23px;\">\n<td style=\"width: 7.5%; height: 168px;\">\u00a0<\/td>\n<td style=\"width: 7.5%; height: 168px;\">7\/2020<\/td>\n<td style=\"width: 35%; height: 168px;\">Natur-pack, a.s., Bratislava<\/td>\n<td style=\"width: 25%; height: 168px;\">Dodatok \u010d.3 k Zmluve o zabespe\u010den\u00ed syst\u00e9mu dru\u017een\u00e9ho nakladania s odpadmi z obalov\u00a0<\/td>\n<td style=\"width: 12.5%; height: 168px;\"><a href=\"http:\/\/www.obecklenova.sk\/wp-content\/uploads\/2020\/04\/Dodatok-\u010d.3-k-Zmluve-o-zabezpe\u010den\u00ed-syst\u00e9mu-zdru\u017een\u00e9ho-nakladani.pdf\">Zmluva \u010d. 7<\/a><\/td>\n<td style=\"width: 12.5%; height: 168px;\">04.03.2020<\/td>\n<\/tr>\n<tr style=\"height: 85px;\">\n<td style=\"width: 7.5%; height: 85px;\">\u00a0<\/td>\n<td style=\"width: 7.5%; height: 85px;\">8\/2020<\/td>\n<td style=\"width: 35%; height: 85px;\">F\u00fara, s.r.o.,\u00a0 Rozhanovce<\/td>\n<td style=\"width: 25%; height: 85px;\">Zmluva o poskytovan\u00ed slu\u017eieb v oblasti trieden\u00e9ho zberu<\/td>\n<td style=\"width: 12.5%; height: 85px;\"><a href=\"http:\/\/www.obecklenova.sk\/wp-content\/uploads\/2020\/06\/Zmluva-o-poskytovan\u00ed-slu\u017eieb-v-oblasti-trieden\u00e9ho-zberu.pdf\">Zmluva<\/a><\/td>\n<td style=\"width: 12.5%; height: 85px;\">24.6.2020<\/td>\n<\/tr>\n<tr style=\"height: 127px;\">\n<td style=\"width: 7.5%; height: 127px;\">\u00a0<\/td>\n<td style=\"width: 7.5%; height: 127px;\">\u00a0<\/td>\n<td style=\"width: 35%; height: 127px;\">\u00a0<\/td>\n<td style=\"width: 25%; height: 127px;\">Dodatok \u010d.1\/2020 k zmluve o poskytovan\u00ed slu\u017eieb v oblasti nakladania s odpadmi<\/td>\n<td style=\"width: 12.5%; height: 127px;\"><a href=\"http:\/\/www.obecklenova.sk\/wp-content\/uploads\/2020\/11\/Zmluva-\u010d.-1_2020-F\u00fara-Rozhanovce.pdf\">Zmluva<\/a><\/td>\n<td style=\"width: 12.5%; height: 127px;\">24.6.2020<\/td>\n<\/tr>\n<tr style=\"height: 23px;\">\n<td style=\"width: 7.5%; height: 85px;\">\u00a0<\/td>\n<td style=\"width: 7.5%; height: 85px;\">9\/2020<\/td>\n<td style=\"width: 35%; height: 85px;\">Orange Slovensko, a.s., Metodova 8, Bratislava<\/td>\n<td style=\"width: 25%; height: 85px;\">Dodatok k Zmluve o poskytovan\u00ed verejn\u00fdch slu\u017eieb<\/td>\n<td style=\"width: 12.5%; height: 85px;\"><a href=\"http:\/\/www.obecklenova.sk\/wp-content\/uploads\/2020\/07\/Dodatok-k-zmluve-o-pokytovani\u00ed-verejn\u00fdch-slu\u017eieb-\u010d\u00edsl-A0323057.pdf\">Zmluva -dodatok<\/a><\/td>\n<td style=\"width: 12.5%; height: 85px;\">24.6.2020<\/td>\n<\/tr>\n<tr style=\"height: 23px;\">\n<td style=\"width: 7.5%; height: 106px;\">\u00a0<\/td>\n<td style=\"width: 7.5%; height: 106px;\">10\/2020<\/td>\n<td style=\"width: 35%; height: 106px;\">\u0160portov\u00fd klub Klenov\u00e1<\/td>\n<td style=\"width: 25%; height: 106px;\">Zmluva o poskytnut\u00ed finan\u010dnej dot\u00e1cie z rozpo\u010dtu obce Klenov\u00e1\u00a0<\/td>\n<td style=\"width: 12.5%; height: 106px;\"><a href=\"http:\/\/www.obecklenova.sk\/wp-content\/uploads\/2020\/07\/Dot\u00e1cia-pre-\u0161portov\u00fd-klub-futbalisti-1.docx\">Zmluva<\/a><\/td>\n<td style=\"width: 12.5%; height: 106px;\">09.7.2020<\/td>\n<\/tr>\n<tr style=\"height: 23px;\">\n<td style=\"width: 7.5%; height: 106px;\">\u00a0<\/td>\n<td style=\"width: 7.5%; height: 106px;\">11\/2020<\/td>\n<td style=\"width: 35%; height: 106px;\">\u0160portov\u00fd klub Klenov\u00e1\u00a0<\/td>\n<td style=\"width: 25%; height: 106px;\">Zmluva o poskytnut\u00ed finan\u010dnej dot\u00e1cie z rozpo\u010dtu obce Klenov\u00e1\u00a0<\/td>\n<td style=\"width: 12.5%; height: 106px;\"><a href=\"http:\/\/www.obecklenova.sk\/wp-content\/uploads\/2020\/08\/Dot\u00e1cia-pre-\u0161portov\u00fd-klub-futbalisti.docx\">Zmluva<\/a><\/td>\n<td style=\"width: 12.5%; height: 106px;\">07.8.2020<\/td>\n<\/tr>\n<tr style=\"height: 23px;\">\n<td style=\"width: 7.5%; height: 23px;\">\u00a0<\/td>\n<td style=\"width: 7.5%; height: 23px;\">12\/2020<\/td>\n<td style=\"width: 35%; height: 23px;\">SR &#8211; \u0160tatistick\u00fd \u00farad SR,\u00a0 Mileti\u010dova 3, 824 67 Bratislava<\/td>\n<td style=\"width: 25%; height: 23px;\">Zmluva o v\u00fdpo\u017ei\u010dke<\/td>\n<td style=\"width: 12.5%; height: 23px;\"><a href=\"http:\/\/www.obecklenova.sk\/wp-content\/uploads\/2020\/11\/Zmluva-o-vypo\u017e\u00ed\u010dke.pdf\">Zmluva\u00a0<\/a><\/td>\n<td style=\"width: 12.5%; height: 23px;\">27.11.2020<\/td>\n<\/tr>\n<tr style=\"height: 85px;\">\n<td style=\"width: 7.5%; height: 85px;\">\u00a0<\/td>\n<td style=\"width: 7.5%; height: 85px;\">13\/2020<\/td>\n<td style=\"width: 35%; height: 85px;\">Ing. Anna Mamajov\u00e1, Sninsk\u00e1 18<\/td>\n<td style=\"width: 25%; height: 85px;\">Zmluva o poskytovan\u00ed aud\u00edtorsk\u00fdch slu\u017eieb<\/td>\n<td style=\"width: 12.5%; height: 85px;\"><a href=\"http:\/\/www.obecklenova.sk\/wp-content\/uploads\/2020\/12\/Zmluva-o-poskytovan\u00ed-aud\u00edtorsk\u00fdch-slu\u017eieb.pdf\">Zmluva<\/a><\/td>\n<td style=\"width: 12.5%; height: 85px;\">23.11.2020<\/td>\n<\/tr>\n<tr style=\"height: 28px;\">\n<td style=\"width: 7.5%; height: 28px;\">\u00a0<\/td>\n<td style=\"width: 7.5%; height: 28px;\">14\/2020<\/td>\n<td style=\"width: 35%; height: 28px;\">F\u00fara, s.r.o, SNP 77, 04442\u00a0 Rozhanovce<\/td>\n<td style=\"width: 25%; height: 28px;\">Pr\u00edloha k zmluve \u010d. o poskytovan\u00ed slu\u017eieb trieden\u00e9ho zberu zo d\u0148a 24.6.2020<\/td>\n<td style=\"width: 12.5%; height: 28px;\"><a href=\"http:\/\/www.obecklenova.sk\/wp-content\/uploads\/2021\/05\/Priloha-c.2-k-zmluve-o-poskytovani-sluzieb-triedeny-zber.pdf\">Zmluva\u00a0<\/a><\/td>\n<td style=\"width: 12.5%; height: 28px;\">30.12.2020<\/td>\n<\/tr>\n<tr style=\"height: 23px;\">\n<td style=\"width: 7.5%; height: 23px;\">\u00a0<\/td>\n<td style=\"width: 7.5%; height: 23px;\">1\/2021<\/td>\n<td style=\"width: 35%; height: 23px;\">Ifosoft, Pre\u0161ov\u00a0<\/td>\n<td style=\"width: 25%; height: 23px;\">Zmluva o dielo, SW mzdy<\/td>\n<td style=\"width: 12.5%; height: 23px;\"><a href=\"http:\/\/www.obecklenova.sk\/wp-content\/uploads\/2021\/02\/Zmluva-o-dielo-\u010d.-210105-ifosoft-Pre\u0161ov.pdf\">Zmluva<\/a><\/td>\n<td style=\"width: 12.5%; height: 23px;\">19.1.2021<\/td>\n<\/tr>\n<\/tbody>\n<\/table>\n","protected":false},"excerpt":{"rendered":"<p>\u00a0 \u00a0 Dod\u00e1vate\u013e Predmet zmluvy \u00a0 Zverejnen\u00e1 d\u0148a \u00a0 \u00a0 \u00a0 \u00a0 \u00a0 \u00a0 \u00a0 1\/2020 \u00darad pr\u00e1ce, soc. veci a rodiny Humenn\u00e9 Dohoda \u010d.20\/35\/054\/5 Dohoda\u00a0 29.1.2020 \u00a0 2\/2020 Strana r\u00f3mskej koal\u00edcie Zmluva o poskytnut\u00ed fin. pr\u00edspevku\u00a0 Zmluva 05.02.2020 \u00a0 3\/2020 \u0160tefan Havrila, Hankovce 131 Dodatok \u010d. 1 k zmluve o dielo zo d\u0148a 21.10.2019 [&hellip;]<\/p>\n","protected":false},"author":1,"featured_media":0,"parent":6024,"menu_order":1,"comment_status":"closed","ping_status":"closed","template":"","meta":{"footnotes":""},"class_list":["post-6034","page","type-page","status-publish","hentry"],"_links":{"self":[{"href":"http:\/\/www.obecklenova.sk\/index.php?rest_route=\/wp\/v2\/pages\/6034","targetHints":{"allow":["GET"]}}],"collection":[{"href":"http:\/\/www.obecklenova.sk\/index.php?rest_route=\/wp\/v2\/pages"}],"about":[{"href":"http:\/\/www.obecklenova.sk\/index.php?rest_route=\/wp\/v2\/types\/page"}],"author":[{"embeddable":true,"href":"http:\/\/www.obecklenova.sk\/index.php?rest_route=\/wp\/v2\/users\/1"}],"replies":[{"embeddable":true,"href":"http:\/\/www.obecklenova.sk\/index.php?rest_route=%2Fwp%2Fv2%2Fcomments&post=6034"}],"version-history":[{"count":39,"href":"http:\/\/www.obecklenova.sk\/index.php?rest_route=\/wp\/v2\/pages\/6034\/revisions"}],"predecessor-version":[{"id":6558,"href":"http:\/\/www.obecklenova.sk\/index.php?rest_route=\/wp\/v2\/pages\/6034\/revisions\/6558"}],"up":[{"embeddable":true,"href":"http:\/\/www.obecklenova.sk\/index.php?rest_route=\/wp\/v2\/pages\/6024"}],"wp:attachment":[{"href":"http:\/\/www.obecklenova.sk\/index.php?rest_route=%2Fwp%2Fv2%2Fmedia&parent=6034"}],"curies":[{"name":"wp","href":"https:\/\/api.w.org\/{rel}","templated":true}]}}