{"id":6044,"date":"2020-03-11T06:54:22","date_gmt":"2020-03-11T06:54:22","guid":{"rendered":"http:\/\/www.obecklenova.sk\/?page_id=6044"},"modified":"2020-06-26T07:35:05","modified_gmt":"2020-06-26T07:35:05","slug":"objednavky-2020-zssms","status":"publish","type":"page","link":"http:\/\/www.obecklenova.sk\/?page_id=6044","title":{"rendered":"&#8211; Objedn\u00e1vky 2020 (Z\u0160sM\u0160)"},"content":{"rendered":"\n<table style=\"border-collapse: collapse; width: 100%; height: 161px;\">\n<tbody>\n<tr style=\"height: 23px;\">\n<td style=\"width: 16.6667%; height: 23px;\">\u010c\u00edslo objedn\u00e1vky<\/td>\n<td style=\"width: 16.6667%; height: 23px;\">Dod\u00e1vate\u013e<\/td>\n<td style=\"width: 16.6667%; height: 23px;\">I\u010co<\/td>\n<td style=\"width: 16.6667%; height: 23px;\">Tovar\/slu\u017eba<\/td>\n<td style=\"width: 16.6667%; height: 23px;\">cena<\/td>\n<td style=\"width: 8.33335%; height: 23px;\">D\u00e1tum\u00a0<\/td>\n<td style=\"width: 8.33335%; height: 23px;\">Vybavuje<\/td>\n<\/tr>\n<tr style=\"height: 23px;\">\n<td style=\"width: 16.6667%; height: 23px;\">1\/2020<\/td>\n<td style=\"width: 16.6667%; height: 23px;\">\u0160EVT, a.s., Cement\u00e1rensk\u00e1 cesta 16, B,Bystrica<\/td>\n<td style=\"width: 16.6667%; height: 23px;\">31331131<\/td>\n<td style=\"width: 16.6667%; height: 23px;\">\u0160kolsk\u00e9 tla\u010div\u00e1<\/td>\n<td style=\"width: 16.6667%; height: 23px;\">\u00a0<\/td>\n<td style=\"width: 8.33335%; height: 23px;\">27.01.2020<\/td>\n<td style=\"width: 8.33335%; height: 23px;\">PaedDr. Ru\u0148aninov\u00e1\u00a0<\/td>\n<\/tr>\n<tr style=\"height: 23px;\">\n<td style=\"width: 16.6667%; height: 23px;\">2\/2020<\/td>\n<td style=\"width: 16.6667%; height: 23px;\">Tomino, a.s., Snina<\/td>\n<td style=\"width: 16.6667%; height: 23px;\">32374232<\/td>\n<td style=\"width: 16.6667%; height: 23px;\">U\u010debn\u00e9 pom\u00f4cky pre \u017eiakov v HN\u00a0<\/td>\n<td style=\"width: 16.6667%; height: 23px;\">83,00<\/td>\n<td style=\"width: 8.33335%; height: 23px;\">25.02.2020<\/td>\n<td style=\"width: 8.33335%; height: 23px;\">PaedDr. Ru\u0148aninov\u00e1\u00a0<\/td>\n<\/tr>\n<tr style=\"height: 23px;\">\n<td style=\"width: 16.6667%; height: 23px;\">3\/2020<\/td>\n<td style=\"width: 16.6667%; height: 23px;\">Agrifop, a.a., Stak\u010d\u00edn\u00a0<\/td>\n<td style=\"width: 16.6667%; height: 23px;\">31713238<\/td>\n<td style=\"width: 16.6667%; height: 23px;\">V\u00fd\u0165ah mo\u010dovky\u00a0<\/td>\n<td style=\"width: 16.6667%; height: 23px;\">\u00a0<\/td>\n<td style=\"width: 8.33335%; height: 23px;\">10.05.2020<\/td>\n<td style=\"width: 8.33335%; height: 23px;\">PaedDr. Ru\u0148aninov\u00e1\u00a0<\/td>\n<\/tr>\n<tr style=\"height: 23px;\">\n<td style=\"width: 16.6667%; height: 23px;\">4\/2020<\/td>\n<td style=\"width: 16.6667%; height: 23px;\">Gigaprint.sk, s.r.o., Kuzm\u00e1nyho 30,\u00a0 91101\u00a0 Tren\u010d\u00edn<\/td>\n<td style=\"width: 16.6667%; height: 23px;\">50370294<\/td>\n<td style=\"width: 16.6667%; height: 23px;\">Toner CF183A<\/td>\n<td style=\"width: 16.6667%; height: 23px;\">17,90<\/td>\n<td style=\"width: 8.33335%; height: 23px;\">20.05.2020<\/td>\n<td style=\"width: 8.33335%; height: 23px;\">PaedDr. Ru\u0148aninov\u00e1\u00a0<\/td>\n<\/tr>\n<tr style=\"height: 23px;\">\n<td style=\"width: 16.6667%; height: 23px;\">\u00a0<\/td>\n<td style=\"width: 16.6667%; height: 23px;\">\u00a0<\/td>\n<td style=\"width: 16.6667%; height: 23px;\">\u00a0<\/td>\n<td style=\"width: 16.6667%; height: 23px;\">\u00a0<\/td>\n<td style=\"width: 16.6667%; height: 23px;\">\u00a0<\/td>\n<td style=\"width: 8.33335%; height: 23px;\">\u00a0<\/td>\n<td style=\"width: 8.33335%; height: 23px;\">\u00a0<\/td>\n<\/tr>\n<tr style=\"height: 23px;\">\n<td style=\"width: 16.6667%; height: 23px;\">\u00a0<\/td>\n<td style=\"width: 16.6667%; height: 23px;\">\u00a0<\/td>\n<td style=\"width: 16.6667%; height: 23px;\">\u00a0<\/td>\n<td style=\"width: 16.6667%; height: 23px;\">\u00a0<\/td>\n<td style=\"width: 16.6667%; height: 23px;\">\u00a0<\/td>\n<td style=\"width: 8.33335%; height: 23px;\">\u00a0<\/td>\n<td style=\"width: 8.33335%; height: 23px;\">\u00a0<\/td>\n<\/tr>\n<\/tbody>\n<\/table>\n","protected":false},"excerpt":{"rendered":"<p>\u010c\u00edslo objedn\u00e1vky Dod\u00e1vate\u013e I\u010co Tovar\/slu\u017eba cena D\u00e1tum\u00a0 Vybavuje 1\/2020 \u0160EVT, a.s., Cement\u00e1rensk\u00e1 cesta 16, B,Bystrica 31331131 \u0160kolsk\u00e9 tla\u010div\u00e1 \u00a0 27.01.2020 PaedDr. Ru\u0148aninov\u00e1\u00a0 2\/2020 Tomino, a.s., Snina 32374232 U\u010debn\u00e9 pom\u00f4cky pre \u017eiakov v HN\u00a0 83,00 25.02.2020 PaedDr. Ru\u0148aninov\u00e1\u00a0 3\/2020 Agrifop, a.a., Stak\u010d\u00edn\u00a0 31713238 V\u00fd\u0165ah mo\u010dovky\u00a0 \u00a0 10.05.2020 PaedDr. Ru\u0148aninov\u00e1\u00a0 4\/2020 Gigaprint.sk, s.r.o., Kuzm\u00e1nyho 30,\u00a0 91101\u00a0 Tren\u010d\u00edn [&hellip;]<\/p>\n","protected":false},"author":1,"featured_media":0,"parent":6028,"menu_order":3,"comment_status":"closed","ping_status":"closed","template":"","meta":{"footnotes":""},"class_list":["post-6044","page","type-page","status-publish","hentry"],"_links":{"self":[{"href":"http:\/\/www.obecklenova.sk\/index.php?rest_route=\/wp\/v2\/pages\/6044","targetHints":{"allow":["GET"]}}],"collection":[{"href":"http:\/\/www.obecklenova.sk\/index.php?rest_route=\/wp\/v2\/pages"}],"about":[{"href":"http:\/\/www.obecklenova.sk\/index.php?rest_route=\/wp\/v2\/types\/page"}],"author":[{"embeddable":true,"href":"http:\/\/www.obecklenova.sk\/index.php?rest_route=\/wp\/v2\/users\/1"}],"replies":[{"embeddable":true,"href":"http:\/\/www.obecklenova.sk\/index.php?rest_route=%2Fwp%2Fv2%2Fcomments&post=6044"}],"version-history":[{"count":6,"href":"http:\/\/www.obecklenova.sk\/index.php?rest_route=\/wp\/v2\/pages\/6044\/revisions"}],"predecessor-version":[{"id":6155,"href":"http:\/\/www.obecklenova.sk\/index.php?rest_route=\/wp\/v2\/pages\/6044\/revisions\/6155"}],"up":[{"embeddable":true,"href":"http:\/\/www.obecklenova.sk\/index.php?rest_route=\/wp\/v2\/pages\/6028"}],"wp:attachment":[{"href":"http:\/\/www.obecklenova.sk\/index.php?rest_route=%2Fwp%2Fv2%2Fmedia&parent=6044"}],"curies":[{"name":"wp","href":"https:\/\/api.w.org\/{rel}","templated":true}]}}