{"id":6407,"date":"2021-02-16T09:25:03","date_gmt":"2021-02-16T09:25:03","guid":{"rendered":"http:\/\/www.obecklenova.sk\/?page_id=6407"},"modified":"2022-02-17T09:54:54","modified_gmt":"2022-02-17T09:54:54","slug":"zmluvy-2021-ocu","status":"publish","type":"page","link":"http:\/\/www.obecklenova.sk\/?page_id=6407","title":{"rendered":"&#8211; Zmluvy 2021 (OcU)"},"content":{"rendered":"\n<table style=\"width: 100%; height: 1073px;\">\n<tbody>\n<tr style=\"height: 24px;\">\n<td style=\"width: 1.2069%; height: 24px;\">\u010c\u00edslo zmluvy<\/td>\n<td style=\"width: 22.7586%; height: 24px;\">Dod\u00e1vate\u013e<\/td>\n<td style=\"width: 36.3793%; height: 24px;\">Predmet zmluvy<\/td>\n<td style=\"width: 1.2069%; height: 24px;\">\u00a0<\/td>\n<td style=\"width: 34.6552%; height: 24px;\">Zverejnen\u00e1 d\u0148a<\/td>\n<\/tr>\n<tr style=\"height: 24px;\">\n<td style=\"width: 1.2069%; height: 24px;\">1\/2021<\/td>\n<td style=\"width: 22.7586%; height: 24px;\">Ifosoft ,s.r.o., Pre\u0161ov\u00a0<\/td>\n<td style=\"width: 36.3793%; height: 24px;\"><a href=\"http:\/\/www.obecklenova.sk\/wp-content\/uploads\/2021\/02\/Zmluva-o-dielo-\u010d.-210105-ifosoft-Pre\u0161ov.pdf\">Zmluva o dielo \u010d.210105 programov\u00e9 vybavenie mzdov\u00e1 agenda<\/a><\/td>\n<td style=\"width: 1.2069%; height: 24px;\">\u00a0<\/td>\n<td style=\"width: 34.6552%; height: 24px;\">21.01.2021<\/td>\n<\/tr>\n<tr style=\"height: 24px;\">\n<td style=\"width: 1.2069%; height: 24px;\">2\/2021<\/td>\n<td style=\"width: 22.7586%; height: 24px;\">Natur-Pack, a.s., Bajkalsk\u00e1 25, Bratislava<\/td>\n<td style=\"width: 36.3793%; height: 24px;\"><a href=\"http:\/\/www.obecklenova.sk\/wp-content\/uploads\/2021\/03\/Dodatok-c.4-k-zmluve-o-zabezpeceni-systemu-zdruzeneho-nakladania-s-odpadmi-z-obalov-a-s-odpadmi-z-neobalovych-vyrobkov.pdf\">Dodatok \u010d.4 k zmluve o zabezpe\u010den\u00ed syst\u00e9mu zdru\u017een\u00e9ho nakladania s odpadmi z obalov<\/a><\/td>\n<td style=\"width: 1.2069%; height: 24px;\">\u00a0<\/td>\n<td style=\"width: 34.6552%; height: 24px;\">10.3.2021<\/td>\n<\/tr>\n<tr style=\"height: 24px;\">\n<td style=\"width: 1.2069%; height: 24px;\">3\/2021<\/td>\n<td style=\"width: 22.7586%; height: 24px;\">Slovak Telekom, a.s., Bajkalsk\u00e1 28, Bratislava<\/td>\n<td style=\"width: 36.3793%; height: 24px;\"><a href=\"http:\/\/www.obecklenova.sk\/wp-content\/uploads\/2021\/03\/Kupna-zmluva-Slovak-Telekom-speedhone.pdf\">K\u00fapna zmluva &#8211; apar\u00e1t Speedphone\u00a0<\/a><\/td>\n<td style=\"width: 1.2069%; height: 24px;\">\u00a0<\/td>\n<td style=\"width: 34.6552%; height: 24px;\">11.03.2021<\/td>\n<\/tr>\n<tr style=\"height: 24px;\">\n<td style=\"width: 1.2069%; height: 24px;\">4\/2021<\/td>\n<td style=\"width: 22.7586%; height: 24px;\">Slovak Telekom, a.s., Bajkalsk\u00e1 28, Bratislava<\/td>\n<td style=\"width: 36.3793%; height: 24px;\"><a href=\"http:\/\/www.obecklenova.sk\/wp-content\/uploads\/2021\/03\/Dodatok-k-zmluve-o-poskytovani-verejnych-sluzieb-balik-sluzieb-Slovak-Telekom.pdf\">Dodatok z zmluve o poskytovan\u00ed verejn\u00fdch slu\u017eieb , \u010d.9928386858<\/a><\/td>\n<td style=\"width: 1.2069%; height: 24px;\">\u00a0<\/td>\n<td style=\"width: 34.6552%; height: 24px;\">11.03.2021<\/td>\n<\/tr>\n<tr style=\"height: 86px;\">\n<td style=\"width: 1.2069%; height: 86px;\">5\/2021<\/td>\n<td style=\"width: 22.7586%; height: 86px;\">Slovak Telekom, a.s., Bajkalsk\u00e1 28, Bratislava<\/td>\n<td style=\"width: 36.3793%; height: 86px;\"><a href=\"http:\/\/www.obecklenova.sk\/wp-content\/uploads\/2021\/03\/Dodatok-k-Zmluve-o-poskytovani-verejnych-sluzieb-balik-sluzieb-Slovak-Telekom-c.-9928396177.pdf\">Dodatok k zmluve o poskytovan\u00ed verejn\u00fdch slu\u017eieb \u010d.9928396177<\/a><\/td>\n<td style=\"width: 1.2069%; height: 86px;\">\u00a0<\/td>\n<td style=\"width: 34.6552%; height: 86px;\">11.03.2021<\/td>\n<\/tr>\n<tr style=\"height: 107px;\">\n<td style=\"width: 1.2069%; height: 107px;\">6\/2021<\/td>\n<td style=\"width: 22.7586%; height: 107px;\">F\u00fara, s.r.o. Rozhanovce<\/td>\n<td style=\"width: 36.3793%; height: 107px;\"><a href=\"http:\/\/www.obecklenova.sk\/wp-content\/uploads\/2021\/04\/Dodatok-c.1-k-zmluve-o-poskytovani-sluzieb-vyvoz-nebzpec-odpadu.pdf\">Dodatok \u010d.1\/2021 k zmluve v oblasti nakladania s odpadmi na v\u00fdvoz nebezpe\u010dn\u00e9ho odpadu<\/a><\/td>\n<td style=\"width: 1.2069%; height: 107px;\">\u00a0<\/td>\n<td style=\"width: 34.6552%; height: 107px;\">6.4.2021<\/td>\n<\/tr>\n<tr style=\"height: 86px;\">\n<td style=\"width: 1.2069%; height: 86px;\">7\/2021<\/td>\n<td style=\"width: 22.7586%; height: 86px;\">F\u00fara ,s.r.o. Rozhanovce<\/td>\n<td style=\"width: 36.3793%; height: 86px;\"><a href=\"http:\/\/www.obecklenova.sk\/wp-content\/uploads\/2021\/04\/Dodatok-c.2-_2021-k-zmluve-nakladanie-s-odpadmi-na-zber-jedlych-olejov-a-tukov.pdf\">Dodatok \u010d.2\/2021 k zmluve o poskytovan\u00ed slu\u017eieb na zber jedl\u00fdch olejov a tukov\u00a0<\/a><\/td>\n<td style=\"width: 1.2069%; height: 86px;\">\u00a0<\/td>\n<td style=\"width: 34.6552%; height: 86px;\">6.4.2021<\/td>\n<\/tr>\n<tr style=\"height: 107px;\">\n<td style=\"width: 1.2069%; height: 107px;\">8\/2021<\/td>\n<td style=\"width: 22.7586%; height: 107px;\">F\u00fara, s.r.o., Rozhanovce<\/td>\n<td style=\"width: 36.3793%; height: 107px;\"><a href=\"http:\/\/www.obecklenova.sk\/wp-content\/uploads\/2021\/04\/Dodatok-c.-3_2021-k-zmluve-nakladanie-s-odpadmi-na-zber-biologicky-rozloz-kuch.-odpadu.pdf\">Dodatok \u010d. 3\/2021 k zmluve na zber biologicky rozlo\u017eite\u013en\u00e9ho kuchyn. a re\u0161tara\u010d. odpadu\u00a0<\/a><\/td>\n<td style=\"width: 1.2069%; height: 107px;\">\u00a0<\/td>\n<td style=\"width: 34.6552%; height: 107px;\">6.4.2021<\/td>\n<\/tr>\n<tr style=\"height: 24px;\">\n<td style=\"width: 1.2069%; height: 24px;\">9\/2021<\/td>\n<td style=\"width: 22.7586%; height: 24px;\">V\u00fdchodoslovensk\u00e1 energetika a.s., KO\u0161ice<\/td>\n<td style=\"width: 36.3793%; height: 24px;\"><a href=\"http:\/\/www.obecklenova.sk\/wp-content\/uploads\/2021\/04\/Dodatok-z-zmluve-o-zdruzenej-dodavke-elektriny.pdf\">Dodatok k zmluve o zdru\u017eenej dod\u00e1vke elektriny\u00a0<\/a><\/td>\n<td style=\"width: 1.2069%; height: 24px;\">\u00a0<\/td>\n<td style=\"width: 34.6552%; height: 24px;\">8.4.2021<\/td>\n<\/tr>\n<tr style=\"height: 24px;\">\n<td style=\"width: 1.2069%; height: 24px;\">10\/2021<\/td>\n<td style=\"width: 22.7586%; height: 24px;\">\u0160portov\u00fd klub Klenov\u00e1<\/td>\n<td style=\"width: 36.3793%; height: 24px;\"><a href=\"http:\/\/www.obecklenova.sk\/wp-content\/uploads\/2021\/06\/Dotacia-pre-sportovy-klub-futbalisti-1.docx\">Zmluva o poskytnut\u00ed fin.dot\u00e1cie z rozpo\u010dtu obce Klenov\u00e1\u00a0<\/a><\/td>\n<td style=\"width: 1.2069%; height: 24px;\">\u00a0<\/td>\n<td style=\"width: 34.6552%; height: 24px;\">8.6.2021<\/td>\n<\/tr>\n<tr style=\"height: 87px;\">\n<td style=\"width: 1.2069%; height: 87px;\">11\/2021<\/td>\n<td style=\"width: 22.7586%; height: 87px;\">Proch\u00e1zka a partners, spol. s r.o. B\u00fadkova 4, 811 01 Bratislava<\/td>\n<td style=\"width: 36.3793%; height: 87px;\"><a href=\"http:\/\/www.obecklenova.sk\/wp-content\/uploads\/2021\/06\/Scan.pdf\">Zmluva o poskytovan\u00ed pr\u00e1vnych slu\u017eieb<\/a><\/td>\n<td style=\"width: 1.2069%; height: 87px;\">\u00a0<\/td>\n<td style=\"width: 34.6552%; height: 87px;\">25.6.2021<\/td>\n<\/tr>\n<tr style=\"height: 87px;\">\n<td style=\"width: 1.2069%; height: 87px;\">12\/2021<\/td>\n<td style=\"width: 22.7586%; height: 87px;\">Proch\u00e1zka a partners, spol. s r.o. B\u00fadkova 4, 811 01 Bratislava<\/td>\n<td style=\"width: 36.3793%; height: 87px;\"><a href=\"http:\/\/www.obecklenova.sk\/wp-content\/uploads\/2021\/06\/Zmluva-o-poskytovani-pravnych-sluzieb.pdf\">Zmluva o poskytovan\u00ed pr\u00e1vnych slu\u017eieb\u00a0<\/a><\/td>\n<td style=\"width: 1.2069%; height: 87px;\">\u00a0<\/td>\n<td style=\"width: 34.6552%; height: 87px;\">25.6.2021<\/td>\n<\/tr>\n<tr style=\"height: 24px;\">\n<td style=\"width: 1.2069%; height: 24px;\">13\/2021<\/td>\n<td style=\"width: 22.7586%; height: 24px;\">UPSR Humenn\u00e9<\/td>\n<td style=\"width: 36.3793%; height: 24px;\"><a href=\"http:\/\/www.obecklenova.sk\/wp-content\/uploads\/2021\/07\/DOhoda-c.-21-2021-projekt-UPSVR.pdf\">Dohoda \u010d. 21\/35\/054\/74<\/a><\/td>\n<td style=\"width: 1.2069%; height: 24px;\">\u00a0<\/td>\n<td style=\"width: 34.6552%; height: 24px;\">30.6.2021<\/td>\n<\/tr>\n<tr style=\"height: 45px;\">\n<td style=\"width: 1.2069%; height: 45px;\">14\/2021<\/td>\n<td style=\"width: 22.7586%; height: 45px;\">\u0160portov\u00fd klub Klenov\u00e1<\/td>\n<td style=\"width: 36.3793%; height: 45px;\"><a href=\"http:\/\/www.obecklenova.sk\/wp-content\/uploads\/2021\/08\/Dotacia-pre-sportovy-klub-futbalisti.pdf\">Zmluva o poskytnut\u00ed finan\u010dnej dot\u00e1cie\u00a0<\/a><\/td>\n<td style=\"width: 1.2069%; height: 45px;\">\u00a0<\/td>\n<td style=\"width: 34.6552%; height: 45px;\">11.08.2021<\/td>\n<\/tr>\n<tr style=\"height: 66px;\">\n<td style=\"width: 1.2069%; height: 66px;\">15\/2021<\/td>\n<td style=\"width: 22.7586%; height: 66px;\">DCL Partner, s.r.o., 067 72\u00a0 Kolonica 64<\/td>\n<td style=\"width: 36.3793%; height: 66px;\">\n<p><a href=\"http:\/\/Zmluva o dielo \u010d.01\/STR\/2021\" data-wplink-url-error=\"true\">Zmluva o dielo \u010d.01\/STR\/2021<\/a><\/p>\n<p><a href=\"http:\/\/www.obecklenova.sk\/wp-content\/uploads\/2021\/09\/Priloha-c.1-k-zmluve-strecha-KD.pdf\">Pr\u00edloha k zmluve &#8211; Rozpo\u010det\u00a0<\/a><\/p>\n<\/td>\n<td style=\"width: 1.2069%; height: 66px;\">\u00a0<\/td>\n<td style=\"width: 34.6552%; height: 66px;\">22.9.2021<\/td>\n<\/tr>\n<tr style=\"height: 24px;\">\n<td style=\"width: 1.2069%; height: 24px;\">16\/2021<\/td>\n<td style=\"width: 22.7586%; height: 24px;\">VSD, a.s., Mlynsk\u00e1 31, 04291 Ko\u0161ice\u00a0<\/td>\n<td style=\"width: 36.3793%; height: 24px;\"><a href=\"http:\/\/www.obecklenova.sk\/wp-content\/uploads\/2021\/10\/Zmluva-o-pripojeni-do-distribucnej-sustavy.pdf\">Zmluva o pripojen\u00ed do distribu\u010dnej s\u00fastavy\u00a0<\/a><\/td>\n<td style=\"width: 1.2069%; height: 24px;\">\u00a0<\/td>\n<td style=\"width: 34.6552%; height: 24px;\">18.10.2021<\/td>\n<\/tr>\n<tr style=\"height: 24px;\">\n<td style=\"width: 1.2069%; height: 24px;\">17\/2021<\/td>\n<td style=\"width: 22.7586%; height: 24px;\">Zuzana Mandrikov\u00e1, Klenov\u00e1 \u010d. 64<\/td>\n<td style=\"width: 36.3793%; height: 24px;\"><a href=\"http:\/\/www.obecklenova.sk\/wp-content\/uploads\/2021\/10\/Zmluva-najomna-byt-Mandrikova.pdf\">N\u00e1jomn\u00e1 zmluva &#8211; byt\u00a0<\/a><\/td>\n<td style=\"width: 1.2069%; height: 24px;\">\u00a0<\/td>\n<td style=\"width: 34.6552%; height: 24px;\">18.10.2021<\/td>\n<\/tr>\n<tr style=\"height: 24px;\">\n<td style=\"width: 1.2069%; height: 24px;\">18\/2021<\/td>\n<td style=\"width: 22.7586%; height: 24px;\">Michal Litt, Klenov\u00e1 119<\/td>\n<td style=\"width: 36.3793%; height: 24px;\"><a href=\"http:\/\/www.obecklenova.sk\/wp-content\/uploads\/2021\/12\/KUPNO-PREDAJNA-ZMLUVA-radlica.pdf\">K\u00fapna zmluva &#8211; radlica\u00a0<\/a><\/td>\n<td style=\"width: 1.2069%; height: 24px;\">\u00a0<\/td>\n<td style=\"width: 34.6552%; height: 24px;\">13.12.2021<\/td>\n<\/tr>\n<tr style=\"height: 66px;\">\n<td style=\"width: 1.2069%; height: 66px;\">19\/2021<\/td>\n<td style=\"width: 22.7586%; height: 66px;\">F\u00fara s.r.o., SNP 77, Rozhanovce<\/td>\n<td style=\"width: 36.3793%; height: 66px;\"><a href=\"http:\/\/www.obecklenova.sk\/wp-content\/uploads\/2022\/01\/Dodatok-k-zmluve-nakladanie-s-odpadmi-c.-1_2022-1.pdf\">Dodatok \u010d.1\/2022 k zmluve o poskytovan\u00ed slu\u017eieb v oblasti nakladania s odpadmi\u00a0<\/a><\/td>\n<td style=\"width: 1.2069%; height: 66px;\">\u00a0<\/td>\n<td style=\"width: 34.6552%; height: 66px;\">31.12.2021<\/td>\n<\/tr>\n<tr style=\"height: 24px;\">\n<td style=\"width: 1.2069%; height: 24px;\">20\/2021<\/td>\n<td style=\"width: 22.7586%; height: 24px;\">F\u00fara, s.r.o.,\u00a0 SNP 77, Rozhanovce\u00a0<\/td>\n<td style=\"width: 36.3793%; height: 24px;\"><a href=\"http:\/\/www.obecklenova.sk\/wp-content\/uploads\/2022\/02\/Priloha-c.3-k-zmluve-o-poskytovani-sluzieb-tiedeneho-zberu-zo-dna-24.6.2020.pdf\">Pr\u00edloha \u010d.3 k zmluve o poskytovan\u00ed slu\u017eieb trieden\u00e9ho zberu zo d\u0148a 24.6.2020<\/a><\/td>\n<td style=\"width: 1.2069%; height: 24px;\">\u00a0<\/td>\n<td style=\"width: 34.6552%; height: 24px;\">31.12.2021<\/td>\n<\/tr>\n<tr style=\"height: 24px;\">\n<td style=\"width: 1.2069%; height: 24px;\">\u00a0<\/td>\n<td style=\"width: 22.7586%; height: 24px;\">2022<\/td>\n<td style=\"width: 36.3793%; height: 24px;\">\u00a0<\/td>\n<td style=\"width: 1.2069%; height: 24px;\">\u00a0<\/td>\n<td style=\"width: 34.6552%; height: 24px;\">\u00a0<\/td>\n<\/tr>\n<tr style=\"height: 24px;\">\n<td style=\"width: 1.2069%; height: 24px;\">1\/2022<\/td>\n<td style=\"width: 22.7586%; height: 24px;\">Lekos , s.r.o. \u0160tefana Kukuru 154\/14, Michalovce<\/td>\n<td style=\"width: 36.3793%; height: 24px;\"><a href=\"http:\/\/www.obecklenova.sk\/wp-content\/uploads\/2022\/02\/Zmluva-o-pripojeni-Lekos.pdf\">Zmluva o pripojen\u00ed a pren\u00e1jme telekomunika\u010dnej linky\u00a0<\/a><\/td>\n<td style=\"width: 1.2069%; height: 24px;\">\u00a0<\/td>\n<td style=\"width: 34.6552%; height: 24px;\">9.2.2022<\/td>\n<\/tr>\n<\/tbody>\n<\/table>\n","protected":false},"excerpt":{"rendered":"<p>\u010c\u00edslo zmluvy Dod\u00e1vate\u013e Predmet zmluvy \u00a0 Zverejnen\u00e1 d\u0148a 1\/2021 Ifosoft ,s.r.o., Pre\u0161ov\u00a0 Zmluva o dielo \u010d.210105 programov\u00e9 vybavenie mzdov\u00e1 agenda \u00a0 21.01.2021 2\/2021 Natur-Pack, a.s., Bajkalsk\u00e1 25, Bratislava Dodatok \u010d.4 k zmluve o zabezpe\u010den\u00ed syst\u00e9mu zdru\u017een\u00e9ho nakladania s odpadmi z obalov \u00a0 10.3.2021 3\/2021 Slovak Telekom, a.s., Bajkalsk\u00e1 28, Bratislava K\u00fapna zmluva &#8211; apar\u00e1t Speedphone\u00a0 [&hellip;]<\/p>\n","protected":false},"author":1,"featured_media":0,"parent":6401,"menu_order":1,"comment_status":"closed","ping_status":"closed","template":"","meta":{"footnotes":""},"class_list":["post-6407","page","type-page","status-publish","hentry"],"_links":{"self":[{"href":"http:\/\/www.obecklenova.sk\/index.php?rest_route=\/wp\/v2\/pages\/6407","targetHints":{"allow":["GET"]}}],"collection":[{"href":"http:\/\/www.obecklenova.sk\/index.php?rest_route=\/wp\/v2\/pages"}],"about":[{"href":"http:\/\/www.obecklenova.sk\/index.php?rest_route=\/wp\/v2\/types\/page"}],"author":[{"embeddable":true,"href":"http:\/\/www.obecklenova.sk\/index.php?rest_route=\/wp\/v2\/users\/1"}],"replies":[{"embeddable":true,"href":"http:\/\/www.obecklenova.sk\/index.php?rest_route=%2Fwp%2Fv2%2Fcomments&post=6407"}],"version-history":[{"count":32,"href":"http:\/\/www.obecklenova.sk\/index.php?rest_route=\/wp\/v2\/pages\/6407\/revisions"}],"predecessor-version":[{"id":6773,"href":"http:\/\/www.obecklenova.sk\/index.php?rest_route=\/wp\/v2\/pages\/6407\/revisions\/6773"}],"up":[{"embeddable":true,"href":"http:\/\/www.obecklenova.sk\/index.php?rest_route=\/wp\/v2\/pages\/6401"}],"wp:attachment":[{"href":"http:\/\/www.obecklenova.sk\/index.php?rest_route=%2Fwp%2Fv2%2Fmedia&parent=6407"}],"curies":[{"name":"wp","href":"https:\/\/api.w.org\/{rel}","templated":true}]}}