{"id":6417,"date":"2021-02-16T09:27:17","date_gmt":"2021-02-16T09:27:17","guid":{"rendered":"http:\/\/www.obecklenova.sk\/?page_id=6417"},"modified":"2021-04-29T11:55:38","modified_gmt":"2021-04-29T11:55:38","slug":"objednavky-2021-zssms","status":"publish","type":"page","link":"http:\/\/www.obecklenova.sk\/?page_id=6417","title":{"rendered":"&#8211; Objedn\u00e1vky 2021 (Z\u0160sM\u0160)"},"content":{"rendered":"\n<p><a href=\"http:\/\/www.obecklenova.sk\/wp-content\/uploads\/2021\/04\/Zoznam-objednavok-2021.pdf\">Zoznam objedn\u00e1vok 1-3 2021<\/a><\/p>\n","protected":false},"excerpt":{"rendered":"<p>Zoznam objedn\u00e1vok 1-3 2021<\/p>\n","protected":false},"author":1,"featured_media":0,"parent":6403,"menu_order":3,"comment_status":"closed","ping_status":"closed","template":"","meta":{"footnotes":""},"class_list":["post-6417","page","type-page","status-publish","hentry"],"_links":{"self":[{"href":"http:\/\/www.obecklenova.sk\/index.php?rest_route=\/wp\/v2\/pages\/6417","targetHints":{"allow":["GET"]}}],"collection":[{"href":"http:\/\/www.obecklenova.sk\/index.php?rest_route=\/wp\/v2\/pages"}],"about":[{"href":"http:\/\/www.obecklenova.sk\/index.php?rest_route=\/wp\/v2\/types\/page"}],"author":[{"embeddable":true,"href":"http:\/\/www.obecklenova.sk\/index.php?rest_route=\/wp\/v2\/users\/1"}],"replies":[{"embeddable":true,"href":"http:\/\/www.obecklenova.sk\/index.php?rest_route=%2Fwp%2Fv2%2Fcomments&post=6417"}],"version-history":[{"count":2,"href":"http:\/\/www.obecklenova.sk\/index.php?rest_route=\/wp\/v2\/pages\/6417\/revisions"}],"predecessor-version":[{"id":6541,"href":"http:\/\/www.obecklenova.sk\/index.php?rest_route=\/wp\/v2\/pages\/6417\/revisions\/6541"}],"up":[{"embeddable":true,"href":"http:\/\/www.obecklenova.sk\/index.php?rest_route=\/wp\/v2\/pages\/6403"}],"wp:attachment":[{"href":"http:\/\/www.obecklenova.sk\/index.php?rest_route=%2Fwp%2Fv2%2Fmedia&parent=6417"}],"curies":[{"name":"wp","href":"https:\/\/api.w.org\/{rel}","templated":true}]}}