{"id":6734,"date":"2022-02-09T15:20:19","date_gmt":"2022-02-09T15:20:19","guid":{"rendered":"http:\/\/www.obecklenova.sk\/?page_id=6734"},"modified":"2022-12-27T12:45:38","modified_gmt":"2022-12-27T12:45:38","slug":"faktury-2022-ocu","status":"publish","type":"page","link":"http:\/\/www.obecklenova.sk\/?page_id=6734","title":{"rendered":"&#8211; Fakt\u00fary 2022 (Oc\u00fa)"},"content":{"rendered":"\n<p><a href=\"http:\/\/www.obecklenova.sk\/wp-content\/uploads\/2022\/03\/Zoznam-doslych-faktur-1_2022.pdf\">Fakt\u00fary za 1\/2022, zverejnen\u00e9 d\u0148a 1.2.2022<\/a><\/p>\n<p><a href=\"http:\/\/www.obecklenova.sk\/wp-content\/uploads\/2022\/03\/Zoznam-doslych-faktur-2_2022.pdf\">Fakt\u00fary za 2\/2022, zverejnen\u00e9 d\u0148a\u00a0 1.3.2022<\/a><\/p>\n<p><a href=\"http:\/\/www.obecklenova.sk\/wp-content\/uploads\/2022\/04\/Zoznam-faktur-OcU-za-3-2022.pdf\">Fakt\u00fary za 3\/2022, zverejnen\u00e9 d\u0148a 1.4.2022<\/a><\/p>\n<p>FAkt\u00fary za 4 2022, zverejnen\u00e9\u00a0<\/p>\n<p><a href=\"http:\/\/www.obecklenova.sk\/wp-content\/uploads\/2022\/06\/Faktury-za-5-2022-1.pdf\">Fakt\u00fary za 5 2022, zverejnen\u00e9 d\u0148a 1.6.2022<\/a><\/p>\n<p><a href=\"http:\/\/www.obecklenova.sk\/wp-content\/uploads\/2022\/07\/Faktury-OcU-za-6_2022.pdf\">Fakt\u00fary za 6 2022, zverejnen\u00e9 d\u0148a 1.7.2022<\/a><\/p>\n<p><a href=\"http:\/\/www.obecklenova.sk\/wp-content\/uploads\/2022\/08\/Faktury-za-7-2022.pdf\">Fakt\u00fary za 7\/2022, zverejnen\u00e9 d\u0148a 1.8.2022<\/a><\/p>\n<p><a href=\"http:\/\/www.obecklenova.sk\/wp-content\/uploads\/2022\/09\/Faktury-za-8-2022-OcU.pdf\">Fakt\u00fary za 8\/2022, zverejnen\u00e9 2.9.2022<\/a><\/p>\n<p><a href=\"http:\/\/www.obecklenova.sk\/wp-content\/uploads\/2022\/10\/Faktury-za-9-2022.pdf\">Fakt\u00fary za 9\/2022, zverejnen\u00e9 1.10.2022<\/a><\/p>\n<p><a href=\"http:\/\/www.obecklenova.sk\/wp-content\/uploads\/2022\/11\/Faktury-za-10_2022.pdf\">Fakt\u00fary za 10\/2022, zverejnen\u00e9 2.11.2022<\/a><\/p>\n<p><a href=\"http:\/\/www.obecklenova.sk\/wp-content\/uploads\/2022\/12\/Faktury-OcU-za-11-2022.pdf\">Fakt\u00fary za 11\/2022, zverejnen\u00e9 01.12.2022<\/a><\/p>\n","protected":false},"excerpt":{"rendered":"<p>Fakt\u00fary za 1\/2022, zverejnen\u00e9 d\u0148a 1.2.2022 Fakt\u00fary za 2\/2022, zverejnen\u00e9 d\u0148a\u00a0 1.3.2022 Fakt\u00fary za 3\/2022, zverejnen\u00e9 d\u0148a 1.4.2022 FAkt\u00fary za 4 2022, zverejnen\u00e9\u00a0 Fakt\u00fary za 5 2022, zverejnen\u00e9 d\u0148a 1.6.2022 Fakt\u00fary za 6 2022, zverejnen\u00e9 d\u0148a 1.7.2022 Fakt\u00fary za 7\/2022, zverejnen\u00e9 d\u0148a 1.8.2022 Fakt\u00fary za 8\/2022, zverejnen\u00e9 2.9.2022 Fakt\u00fary za 9\/2022, zverejnen\u00e9 1.10.2022 Fakt\u00fary za [&hellip;]<\/p>\n","protected":false},"author":1,"featured_media":0,"parent":6732,"menu_order":0,"comment_status":"closed","ping_status":"closed","template":"","meta":{"footnotes":""},"class_list":["post-6734","page","type-page","status-publish","hentry"],"_links":{"self":[{"href":"http:\/\/www.obecklenova.sk\/index.php?rest_route=\/wp\/v2\/pages\/6734","targetHints":{"allow":["GET"]}}],"collection":[{"href":"http:\/\/www.obecklenova.sk\/index.php?rest_route=\/wp\/v2\/pages"}],"about":[{"href":"http:\/\/www.obecklenova.sk\/index.php?rest_route=\/wp\/v2\/types\/page"}],"author":[{"embeddable":true,"href":"http:\/\/www.obecklenova.sk\/index.php?rest_route=\/wp\/v2\/users\/1"}],"replies":[{"embeddable":true,"href":"http:\/\/www.obecklenova.sk\/index.php?rest_route=%2Fwp%2Fv2%2Fcomments&post=6734"}],"version-history":[{"count":15,"href":"http:\/\/www.obecklenova.sk\/index.php?rest_route=\/wp\/v2\/pages\/6734\/revisions"}],"predecessor-version":[{"id":7019,"href":"http:\/\/www.obecklenova.sk\/index.php?rest_route=\/wp\/v2\/pages\/6734\/revisions\/7019"}],"up":[{"embeddable":true,"href":"http:\/\/www.obecklenova.sk\/index.php?rest_route=\/wp\/v2\/pages\/6732"}],"wp:attachment":[{"href":"http:\/\/www.obecklenova.sk\/index.php?rest_route=%2Fwp%2Fv2%2Fmedia&parent=6734"}],"curies":[{"name":"wp","href":"https:\/\/api.w.org\/{rel}","templated":true}]}}