{"id":6738,"date":"2022-02-09T15:21:14","date_gmt":"2022-02-09T15:21:14","guid":{"rendered":"http:\/\/www.obecklenova.sk\/?page_id=6738"},"modified":"2022-07-01T08:27:02","modified_gmt":"2022-07-01T08:27:02","slug":"faktury-2022-sj","status":"publish","type":"page","link":"http:\/\/www.obecklenova.sk\/?page_id=6738","title":{"rendered":"&#8211; Fakt\u00fary 2022 (\u0160J)"},"content":{"rendered":"\n<p><a href=\"http:\/\/www.obecklenova.sk\/wp-content\/uploads\/2022\/03\/FAktury-SJ-01-2022.pdf\">Fakt\u00fary za 1\/2022, zverejnen\u00e9 d\u0148a 1.2.2022<\/a><\/p>\n<p><a href=\"http:\/\/www.obecklenova.sk\/wp-content\/uploads\/2022\/03\/Faktury-SJ-za-2_2022.pdf\">Fakt\u00fary za 2\/2022, zverejnen\u00e9 d\u0148a 2.2.2022<\/a><\/p>\n<p>FAkt\u00fary za 3\/2022<\/p>\n<p>Fakt\u00fary za 4\/2022<\/p>\n<p><a href=\"http:\/\/www.obecklenova.sk\/wp-content\/uploads\/2022\/07\/Faktury-Sj-za-5-2022.pdf\">Fakt\u00fary za 5\/2022, zverejnen\u00e9 d\u0148a 1.7.2022<\/a><\/p>\n","protected":false},"excerpt":{"rendered":"<p>Fakt\u00fary za 1\/2022, zverejnen\u00e9 d\u0148a 1.2.2022 Fakt\u00fary za 2\/2022, zverejnen\u00e9 d\u0148a 2.2.2022 FAkt\u00fary za 3\/2022 Fakt\u00fary za 4\/2022 Fakt\u00fary za 5\/2022, zverejnen\u00e9 d\u0148a 1.7.2022<\/p>\n","protected":false},"author":1,"featured_media":0,"parent":6732,"menu_order":0,"comment_status":"closed","ping_status":"closed","template":"","meta":{"footnotes":""},"class_list":["post-6738","page","type-page","status-publish","hentry"],"_links":{"self":[{"href":"http:\/\/www.obecklenova.sk\/index.php?rest_route=\/wp\/v2\/pages\/6738","targetHints":{"allow":["GET"]}}],"collection":[{"href":"http:\/\/www.obecklenova.sk\/index.php?rest_route=\/wp\/v2\/pages"}],"about":[{"href":"http:\/\/www.obecklenova.sk\/index.php?rest_route=\/wp\/v2\/types\/page"}],"author":[{"embeddable":true,"href":"http:\/\/www.obecklenova.sk\/index.php?rest_route=\/wp\/v2\/users\/1"}],"replies":[{"embeddable":true,"href":"http:\/\/www.obecklenova.sk\/index.php?rest_route=%2Fwp%2Fv2%2Fcomments&post=6738"}],"version-history":[{"count":6,"href":"http:\/\/www.obecklenova.sk\/index.php?rest_route=\/wp\/v2\/pages\/6738\/revisions"}],"predecessor-version":[{"id":6902,"href":"http:\/\/www.obecklenova.sk\/index.php?rest_route=\/wp\/v2\/pages\/6738\/revisions\/6902"}],"up":[{"embeddable":true,"href":"http:\/\/www.obecklenova.sk\/index.php?rest_route=\/wp\/v2\/pages\/6732"}],"wp:attachment":[{"href":"http:\/\/www.obecklenova.sk\/index.php?rest_route=%2Fwp%2Fv2%2Fmedia&parent=6738"}],"curies":[{"name":"wp","href":"https:\/\/api.w.org\/{rel}","templated":true}]}}