{"id":6748,"date":"2022-02-09T15:23:29","date_gmt":"2022-02-09T15:23:29","guid":{"rendered":"http:\/\/www.obecklenova.sk\/?page_id=6748"},"modified":"2022-09-20T08:08:52","modified_gmt":"2022-09-20T08:08:52","slug":"objednavky-2022-zs-s-ms","status":"publish","type":"page","link":"http:\/\/www.obecklenova.sk\/?page_id=6748","title":{"rendered":"&#8211; Objedn\u00e1vky 2022 (Z\u0160 s M\u0160)"},"content":{"rendered":"\n<p><a href=\"http:\/\/www.obecklenova.sk\/wp-content\/uploads\/2022\/04\/Objednavky-2022-ZS.pdf\">Objedn\u00e1vky 2022\u00a0<\/a><\/p>\n<p><a href=\"http:\/\/www.obecklenova.sk\/wp-content\/uploads\/2022\/08\/Objednavky-od-4_2022.pdf\">Objedn\u00e1vky od 4_2022<\/a><\/p>\n<p><a href=\"http:\/\/www.obecklenova.sk\/wp-content\/uploads\/2022\/09\/Objednavky-do-9-_2022.pdf\">Objedn\u00e1vky do 9_2022<\/a><\/p>\n","protected":false},"excerpt":{"rendered":"<p>Objedn\u00e1vky 2022\u00a0 Objedn\u00e1vky od 4_2022 Objedn\u00e1vky do 9_2022<\/p>\n","protected":false},"author":1,"featured_media":0,"parent":6730,"menu_order":0,"comment_status":"closed","ping_status":"closed","template":"","meta":{"footnotes":""},"class_list":["post-6748","page","type-page","status-publish","hentry"],"_links":{"self":[{"href":"http:\/\/www.obecklenova.sk\/index.php?rest_route=\/wp\/v2\/pages\/6748","targetHints":{"allow":["GET"]}}],"collection":[{"href":"http:\/\/www.obecklenova.sk\/index.php?rest_route=\/wp\/v2\/pages"}],"about":[{"href":"http:\/\/www.obecklenova.sk\/index.php?rest_route=\/wp\/v2\/types\/page"}],"author":[{"embeddable":true,"href":"http:\/\/www.obecklenova.sk\/index.php?rest_route=\/wp\/v2\/users\/1"}],"replies":[{"embeddable":true,"href":"http:\/\/www.obecklenova.sk\/index.php?rest_route=%2Fwp%2Fv2%2Fcomments&post=6748"}],"version-history":[{"count":5,"href":"http:\/\/www.obecklenova.sk\/index.php?rest_route=\/wp\/v2\/pages\/6748\/revisions"}],"predecessor-version":[{"id":6961,"href":"http:\/\/www.obecklenova.sk\/index.php?rest_route=\/wp\/v2\/pages\/6748\/revisions\/6961"}],"up":[{"embeddable":true,"href":"http:\/\/www.obecklenova.sk\/index.php?rest_route=\/wp\/v2\/pages\/6730"}],"wp:attachment":[{"href":"http:\/\/www.obecklenova.sk\/index.php?rest_route=%2Fwp%2Fv2%2Fmedia&parent=6748"}],"curies":[{"name":"wp","href":"https:\/\/api.w.org\/{rel}","templated":true}]}}