{"id":7046,"date":"2023-02-10T16:36:15","date_gmt":"2023-02-10T16:36:15","guid":{"rendered":"http:\/\/www.obecklenova.sk\/?page_id=7046"},"modified":"2023-11-16T10:35:49","modified_gmt":"2023-11-16T10:35:49","slug":"zmluvy-2023-ocu","status":"publish","type":"page","link":"http:\/\/www.obecklenova.sk\/?page_id=7046","title":{"rendered":"&#8211; Zmluvy 2023 (Oc\u00da)"},"content":{"rendered":"\n<table style=\"border-collapse: collapse; width: 100%; height: 902px;\">\n<tbody>\n<tr style=\"height: 26px;\">\n<td style=\"height: 46px; width: 9.40476%;\"><strong>\u010cislo zmluvy<\/strong><\/td>\n<td style=\"height: 46px; width: 23.8095%;\"><strong>Dod\u00e1vate\u013e\/I\u010cO<\/strong><\/td>\n<td style=\"height: 46px; width: 45.8333%;\"><strong>Predmet<\/strong><\/td>\n<td style=\"height: 46px; width: 10.4762%;\"><strong>D\u00e1tum<\/strong><\/td>\n<td style=\"height: 46px; width: 10.3571%;\"><strong>Pozn\u00e1mka<\/strong><\/td>\n<\/tr>\n<tr style=\"height: 26px;\">\n<td style=\"height: 46px; width: 9.40476%;\">1\/2023<\/td>\n<td style=\"height: 46px; width: 23.8095%;\">Zuzana Mandrikov\u00e1, Klenov\u00e1 65<\/td>\n<td style=\"height: 46px; width: 45.8333%;\"><a href=\"http:\/\/www.obecklenova.sk\/wp-content\/uploads\/2023\/01\/Najomna-zmluva-Z.M.-1.pdf\">N\u00e1jomn\u00e1 zmluva<\/a><\/td>\n<td style=\"height: 46px; width: 10.4762%;\">2.1.2023<\/td>\n<td style=\"height: 46px; width: 10.3571%;\">\u00a0<\/td>\n<\/tr>\n<tr style=\"height: 26px;\">\n<td style=\"height: 46px; width: 9.40476%;\">2\/2023<\/td>\n<td style=\"height: 46px; width: 23.8095%;\">F\u00fara, s.r.o., Rozhanovce, 36211451<\/td>\n<td style=\"height: 46px; width: 45.8333%;\"><a href=\"http:\/\/www.obecklenova.sk\/wp-content\/uploads\/2023\/02\/Priloha-k-zmluve-c.-4-k-zmluve-o-poskytovani-sluzieb-v-oblasti-tiredeneho-zberu.pdf\">PR\u00edLOHA K zmluve\u00a0<\/a><\/td>\n<td style=\"height: 46px; width: 10.4762%;\">22.2.2023<\/td>\n<td style=\"height: 46px; width: 10.3571%;\">\u00a0<\/td>\n<\/tr>\n<tr style=\"height: 26px;\">\n<td style=\"height: 46px; width: 9.40476%;\">3\/2023<\/td>\n<td style=\"height: 46px; width: 23.8095%;\">Naur-Pack, a.s., Bajkalsk\u00e1 25, 82101 Bratislava<\/td>\n<td style=\"height: 46px; width: 45.8333%;\"><a href=\"http:\/\/www.obecklenova.sk\/wp-content\/uploads\/2023\/03\/Dodatok-c.5-k-ZM-o-zabezpeceni-systemu-zdruz.-nakladania-s-odpadmi-z-obalov_compressed.pdf\">Dodatok \u010d. 5\u00a0<\/a><\/td>\n<td style=\"height: 46px; width: 10.4762%;\">13.03.2023<\/td>\n<td style=\"height: 46px; width: 10.3571%;\">\u00a0<\/td>\n<\/tr>\n<tr style=\"height: 26px;\">\n<td style=\"height: 46px; width: 9.40476%;\">4\/2023<\/td>\n<td style=\"height: 46px; width: 23.8095%;\">\u0160portov\u00fd klub Klenov\u00e1\u00a0<\/td>\n<td style=\"height: 46px; width: 45.8333%;\"><a href=\"http:\/\/www.obecklenova.sk\/wp-content\/uploads\/2023\/04\/Dotacia-pre-sportovy-klub-futbalisti-2023.pdf\">Zmluva o poskytnut\u00ed fin. dot\u00e1cie z rozpo\u010dtu obce Klenov\u00e1<\/a><\/td>\n<td style=\"height: 46px; width: 10.4762%;\">24.04.2023<\/td>\n<td style=\"height: 46px; width: 10.3571%;\">\u00a0<\/td>\n<\/tr>\n<tr style=\"height: 26px;\">\n<td style=\"height: 46px; width: 9.40476%;\">5\/2023<\/td>\n<td style=\"height: 46px; width: 23.8095%;\">Dobrovo\u013en\u00e1 po\u017eiarna ochrana SR, Bratislava<\/td>\n<td style=\"height: 46px; width: 45.8333%;\"><a href=\"http:\/\/www.obecklenova.sk\/wp-content\/uploads\/2023\/05\/Zmluva-o-poskytnuti-dotacie-z-prostriedkov-DPO-SR_compressed.pdf\">Zmluva \u010d. 1423417<\/a><\/td>\n<td style=\"height: 46px; width: 10.4762%;\">7.5.2023<\/td>\n<td style=\"height: 46px; width: 10.3571%;\">\u00a0<\/td>\n<\/tr>\n<tr style=\"height: 26px;\">\n<td style=\"height: 46px; width: 9.40476%;\">6\/2023<\/td>\n<td style=\"height: 46px; width: 23.8095%;\">\u00darad pr\u00e1ce, soci\u00e1lnych vec\u00ed a rodiny, Humenn\u00e9<\/td>\n<td style=\"height: 46px; width: 45.8333%;\"><a href=\"http:\/\/www.obecklenova.sk\/wp-content\/uploads\/2023\/05\/Dohoda-c.-23-_35_054_259-o-poskytnuti-financneho-prispevku-na-podporu-vytvarania-pracovnych-miest_compressed_compressed-1_compressed.pdf\">Dohoda \u010d.23\/35\/054\/259 o poskytnut\u00ed FP na podporu vytv\u00e1rania prac. miest<\/a><\/td>\n<td style=\"height: 46px; width: 10.4762%;\">27.03.2023<\/td>\n<td style=\"height: 46px; width: 10.3571%;\">\u00a0<\/td>\n<\/tr>\n<tr style=\"height: 26px;\">\n<td style=\"height: 70px; width: 9.40476%;\">7\/2023<\/td>\n<td style=\"height: 70px; width: 23.8095%;\">\u00darad pr\u00e1ce, soc. veci a rodiny , Humenn\u00e9<\/td>\n<td style=\"height: 70px; width: 45.8333%;\"><a href=\"http:\/\/www.obecklenova.sk\/wp-content\/uploads\/2023\/05\/Dohoda-c.-23_35_054_184-o-zabezpeceni-podmienok-na-vykonavanie-aktivace-a-zaskolenia_compressed_compressed.pdf\">Dohoda \u010d.23\/35\/054\/184 o zabezpe\u010den\u00ed podmienok na vykon\u00e1vanie aktiv\u00e1cie a za\u0161kolenia<\/a><\/td>\n<td style=\"height: 70px; width: 10.4762%;\">21.2.2023<\/td>\n<td style=\"height: 70px; width: 10.3571%;\">\u00a0<\/td>\n<\/tr>\n<tr style=\"height: 26px;\">\n<td style=\"height: 25px; width: 9.40476%;\">8\/2023<\/td>\n<td style=\"height: 25px; width: 23.8095%;\">\u0160portov\u00fd klub Klenov\u00e1<\/td>\n<td style=\"height: 25px; width: 45.8333%;\"><a href=\"http:\/\/www.obecklenova.sk\/wp-content\/uploads\/2023\/08\/Dotacia-pre-sportovy-klub-futbalisti.pdf\">Zmluva o poskytnut\u00ed fin. dot\u00e1cie z rozpo\u010dtu obce Klenov\u00e1<\/a><\/td>\n<td style=\"height: 25px; width: 10.4762%;\">22.8.2023<\/td>\n<td style=\"height: 25px; width: 10.3571%;\">\u00a0<\/td>\n<\/tr>\n<tr style=\"height: 26px;\">\n<td style=\"height: 23px; width: 9.40476%;\">9\/2023<\/td>\n<td style=\"height: 23px; width: 23.8095%;\">\u00darad pr\u00e1ce, soc. veci a rodiny, Humenn\u00e9<\/td>\n<td style=\"height: 23px; width: 45.8333%;\"><a href=\"http:\/\/www.obecklenova.sk\/wp-content\/uploads\/2023\/08\/Dohoda-c.23_35_054_753-o-zabezpeceni-podmienok-vykonavania-aktivacnej-cinnosti-formou-obecnych-sluzieb-._compressed.pdf\">Dohoda \u010d. 23\/35\/054\/753 o zabezpe\u010den\u00ed podmienok vykon\u00e1vania aktiva\u010dnej \u010dinnosti formou men\u0161\u00edch obecn\u00fdch slu\u017eieb\u00a0<\/a><\/td>\n<td style=\"height: 23px; width: 10.4762%;\">23.8.2023<\/td>\n<td style=\"height: 23px; width: 10.3571%;\">\u00a0<\/td>\n<\/tr>\n<tr style=\"height: 26px;\">\n<td style=\"height: 23px; width: 9.40476%;\">10\/2023<\/td>\n<td style=\"height: 23px; width: 23.8095%;\">Ministerstvo vn\u00fatra SR, Bratislava<\/td>\n<td style=\"height: 23px; width: 45.8333%;\"><a href=\"http:\/\/www.obecklenova.sk\/wp-content\/uploads\/2023\/08\/Zmluva-o-vypozicke-c.-KRHZ-PO-VO-369-061_2023_compressed.pdf\">Zmluva o v\u00fdpo\u017ei\u010dke s\u00faprava povod\u0148ovej z\u00e1chrannej slu\u017eby\u00a0<\/a><\/td>\n<td style=\"height: 23px; width: 10.4762%;\">23.8.2023<\/td>\n<td style=\"height: 23px; width: 10.3571%;\">\u00a0<\/td>\n<\/tr>\n<tr style=\"height: 26px;\">\n<td style=\"height: 23px; width: 9.40476%;\">11\/2023<\/td>\n<td style=\"height: 23px; width: 23.8095%;\">Mediinvest Consulting. s.r.o., Ve\u013ek\u00fd \u0160ari\u0161<\/td>\n<td style=\"height: 23px; width: 45.8333%;\"><a href=\"http:\/\/www.obecklenova.sk\/wp-content\/uploads\/2023\/09\/Klenova_ZoD_ZoNFP_PSK_ZS-2_compressed.pdf\">Zmluva o dielo\u00a0<\/a><\/td>\n<td style=\"height: 23px; width: 10.4762%;\">21.9.2023<\/td>\n<td style=\"height: 23px; width: 10.3571%;\">\u00a0<\/td>\n<\/tr>\n<tr style=\"height: 26px;\">\n<td style=\"height: 23px; width: 9.40476%;\">12\/2023<\/td>\n<td style=\"height: 23px; width: 23.8095%;\">Komun\u00e1lna pois\u0165ov\u0148a, a.s. 811 05 Bratislava<\/td>\n<td style=\"height: 23px; width: 45.8333%;\"><a href=\"http:\/\/www.obecklenova.sk\/wp-content\/uploads\/2023\/09\/Poistna-zmluva-UchoZ_compressed.pdf\">Poistn\u00e1 zmluva &#8211; \u00farazov\u00e9 poistenie\u00a0<\/a><\/td>\n<td style=\"height: 23px; width: 10.4762%;\">21.9.2023<\/td>\n<td style=\"height: 23px; width: 10.3571%;\">\u00a0<\/td>\n<\/tr>\n<tr style=\"height: 70px;\">\n<td style=\"width: 9.40476%; height: 70px;\">13\/2023<\/td>\n<td style=\"width: 23.8095%; height: 70px;\">Ministerstvo vn\u00fatra SR, Pribinova 2, 812 72\u00a0 Bratislava<\/td>\n<td style=\"width: 45.8333%; height: 70px;\"><a href=\"http:\/\/www.obecklenova.sk\/wp-content\/uploads\/2023\/09\/Darovacia-zmluva-c.p.-KRHZ_PO_VO_281_066_2023-privesny-vozik.pdf\">Darovacia zmluva \u010d. p. KRHZ-PO-VO-281-066\/2023<\/a><\/td>\n<td style=\"width: 10.4762%; height: 70px;\">28.9.2023<\/td>\n<td style=\"width: 10.3571%; height: 70px;\">\u00a0<\/td>\n<\/tr>\n<tr style=\"height: 46px;\">\n<td style=\"width: 9.40476%; height: 46px;\">14\/2023<\/td>\n<td style=\"width: 23.8095%; height: 46px;\">KG-STAV, Pere\u010d\u00ednska 2849\/1141, Snina\u00a0<\/td>\n<td style=\"width: 45.8333%; height: 46px;\"><a href=\"http:\/\/www.obecklenova.sk\/wp-content\/uploads\/2023\/10\/Zmluva-o-dielo-o-dodavke-stavebnej-cinnosti-chodnik-na-cintorin_compressed.pdf\">Zmluva o dielo o dod\u00e1vke stavebnej \u010dinnosti\u00a0<\/a><\/td>\n<td style=\"width: 10.4762%; height: 46px;\">05.10.2023<\/td>\n<td style=\"width: 10.3571%; height: 46px;\">\u00a0<\/td>\n<\/tr>\n<tr style=\"height: 46px;\">\n<td style=\"width: 9.40476%; height: 46px;\">15\/2023<\/td>\n<td style=\"width: 23.8095%; height: 46px;\">Ing. Anna Mamajov\u00e1, Humenn\u00e9<\/td>\n<td style=\"width: 45.8333%; height: 46px;\"><a href=\"http:\/\/www.obecklenova.sk\/wp-content\/uploads\/2023\/10\/Zmluva-o-poskytovani-auditorskych-sluzieb-c.-14-2023_compressed.pdf\">Zmluva o poskytovan\u00ed aud\u00edtorsk\u00fdch slu\u017eieb\u00a0<\/a><\/td>\n<td style=\"width: 10.4762%; height: 46px;\">12.10.2023<\/td>\n<td style=\"width: 10.3571%; height: 46px;\">\u00a0<\/td>\n<\/tr>\n<tr style=\"height: 46px;\">\n<td style=\"width: 9.40476%; height: 46px;\">16\/2023<\/td>\n<td style=\"width: 23.8095%; height: 46px;\">KG-STAV, Pere\u010d\u00ednska 2849\/1141, Snina\u00a0<\/td>\n<td style=\"width: 45.8333%; height: 46px;\"><a href=\"http:\/\/www.obecklenova.sk\/wp-content\/uploads\/2023\/10\/Dodatok-c.-1-k-zmluve-o-dielo-pristupovy-chodnik-na-cintorin.pdf\">Dodatok \u010d.1 k zmluve o dielo pr\u00edstupov\u00fd chodn\u00edk na cintor\u00edn\u00a0<\/a><\/td>\n<td style=\"width: 10.4762%; height: 46px;\">19.10.2023<\/td>\n<td style=\"width: 10.3571%; height: 46px;\">\u00a0<\/td>\n<\/tr>\n<tr style=\"height: 70px;\">\n<td style=\"width: 9.40476%; height: 70px;\">17\/2023<\/td>\n<td style=\"width: 23.8095%; height: 70px;\">Lekos, s.r.o,\u00a0 \u0160tefana Kukuru 154\/14, Michalovce<\/td>\n<td style=\"width: 45.8333%; height: 70px;\"><a href=\"http:\/\/www.obecklenova.sk\/wp-content\/uploads\/2023\/11\/Zmluva-o-spristupneni-komplexnych-elektronickych-komunikacnych-sluzieb-v-obci-Klenova_compressed.pdf\">Zmluva o spr\u00edstupnen\u00ed komplexn\u00fdch elektron. slu\u017eieb<\/a><\/td>\n<td style=\"width: 10.4762%; height: 70px;\">23.10.2023<\/td>\n<td style=\"width: 10.3571%; height: 70px;\">\u00a0<\/td>\n<\/tr>\n<tr style=\"height: 46px;\">\n<td style=\"width: 9.40476%; height: 46px;\">18\/2023<\/td>\n<td style=\"width: 23.8095%; height: 46px;\">Viktor VAjda, Partiz\u00e1nska 322, Bel\u00e1 nad Cir.<\/td>\n<td style=\"width: 45.8333%; height: 46px;\"><a href=\"http:\/\/www.obecklenova.sk\/wp-content\/uploads\/2023\/11\/Zmluva-o-dielo-oprava-kominov_compressed.pdf\">Zmluva o dielo &#8211; oprava kom\u00ednov bytovka\u00a0<\/a><\/td>\n<td style=\"width: 10.4762%; height: 46px;\">10.11.2023<\/td>\n<td style=\"width: 10.3571%; height: 46px;\">\u00a0<\/td>\n<\/tr>\n<tr style=\"height: 46px;\">\n<td style=\"width: 9.40476%; height: 46px;\">19\/2023<\/td>\n<td style=\"width: 23.8095%; height: 46px;\">F\u00fara, s.r.o., Rozhanovce, 36211451<\/td>\n<td style=\"width: 45.8333%; height: 46px;\"><a href=\"http:\/\/www.obecklenova.sk\/wp-content\/uploads\/2023\/11\/Dodatok-c.-1_2024-k-zmluve-o-poskytovani-sluzieb-v-oblasti-nakladania-s-odpadmi-20_2023.pdf\">Dodatok \u010d. 1 \/2024\u00a0<\/a><\/td>\n<td style=\"width: 10.4762%; height: 46px;\">16.11.2023<\/td>\n<td style=\"width: 10.3571%; height: 46px;\">\u00a0<\/td>\n<\/tr>\n<tr style=\"height: 23px;\">\n<td style=\"width: 9.40476%; height: 23px;\">20\/2023<\/td>\n<td style=\"width: 23.8095%; height: 23px;\">\u0160portov\u00fd klub Klenov\u00e1\u00a0<\/td>\n<td style=\"width: 45.8333%; height: 23px;\"><a href=\"http:\/\/www.obecklenova.sk\/wp-content\/uploads\/2023\/11\/Zmluva-o-poskytnuti-dotacie-19-2023.pdf\">Zmluva o poskytnut\u00ed dot\u00e1cie\u00a0<\/a><\/td>\n<td style=\"width: 10.4762%; height: 23px;\">16.11.2023<\/td>\n<td style=\"width: 10.3571%; height: 23px;\">\u00a0<\/td>\n<\/tr>\n<\/tbody>\n<\/table>\n","protected":false},"excerpt":{"rendered":"<p>\u010cislo zmluvy Dod\u00e1vate\u013e\/I\u010cO Predmet D\u00e1tum Pozn\u00e1mka 1\/2023 Zuzana Mandrikov\u00e1, Klenov\u00e1 65 N\u00e1jomn\u00e1 zmluva 2.1.2023 \u00a0 2\/2023 F\u00fara, s.r.o., Rozhanovce, 36211451 PR\u00edLOHA K zmluve\u00a0 22.2.2023 \u00a0 3\/2023 Naur-Pack, a.s., Bajkalsk\u00e1 25, 82101 Bratislava Dodatok \u010d. 5\u00a0 13.03.2023 \u00a0 4\/2023 \u0160portov\u00fd klub Klenov\u00e1\u00a0 Zmluva o poskytnut\u00ed fin. dot\u00e1cie z rozpo\u010dtu obce Klenov\u00e1 24.04.2023 \u00a0 5\/2023 Dobrovo\u013en\u00e1 po\u017eiarna [&hellip;]<\/p>\n","protected":false},"author":1,"featured_media":0,"parent":7049,"menu_order":0,"comment_status":"closed","ping_status":"closed","template":"","meta":{"footnotes":""},"class_list":["post-7046","page","type-page","status-publish","hentry"],"_links":{"self":[{"href":"http:\/\/www.obecklenova.sk\/index.php?rest_route=\/wp\/v2\/pages\/7046","targetHints":{"allow":["GET"]}}],"collection":[{"href":"http:\/\/www.obecklenova.sk\/index.php?rest_route=\/wp\/v2\/pages"}],"about":[{"href":"http:\/\/www.obecklenova.sk\/index.php?rest_route=\/wp\/v2\/types\/page"}],"author":[{"embeddable":true,"href":"http:\/\/www.obecklenova.sk\/index.php?rest_route=\/wp\/v2\/users\/1"}],"replies":[{"embeddable":true,"href":"http:\/\/www.obecklenova.sk\/index.php?rest_route=%2Fwp%2Fv2%2Fcomments&post=7046"}],"version-history":[{"count":27,"href":"http:\/\/www.obecklenova.sk\/index.php?rest_route=\/wp\/v2\/pages\/7046\/revisions"}],"predecessor-version":[{"id":7360,"href":"http:\/\/www.obecklenova.sk\/index.php?rest_route=\/wp\/v2\/pages\/7046\/revisions\/7360"}],"up":[{"embeddable":true,"href":"http:\/\/www.obecklenova.sk\/index.php?rest_route=\/wp\/v2\/pages\/7049"}],"wp:attachment":[{"href":"http:\/\/www.obecklenova.sk\/index.php?rest_route=%2Fwp%2Fv2%2Fmedia&parent=7046"}],"curies":[{"name":"wp","href":"https:\/\/api.w.org\/{rel}","templated":true}]}}