{"id":7052,"date":"2023-02-10T16:41:17","date_gmt":"2023-02-10T16:41:17","guid":{"rendered":"http:\/\/www.obecklenova.sk\/?page_id=7052"},"modified":"2023-12-22T08:15:25","modified_gmt":"2023-12-22T08:15:25","slug":"zmluvy-2023-zs-s-ms","status":"publish","type":"page","link":"http:\/\/www.obecklenova.sk\/?page_id=7052","title":{"rendered":"&#8211; Zmluvy 2023 (Z\u0160 s M\u0160)"},"content":{"rendered":"\n<table style=\"border-collapse: collapse; width: 100%; height: 345px;\">\n<tbody>\n<tr style=\"height: 26px;\">\n<td style=\"height: 46px;\"><strong>\u010cislo zmluvy<\/strong><\/td>\n<td style=\"height: 46px;\"><strong>Dod\u00e1vate\u013e\/I\u010cO<\/strong><\/td>\n<td style=\"height: 46px;\"><strong>Predmet<\/strong><\/td>\n<td style=\"height: 46px;\"><strong>D\u00e1tum<\/strong><\/td>\n<td style=\"height: 46px;\"><strong>Pozn\u00e1mka<\/strong><\/td>\n<\/tr>\n<tr style=\"height: 26px;\">\n<td style=\"height: 46px;\">1 2023<\/td>\n<td style=\"height: 46px;\">NIVAM, \u0160ev\u010denkova 11, Bratislava<\/td>\n<td style=\"height: 46px;\"><a href=\"http:\/\/www.obecklenova.sk\/wp-content\/uploads\/2023\/08\/Zluva-c.-2023_KGR_POP3ZS_PKPO_291_compressed.pdf\">Zmluva o vz\u00e1jomnej spolupr\u00e1ci pri implement\u00e1cii projektov\u00fdch aktiv\u00edt\u00a0<\/a><\/td>\n<td style=\"height: 46px;\">28.8.2023<\/td>\n<td style=\"height: 46px;\">\u00a0<\/td>\n<\/tr>\n<tr style=\"height: 26px;\">\n<td style=\"height: 23px;\">2 2023<\/td>\n<td style=\"height: 23px;\">Beky, a.s.,Snina<\/td>\n<td style=\"height: 23px;\"><a href=\"http:\/\/www.obecklenova.sk\/wp-content\/uploads\/2023\/09\/Zmluva-o-dodavkach-a-odberoch-tovaru-stiepka.pdf\">Zmluva o dod\u00e1vkach a odberoch tovaru\u00a0<\/a><\/td>\n<td style=\"height: 23px;\">19.9.2023<\/td>\n<td style=\"height: 23px;\">\u00a0<\/td>\n<\/tr>\n<tr style=\"height: 26px;\">\n<td style=\"height: 23px;\">\u00a0<\/td>\n<td style=\"height: 23px;\">\u00a0<\/td>\n<td style=\"height: 23px;\">\u00a0<\/td>\n<td style=\"height: 23px;\">\u00a0<\/td>\n<td style=\"height: 23px;\">\u00a0<\/td>\n<\/tr>\n<tr style=\"height: 26px;\">\n<td style=\"height: 23px;\">4 2023<\/td>\n<td style=\"height: 23px;\">Lekos, s.r.o, Michalovce<\/td>\n<td style=\"height: 23px;\"><a href=\"http:\/\/www.obecklenova.sk\/wp-content\/uploads\/2023\/12\/Zmluva-o-poskytovani-elektronickych-komunikacnych-sluzieb-1-1.pdf\">Zmluva o poskytovan\u00ed elektronick\u00fdch kom slu\u017eieb\u00a0<\/a><\/td>\n<td style=\"height: 23px;\">14.12.2023<\/td>\n<td style=\"height: 23px;\">\u00a0<\/td>\n<\/tr>\n<tr style=\"height: 26px;\">\n<td style=\"height: 23px;\">\u00a0<\/td>\n<td style=\"height: 23px;\">\u00a0<\/td>\n<td style=\"height: 23px;\">\u00a0<\/td>\n<td style=\"height: 23px;\">\u00a0<\/td>\n<td style=\"height: 23px;\">\u00a0<\/td>\n<\/tr>\n<tr style=\"height: 26px;\">\n<td style=\"height: 23px;\">\u00a0<\/td>\n<td style=\"height: 23px;\">\u00a0<\/td>\n<td style=\"height: 23px;\">\u00a0<\/td>\n<td style=\"height: 23px;\">\u00a0<\/td>\n<td style=\"height: 23px;\">\u00a0<\/td>\n<\/tr>\n<tr style=\"height: 26px;\">\n<td style=\"height: 23px;\">\u00a0<\/td>\n<td style=\"height: 23px;\">\u00a0<\/td>\n<td style=\"height: 23px;\">\u00a0<\/td>\n<td style=\"height: 23px;\">\u00a0<\/td>\n<td style=\"height: 23px;\">\u00a0<\/td>\n<\/tr>\n<tr style=\"height: 26px;\">\n<td style=\"height: 23px;\">\u00a0<\/td>\n<td style=\"height: 23px;\">\u00a0<\/td>\n<td style=\"height: 23px;\">\u00a0<\/td>\n<td style=\"height: 23px;\">\u00a0<\/td>\n<td style=\"height: 23px;\">\u00a0<\/td>\n<\/tr>\n<tr style=\"height: 26px;\">\n<td style=\"height: 23px;\">\u00a0<\/td>\n<td style=\"height: 23px;\">\u00a0<\/td>\n<td style=\"height: 23px;\">\u00a0<\/td>\n<td style=\"height: 23px;\">\u00a0<\/td>\n<td style=\"height: 23px;\">\u00a0<\/td>\n<\/tr>\n<tr style=\"height: 26px;\">\n<td style=\"height: 23px;\">\u00a0<\/td>\n<td style=\"height: 23px;\">\u00a0<\/td>\n<td style=\"height: 23px;\">\u00a0<\/td>\n<td style=\"height: 23px;\">\u00a0<\/td>\n<td style=\"height: 23px;\">\u00a0<\/td>\n<\/tr>\n<tr style=\"height: 26px;\">\n<td style=\"height: 23px;\">\u00a0<\/td>\n<td style=\"height: 23px;\">\u00a0<\/td>\n<td style=\"height: 23px;\">\u00a0<\/td>\n<td style=\"height: 23px;\">\u00a0<\/td>\n<td style=\"height: 23px;\">\u00a0<\/td>\n<\/tr>\n<tr style=\"height: 26px;\">\n<td style=\"height: 23px;\">\u00a0<\/td>\n<td style=\"height: 23px;\">\u00a0<\/td>\n<td style=\"height: 23px;\">\u00a0<\/td>\n<td style=\"height: 23px;\">\u00a0<\/td>\n<td style=\"height: 23px;\">\u00a0<\/td>\n<\/tr>\n<\/tbody>\n<\/table>\n","protected":false},"excerpt":{"rendered":"<p>\u010cislo zmluvy Dod\u00e1vate\u013e\/I\u010cO Predmet D\u00e1tum Pozn\u00e1mka 1 2023 NIVAM, \u0160ev\u010denkova 11, Bratislava Zmluva o vz\u00e1jomnej spolupr\u00e1ci pri implement\u00e1cii projektov\u00fdch aktiv\u00edt\u00a0 28.8.2023 \u00a0 2 2023 Beky, a.s.,Snina Zmluva o dod\u00e1vkach a odberoch tovaru\u00a0 19.9.2023 \u00a0 \u00a0 \u00a0 \u00a0 \u00a0 \u00a0 4 2023 Lekos, s.r.o, Michalovce Zmluva o poskytovan\u00ed elektronick\u00fdch kom slu\u017eieb\u00a0 14.12.2023 \u00a0 \u00a0 \u00a0 \u00a0 [&hellip;]<\/p>\n","protected":false},"author":1,"featured_media":0,"parent":7049,"menu_order":2,"comment_status":"closed","ping_status":"closed","template":"","meta":{"footnotes":""},"class_list":["post-7052","page","type-page","status-publish","hentry"],"_links":{"self":[{"href":"http:\/\/www.obecklenova.sk\/index.php?rest_route=\/wp\/v2\/pages\/7052","targetHints":{"allow":["GET"]}}],"collection":[{"href":"http:\/\/www.obecklenova.sk\/index.php?rest_route=\/wp\/v2\/pages"}],"about":[{"href":"http:\/\/www.obecklenova.sk\/index.php?rest_route=\/wp\/v2\/types\/page"}],"author":[{"embeddable":true,"href":"http:\/\/www.obecklenova.sk\/index.php?rest_route=\/wp\/v2\/users\/1"}],"replies":[{"embeddable":true,"href":"http:\/\/www.obecklenova.sk\/index.php?rest_route=%2Fwp%2Fv2%2Fcomments&post=7052"}],"version-history":[{"count":6,"href":"http:\/\/www.obecklenova.sk\/index.php?rest_route=\/wp\/v2\/pages\/7052\/revisions"}],"predecessor-version":[{"id":7385,"href":"http:\/\/www.obecklenova.sk\/index.php?rest_route=\/wp\/v2\/pages\/7052\/revisions\/7385"}],"up":[{"embeddable":true,"href":"http:\/\/www.obecklenova.sk\/index.php?rest_route=\/wp\/v2\/pages\/7049"}],"wp:attachment":[{"href":"http:\/\/www.obecklenova.sk\/index.php?rest_route=%2Fwp%2Fv2%2Fmedia&parent=7052"}],"curies":[{"name":"wp","href":"https:\/\/api.w.org\/{rel}","templated":true}]}}