{"id":7071,"date":"2023-02-10T16:50:04","date_gmt":"2023-02-10T16:50:04","guid":{"rendered":"http:\/\/www.obecklenova.sk\/?page_id=7071"},"modified":"2024-01-04T08:39:41","modified_gmt":"2024-01-04T08:39:41","slug":"faktury-2023-zs-s-ms","status":"publish","type":"page","link":"http:\/\/www.obecklenova.sk\/?page_id=7071","title":{"rendered":"&#8211; Fakt\u00fary 2023 (Z\u0160 s M\u0160)"},"content":{"rendered":"\n<p>Fakt\u00fary za 1\/2023, zverejnen\u00e9 d\u0148a 2.1.2023&nbsp; , <a href=\"http:\/\/www.obecklenova.sk\/wp-content\/uploads\/2023\/02\/ZS-Faktury-1-2023.pdf\">fakt\u00fary zoznam<\/a><\/p>\n\n\n\n<p>Fakt\u00fary 2\/2023,\u00a0 zverejnen\u00e9 d\u0148a 1.3.2023, <a href=\"http:\/\/www.obecklenova.sk\/wp-content\/uploads\/2023\/05\/Faktury-ZS-za-2-2023.pdf\">zoznam\u00a0<\/a><\/p>\n<p>Fakt\u00fary 3\/2023, zverejnen\u00e9 d\u0148a 1.4.2023, <a href=\"http:\/\/www.obecklenova.sk\/wp-content\/uploads\/2023\/05\/Faktury-3-2023.pdf\">zoznam\u00a0<\/a><\/p>\n<p>\u00a0<\/p>\n\n\n\n<p>Fakt\u00fary za 4\/2023, zverejnen\u00e9 d\u0148a 2.5.2023, <a href=\"http:\/\/www.obecklenova.sk\/wp-content\/uploads\/2023\/05\/Faktury-ZS-za-4-2023.pdf\">zoznam\u00a0<\/a><\/p>\n<p>Fakt\u00fary za 5\/2023, zverejnen\u00e9 d\u0148a 1.62023, <a href=\"http:\/\/www.obecklenova.sk\/wp-content\/uploads\/2023\/06\/Faktury-za-5-2023.pdf\">zoznam\u00a0<\/a><\/p>\n<p>Fakt\u00fary za 6\/2023, zverejnen\u00e9 d\u0148a 1.7.2023, <a href=\"http:\/\/www.obecklenova.sk\/wp-content\/uploads\/2023\/07\/Faktury-ZS-s-MS-za-6-2023.pdf\">zoznam\u00a0<\/a><\/p>\n<p>Fakt\u00fary za 7 \/2023, zverejnen\u00e9 d\u0148a 1.8.2023, <a href=\"http:\/\/www.obecklenova.sk\/wp-content\/uploads\/2023\/08\/Faktury-za-7-2023.pdf\">zoznam\u00a0<\/a><\/p>\n<p>Fakt\u00fary za 8\/2023, zverejnen\u00e9 d\u0148a 4.9.2023, <a href=\"http:\/\/www.obecklenova.sk\/wp-content\/uploads\/2023\/09\/FAktury-ZS-8-2023.pdf\">zoznam<\/a><\/p>\n<p>Fakt\u00fary za 9 \/2023, zverejnen\u00e9 d\u0148a 2.10.2023, <a href=\"http:\/\/www.obecklenova.sk\/wp-content\/uploads\/2023\/10\/FAktury-ZS-s-MS-9-2023.pdf\">zoznam<\/a><\/p>\n<p>Fakt\u00fary za 10\/2023, zverejnen\u00e9 d\u0148a 2.11.2023, <a href=\"http:\/\/www.obecklenova.sk\/wp-content\/uploads\/2023\/11\/Faktury-za-10-2023.pdf\">zoznam\u00a0<\/a><\/p>\n<p>Fakt\u00fary za 11 \/2023, zverejnen\u00e9 d\u0148a 1.12.2023,\u00a0 <a href=\"http:\/\/www.obecklenova.sk\/wp-content\/uploads\/2024\/01\/Faktury-za-11-2023-1.pdf\">zoznam<\/a><\/p>\n<p>Fakt\u00fary za 12\/2023, zverejnen\u00e9 d\u0148a 2.1.2024, <a href=\"http:\/\/www.obecklenova.sk\/wp-content\/uploads\/2024\/01\/Faktury-za-12-2023-ZS-s-MS.pdf\">zoznam<\/a><\/p>\n","protected":false},"excerpt":{"rendered":"<p>Fakt\u00fary za 1\/2023, zverejnen\u00e9 d\u0148a 2.1.2023&nbsp; , fakt\u00fary zoznam Fakt\u00fary 2\/2023,\u00a0 zverejnen\u00e9 d\u0148a 1.3.2023, zoznam\u00a0 Fakt\u00fary 3\/2023, zverejnen\u00e9 d\u0148a 1.4.2023, zoznam\u00a0 \u00a0 Fakt\u00fary za 4\/2023, zverejnen\u00e9 d\u0148a 2.5.2023, zoznam\u00a0 Fakt\u00fary za 5\/2023, zverejnen\u00e9 d\u0148a 1.62023, zoznam\u00a0 Fakt\u00fary za 6\/2023, zverejnen\u00e9 d\u0148a 1.7.2023, zoznam\u00a0 Fakt\u00fary za 7 \/2023, zverejnen\u00e9 d\u0148a 1.8.2023, zoznam\u00a0 Fakt\u00fary za 8\/2023, zverejnen\u00e9 [&hellip;]<\/p>\n","protected":false},"author":1,"featured_media":0,"parent":7067,"menu_order":0,"comment_status":"closed","ping_status":"closed","template":"","meta":{"footnotes":""},"class_list":["post-7071","page","type-page","status-publish","hentry"],"_links":{"self":[{"href":"http:\/\/www.obecklenova.sk\/index.php?rest_route=\/wp\/v2\/pages\/7071","targetHints":{"allow":["GET"]}}],"collection":[{"href":"http:\/\/www.obecklenova.sk\/index.php?rest_route=\/wp\/v2\/pages"}],"about":[{"href":"http:\/\/www.obecklenova.sk\/index.php?rest_route=\/wp\/v2\/types\/page"}],"author":[{"embeddable":true,"href":"http:\/\/www.obecklenova.sk\/index.php?rest_route=\/wp\/v2\/users\/1"}],"replies":[{"embeddable":true,"href":"http:\/\/www.obecklenova.sk\/index.php?rest_route=%2Fwp%2Fv2%2Fcomments&post=7071"}],"version-history":[{"count":25,"href":"http:\/\/www.obecklenova.sk\/index.php?rest_route=\/wp\/v2\/pages\/7071\/revisions"}],"predecessor-version":[{"id":7397,"href":"http:\/\/www.obecklenova.sk\/index.php?rest_route=\/wp\/v2\/pages\/7071\/revisions\/7397"}],"up":[{"embeddable":true,"href":"http:\/\/www.obecklenova.sk\/index.php?rest_route=\/wp\/v2\/pages\/7067"}],"wp:attachment":[{"href":"http:\/\/www.obecklenova.sk\/index.php?rest_route=%2Fwp%2Fv2%2Fmedia&parent=7071"}],"curies":[{"name":"wp","href":"https:\/\/api.w.org\/{rel}","templated":true}]}}