{"id":7073,"date":"2023-02-10T16:50:22","date_gmt":"2023-02-10T16:50:22","guid":{"rendered":"http:\/\/www.obecklenova.sk\/?page_id=7073"},"modified":"2023-05-22T07:40:39","modified_gmt":"2023-05-22T07:40:39","slug":"faktury-2023-sj","status":"publish","type":"page","link":"http:\/\/www.obecklenova.sk\/?page_id=7073","title":{"rendered":"&#8211; Fakt\u00fary 2023 (\u0160J)"},"content":{"rendered":"\n<p>Fakt\u00fary za 1 2023<\/p>\n<p>Fakt\u00fary za 2 2023<\/p>\n<p>Fakt\u00fary za 3 2023<\/p>\n<p>Fakt\u00fary za 4 2023, <a href=\"http:\/\/www.obecklenova.sk\/wp-content\/uploads\/2023\/05\/Faktury-SJ-za-4-2023.pdf\">zoznam\u00a0<\/a><\/p>\n","protected":false},"excerpt":{"rendered":"<p>Fakt\u00fary za 1 2023 Fakt\u00fary za 2 2023 Fakt\u00fary za 3 2023 Fakt\u00fary za 4 2023, zoznam\u00a0<\/p>\n","protected":false},"author":1,"featured_media":0,"parent":7067,"menu_order":0,"comment_status":"closed","ping_status":"closed","template":"","meta":{"footnotes":""},"class_list":["post-7073","page","type-page","status-publish","hentry"],"_links":{"self":[{"href":"http:\/\/www.obecklenova.sk\/index.php?rest_route=\/wp\/v2\/pages\/7073","targetHints":{"allow":["GET"]}}],"collection":[{"href":"http:\/\/www.obecklenova.sk\/index.php?rest_route=\/wp\/v2\/pages"}],"about":[{"href":"http:\/\/www.obecklenova.sk\/index.php?rest_route=\/wp\/v2\/types\/page"}],"author":[{"embeddable":true,"href":"http:\/\/www.obecklenova.sk\/index.php?rest_route=\/wp\/v2\/users\/1"}],"replies":[{"embeddable":true,"href":"http:\/\/www.obecklenova.sk\/index.php?rest_route=%2Fwp%2Fv2%2Fcomments&post=7073"}],"version-history":[{"count":2,"href":"http:\/\/www.obecklenova.sk\/index.php?rest_route=\/wp\/v2\/pages\/7073\/revisions"}],"predecessor-version":[{"id":7171,"href":"http:\/\/www.obecklenova.sk\/index.php?rest_route=\/wp\/v2\/pages\/7073\/revisions\/7171"}],"up":[{"embeddable":true,"href":"http:\/\/www.obecklenova.sk\/index.php?rest_route=\/wp\/v2\/pages\/7067"}],"wp:attachment":[{"href":"http:\/\/www.obecklenova.sk\/index.php?rest_route=%2Fwp%2Fv2%2Fmedia&parent=7073"}],"curies":[{"name":"wp","href":"https:\/\/api.w.org\/{rel}","templated":true}]}}