{"id":7444,"date":"2024-02-13T10:47:43","date_gmt":"2024-02-13T10:47:43","guid":{"rendered":"http:\/\/www.obecklenova.sk\/?page_id=7444"},"modified":"2026-03-10T07:31:28","modified_gmt":"2026-03-10T07:31:28","slug":"objednavky-2024-zs-s-ms","status":"publish","type":"page","link":"http:\/\/www.obecklenova.sk\/?page_id=7444","title":{"rendered":"&#8211; Objedn\u00e1vky 2024 (Z\u0160 s M\u0160),2025"},"content":{"rendered":"\n<p>Objedn\u00e1vky, <a href=\"http:\/\/www.obecklenova.sk\/wp-content\/uploads\/2024\/04\/Objednavky-2024.pdf\">zoznam\u00a0<\/a><\/p>\n<p>Objedn\u00e1vky za rok 2024, <a href=\"http:\/\/www.obecklenova.sk\/wp-content\/uploads\/2025\/02\/Objednavky-za-rok-2024.pdf\">zoznam<\/a><\/p>\n<p>Objedn\u00e1vky za rok 2025, <a href=\"http:\/\/www.obecklenova.sk\/wp-content\/uploads\/2026\/03\/Objednavky-za-2025.pdf\">zoznam<\/a><\/p>\n","protected":false},"excerpt":{"rendered":"<p>Objedn\u00e1vky, zoznam\u00a0 Objedn\u00e1vky za rok 2024, zoznam Objedn\u00e1vky za rok 2025, zoznam<\/p>\n","protected":false},"author":1,"featured_media":0,"parent":7441,"menu_order":0,"comment_status":"closed","ping_status":"closed","template":"","meta":{"footnotes":""},"class_list":["post-7444","page","type-page","status-publish","hentry"],"_links":{"self":[{"href":"http:\/\/www.obecklenova.sk\/index.php?rest_route=\/wp\/v2\/pages\/7444","targetHints":{"allow":["GET"]}}],"collection":[{"href":"http:\/\/www.obecklenova.sk\/index.php?rest_route=\/wp\/v2\/pages"}],"about":[{"href":"http:\/\/www.obecklenova.sk\/index.php?rest_route=\/wp\/v2\/types\/page"}],"author":[{"embeddable":true,"href":"http:\/\/www.obecklenova.sk\/index.php?rest_route=\/wp\/v2\/users\/1"}],"replies":[{"embeddable":true,"href":"http:\/\/www.obecklenova.sk\/index.php?rest_route=%2Fwp%2Fv2%2Fcomments&post=7444"}],"version-history":[{"count":4,"href":"http:\/\/www.obecklenova.sk\/index.php?rest_route=\/wp\/v2\/pages\/7444\/revisions"}],"predecessor-version":[{"id":8055,"href":"http:\/\/www.obecklenova.sk\/index.php?rest_route=\/wp\/v2\/pages\/7444\/revisions\/8055"}],"up":[{"embeddable":true,"href":"http:\/\/www.obecklenova.sk\/index.php?rest_route=\/wp\/v2\/pages\/7441"}],"wp:attachment":[{"href":"http:\/\/www.obecklenova.sk\/index.php?rest_route=%2Fwp%2Fv2%2Fmedia&parent=7444"}],"curies":[{"name":"wp","href":"https:\/\/api.w.org\/{rel}","templated":true}]}}