{"id":8023,"date":"2026-03-02T20:05:05","date_gmt":"2026-03-02T20:05:05","guid":{"rendered":"http:\/\/www.obecklenova.sk\/?page_id=8023"},"modified":"2026-04-29T08:12:26","modified_gmt":"2026-04-29T08:12:26","slug":"faktury-zs-s-ms-2026","status":"publish","type":"page","link":"http:\/\/www.obecklenova.sk\/?page_id=8023","title":{"rendered":"&#8211; Fakt\u00fary Z\u0160 s M\u0160 2026"},"content":{"rendered":"\n\n\n<p><a href=\"http:\/\/www.obecklenova.sk\/wp-content\/uploads\/2026\/03\/Faktury-1-2026.pdf\">fakt\u00fary <\/a>za 01\/2026, zverejnen\u00e9, x.x.2026<\/p>\n<p><a href=\"http:\/\/www.obecklenova.sk\/wp-content\/uploads\/2026\/03\/Faktury-2-2026.pdf\">Fakt\u00fary<\/a> za 02\/2026, zverenen\u00e9, 2.3.2026<\/p>\n\n\n\n<p><a href=\"http:\/\/www.obecklenova.sk\/wp-content\/uploads\/2026\/04\/Faktury-3-2026.pdf\">Fakt\u00fary<\/a> za 3\/2026, zverejnen\u00e9 7,4,2026\u00a0<\/p>\n\n\n\n<p><a href=\"http:\/\/www.obecklenova.sk\/wp-content\/uploads\/2026\/04\/Faktury-4-2026.pdf\">Fakt\u00fary<\/a> za 4\/2026, zverejnen\u00e9, 29.4.2026<\/p>\n","protected":false},"excerpt":{"rendered":"<p>fakt\u00fary za 01\/2026, zverejnen\u00e9, x.x.2026 Fakt\u00fary za 02\/2026, zverenen\u00e9, 2.3.2026 Fakt\u00fary za 3\/2026, zverejnen\u00e9 7,4,2026\u00a0 Fakt\u00fary za 4\/2026, zverejnen\u00e9, 29.4.2026<\/p>\n","protected":false},"author":1,"featured_media":0,"parent":8027,"menu_order":0,"comment_status":"closed","ping_status":"closed","template":"","meta":{"footnotes":""},"class_list":["post-8023","page","type-page","status-publish","hentry"],"_links":{"self":[{"href":"http:\/\/www.obecklenova.sk\/index.php?rest_route=\/wp\/v2\/pages\/8023","targetHints":{"allow":["GET"]}}],"collection":[{"href":"http:\/\/www.obecklenova.sk\/index.php?rest_route=\/wp\/v2\/pages"}],"about":[{"href":"http:\/\/www.obecklenova.sk\/index.php?rest_route=\/wp\/v2\/types\/page"}],"author":[{"embeddable":true,"href":"http:\/\/www.obecklenova.sk\/index.php?rest_route=\/wp\/v2\/users\/1"}],"replies":[{"embeddable":true,"href":"http:\/\/www.obecklenova.sk\/index.php?rest_route=%2Fwp%2Fv2%2Fcomments&post=8023"}],"version-history":[{"count":6,"href":"http:\/\/www.obecklenova.sk\/index.php?rest_route=\/wp\/v2\/pages\/8023\/revisions"}],"predecessor-version":[{"id":8120,"href":"http:\/\/www.obecklenova.sk\/index.php?rest_route=\/wp\/v2\/pages\/8023\/revisions\/8120"}],"up":[{"embeddable":true,"href":"http:\/\/www.obecklenova.sk\/index.php?rest_route=\/wp\/v2\/pages\/8027"}],"wp:attachment":[{"href":"http:\/\/www.obecklenova.sk\/index.php?rest_route=%2Fwp%2Fv2%2Fmedia&parent=8023"}],"curies":[{"name":"wp","href":"https:\/\/api.w.org\/{rel}","templated":true}]}}