{"id":8033,"date":"2026-03-02T20:12:00","date_gmt":"2026-03-02T20:12:00","guid":{"rendered":"http:\/\/www.obecklenova.sk\/?page_id=8033"},"modified":"2026-03-25T08:36:07","modified_gmt":"2026-03-25T08:36:07","slug":"objednavky-zs-s-ms-2026","status":"publish","type":"page","link":"http:\/\/www.obecklenova.sk\/?page_id=8033","title":{"rendered":"&#8211; Objedn\u00e1vky Z\u0160 s M\u0160 2026"},"content":{"rendered":"\n<p>Objedn\u00e1vky 2026, <a href=\"http:\/\/www.obecklenova.sk\/wp-content\/uploads\/2026\/03\/Objednivky-2026.pdf\">zoznam<\/a><\/p>\n","protected":false},"excerpt":{"rendered":"<p>Objedn\u00e1vky 2026, zoznam<\/p>\n","protected":false},"author":1,"featured_media":0,"parent":8029,"menu_order":0,"comment_status":"closed","ping_status":"closed","template":"","meta":{"footnotes":""},"class_list":["post-8033","page","type-page","status-publish","hentry"],"_links":{"self":[{"href":"http:\/\/www.obecklenova.sk\/index.php?rest_route=\/wp\/v2\/pages\/8033","targetHints":{"allow":["GET"]}}],"collection":[{"href":"http:\/\/www.obecklenova.sk\/index.php?rest_route=\/wp\/v2\/pages"}],"about":[{"href":"http:\/\/www.obecklenova.sk\/index.php?rest_route=\/wp\/v2\/types\/page"}],"author":[{"embeddable":true,"href":"http:\/\/www.obecklenova.sk\/index.php?rest_route=\/wp\/v2\/users\/1"}],"replies":[{"embeddable":true,"href":"http:\/\/www.obecklenova.sk\/index.php?rest_route=%2Fwp%2Fv2%2Fcomments&post=8033"}],"version-history":[{"count":4,"href":"http:\/\/www.obecklenova.sk\/index.php?rest_route=\/wp\/v2\/pages\/8033\/revisions"}],"predecessor-version":[{"id":8074,"href":"http:\/\/www.obecklenova.sk\/index.php?rest_route=\/wp\/v2\/pages\/8033\/revisions\/8074"}],"up":[{"embeddable":true,"href":"http:\/\/www.obecklenova.sk\/index.php?rest_route=\/wp\/v2\/pages\/8029"}],"wp:attachment":[{"href":"http:\/\/www.obecklenova.sk\/index.php?rest_route=%2Fwp%2Fv2%2Fmedia&parent=8033"}],"curies":[{"name":"wp","href":"https:\/\/api.w.org\/{rel}","templated":true}]}}